{"id":640,"date":"2022-09-16T03:40:56","date_gmt":"2022-09-16T03:40:56","guid":{"rendered":"https:\/\/www.largepillow.com\/product\/leg-elevation-pillow-2"},"modified":"2025-11-24T12:37:09","modified_gmt":"2025-11-24T12:37:09","slug":"cojin-para-cabecera","status":"publish","type":"product","link":"https:\/\/www.largepillow.com\/es\/product\/cushion-for-headboard","title":{"rendered":"Coj\u00edn Para Cabecero"},"content":{"rendered":"<p>El coj\u00edn para cabecera: \u00a1la m\u00e1xima comodidad que estabas buscando! Esta almohada para cabecera est\u00e1 dise\u00f1ada pensando en su comodidad y es perfecta para leer, mirar televisi\u00f3n o simplemente dormir bien por la noche. Es multifuncional, elegante y una excelente adici\u00f3n a cualquier dormitorio.<\/p>\n<p>Nuestra almohada de refuerzo grande se puede utilizar de varias maneras: como almohada de lectura para apoyar la espalda, almohada de cu\u00f1a larga o almohada para elevar las piernas. Est\u00e1 fabricado con fibras de poli\u00e9ster de alta densidad y calidad que evitan que se hunda incluso despu\u00e9s de meses de uso. La funda de almohada est\u00e1 hecha de poli\u00e9ster 100% con una textura entretejida y puntadas exquisitas que son resistentes por todas partes.<\/p>\n<p>Una de las mejores caracter\u00edsticas de esta almohada de cabecera es que es f\u00e1cil de limpiar. Simplemente retire la funda con una simple cremallera y lave r\u00e1pidamente a m\u00e1quina para que su almohada luzca como nueva.<\/p>\n<p>Pero eso no es todo: nuestra almohada para cabecera tambi\u00e9n cuenta con un pr\u00e1ctico bolsillo lateral, lo que garantiza que nunca m\u00e1s perder\u00e1 su control remoto. Es el bolsillo de almacenamiento perfecto para todos tus elementos esenciales.<\/p>\n<p>Ofrecemos diferentes tama\u00f1os de este coj\u00edn, desde 45 cm hasta 200 cm. Puedes elegir el tama\u00f1o que mejor se adapte a tu cama y cabecero. El coj\u00edn est\u00e1 fabricado con tejido mezcla de poli\u00e9ster y lino, un material c\u00f3modo y duradero.<\/p>\n<p>No conf\u00ede s\u00f3lo en nuestra palabra, aqu\u00ed hay algunos comentarios de nuestros clientes satisfechos:<\/p>\n<p>\u201cMe encanta este coj\u00edn. Es muy c\u00f3modo y resistente. Lo uso todas las noches para leer antes de dormir\u201d.<\/p>\n<p>\u201cLa tela es de alta calidad y el coj\u00edn est\u00e1 muy bien hecho. Me encanta el bolsillo lateral porque es muy pr\u00e1ctico\u201d.<\/p>\n<p>\u201cEste coj\u00edn ha hecho que mi cama sea mucho m\u00e1s c\u00f3moda. Es como tener un nidito acogedor en el que relajarse\u201d.<\/p>\n<p>En conclusi\u00f3n, si buscas una almohada de cabecera c\u00f3moda y multifuncional, nuestro Coj\u00edn Para Cabecera es la elecci\u00f3n perfecta para ti. Es elegante, funcional y f\u00e1cil de limpiar. \u00a1Pide el tuyo hoy y experimenta la m\u00e1xima comodidad!<\/p>","protected":false},"excerpt":{"rendered":"<ul>\n<li><strong>M\u00e1xima comodidad:<\/strong> Nuestra almohada para cabecera est\u00e1 dise\u00f1ada para brindarle la m\u00e1xima comodidad mientras lee, mira televisi\u00f3n o duerme. \u00a1Es perfecto para la cama, el sof\u00e1, el div\u00e1n y m\u00e1s!<\/li>\n<li><strong>Dise\u00f1o multifuncional:<\/strong> Nuestra almohada de refuerzo grande se puede utilizar de varias maneras: como almohada de lectura para apoyar la espalda, almohada de cu\u00f1a larga o almohada para elevar las piernas. Es elegante y funcional, lo que lo convierte en una excelente adici\u00f3n a cualquier dormitorio.<\/li>\n<li><strong>Materiales de primera calidad:<\/strong> Nuestra funda de almohada est\u00e1 hecha de poli\u00e9ster 100% con una textura entretejida y puntadas exquisitas que son resistentes por todas partes. El acolchado est\u00e1 fabricado con fibras de poli\u00e9ster de alta densidad y alta calidad que evitan que se hunda incluso despu\u00e9s de meses de uso.<\/li>\n<li><strong>F\u00e1cil de limpiar:<\/strong> La funda de almohada de la cabecera se fija a la almohada con botones y es f\u00e1cil de quitar con una simple cremallera. Simplemente retire la funda y lave r\u00e1pidamente a m\u00e1quina para que su almohada luzca como nueva.<\/li>\n<li><strong>Bolsillo de almacenamiento perfecto:<\/strong> Nuestra almohada para cabecera cuenta con un pr\u00e1ctico bolsillo lateral, lo que garantiza que nunca m\u00e1s perder\u00e1 su control remoto.<\/li>\n<li><strong>Tela:<\/strong>\u00a0Mezcla de poli\u00e9ster y lino.<\/li>\n<li><strong>Tama\u00f1o:<\/strong> 45 cm (largo 45 x ancho 20 x alto 50 | 0 botones), 60 cm (largo 60 x ancho 20 x alto 50 | 0 botones), 80 cm (largo 80 x ancho 20 x alto 50 | 2 botones), 100 cm (largo 100 x ancho 20 x alto 50 | 3 botones), 120 cm ( L120 x W20 x H50 | 4 botones), 140 cm (L140 x W20 x H50 | 4 botones), 160 cm (L160 x W20 x H50 | 5 botones), 180 cm (L180 x W20 x H50 | 6 botones), 200 cm (L200 x W20 x H50 | 7 botones).<\/li>\n<\/ul>","protected":false},"featured_media":624,"comment_status":"open","ping_status":"closed","template":"","meta":[],"product_brand":[],"product_cat":[15],"product_tag":[66,187,195,196,192,189,184,143,59],"class_list":{"0":"post-640","1":"product","2":"type-product","3":"status-publish","4":"has-post-thumbnail","6":"product_cat-large-wedge-pillow","7":"product_tag-back-support-pillow","8":"product_tag-back-support-reading-pillow","9":"product_tag-brown-pillow","10":"product_tag-cushion-for-headboard","11":"product_tag-headboard-cushion","12":"product_tag-linen-pillow","13":"product_tag-long-wedge-pillow","14":"product_tag-multifunctional-pillow","15":"product_tag-reading-pillow","17":"first","18":"instock","19":"shipping-taxable","20":"purchasable","21":"product-type-variable"},"_links":{"self":[{"href":"https:\/\/www.largepillow.com\/es\/wp-json\/wp\/v2\/product\/640","targetHints":{"allow":["GET"]}}],"collection":[{"href":"https:\/\/www.largepillow.com\/es\/wp-json\/wp\/v2\/product"}],"about":[{"href":"https:\/\/www.largepillow.com\/es\/wp-json\/wp\/v2\/types\/product"}],"replies":[{"embeddable":true,"href":"https:\/\/www.largepillow.com\/es\/wp-json\/wp\/v2\/comments?post=640"}],"wp:featuredmedia":[{"embeddable":true,"href":"https:\/\/www.largepillow.com\/es\/wp-json\/wp\/v2\/media\/624"}],"wp:attachment":[{"href":"https:\/\/www.largepillow.com\/es\/wp-json\/wp\/v2\/media?parent=640"}],"wp:term":[{"taxonomy":"product_brand","embeddable":true,"href":"https:\/\/www.largepillow.com\/es\/wp-json\/wp\/v2\/product_brand?post=640"},{"taxonomy":"product_cat","embeddable":true,"href":"https:\/\/www.largepillow.com\/es\/wp-json\/wp\/v2\/product_cat?post=640"},{"taxonomy":"product_tag","embeddable":true,"href":"https:\/\/www.largepillow.com\/es\/wp-json\/wp\/v2\/product_tag?post=640"}],"curies":[{"name":"Gracias","href":"https:\/\/api.w.org\/{rel}","templated":true}]}}