{"id":665,"date":"2022-09-16T03:51:40","date_gmt":"2022-09-16T03:51:40","guid":{"rendered":"https:\/\/www.largepillow.com\/product\/bed-wedge-cushion"},"modified":"2025-12-13T21:06:55","modified_gmt":"2025-12-13T21:06:55","slug":"cabecero-de-cama-cojin","status":"publish","type":"product","link":"https:\/\/www.largepillow.com\/es\/product\/bed-headboard-cushion","title":{"rendered":"Coj\u00edn de cabecero de cama"},"content":{"rendered":"<p>Nuestro coj\u00edn para cabecera de cama: su soluci\u00f3n definitiva para mayor comodidad y conveniencia. Ya sea que est\u00e9 leyendo, viendo televisi\u00f3n o durmiendo, nuestra almohada para cabecera est\u00e1 dise\u00f1ada para brindar comodidad y soporte \u00f3ptimos para su cabeza, espalda y piernas.<\/p>\n<p>Fabricada con una mezcla premium de poli\u00e9ster y lino, nuestra funda de almohada presenta una textura entretejida y costuras exquisitas que son resistentes y duraderas. El acolchado est\u00e1 fabricado con fibras de poli\u00e9ster de alta densidad y alta calidad que evitan la flacidez, incluso despu\u00e9s de meses de uso.<\/p>\n<p>Nuestra almohada de refuerzo grande es multifuncional y se puede utilizar como almohada de lectura para apoyar la espalda, almohada de cu\u00f1a larga o almohada para elevar las piernas. Es elegante y funcional, lo que lo convierte en una excelente adici\u00f3n a cualquier dormitorio.<\/p>\n<p>Una de las caracter\u00edsticas favoritas de nuestros clientes es la cubierta f\u00e1cil de limpiar. Se fija con botones y una cremallera, simplemente retire la funda y lave r\u00e1pidamente a m\u00e1quina para que su almohada luzca como nueva.<\/p>\n<p>Pero eso no es todo: nuestra almohada para cabecera tambi\u00e9n incluye un pr\u00e1ctico bolsillo lateral para almacenamiento. \u00a1Nunca m\u00e1s perder\u00e1s tu control remoto!<\/p>\n<p>Ofrecemos una variedad de tama\u00f1os para adaptarse a cualquier cama: 45 cm, 60 cm, 80 cm, 100 cm, 120 cm, 140 cm, 160 cm, 180 cm y 200 cm, todos con diferentes n\u00fameros de botones para adaptarse perfectamente al marco de su cama.<\/p>\n<p>Un cliente satisfecho dijo: \u201cMe encanta este coj\u00edn para la cabecera de la cama. El material de algod\u00f3n y lino es suave y c\u00f3modo. El color azul es precioso y combina perfectamente con mi ropa de cama. Adem\u00e1s, el bolsillo lateral es muy \u00fatil para mi tel\u00e9fono y mi control remoto\u201d.<\/p>\n<p>Invierta en su comodidad con nuestro coj\u00edn para cabecera de cama. Haz tu pedido ahora y transforma tu cama en un refugio acogedor.<\/p>","protected":false},"excerpt":{"rendered":"<ul>\n<li><strong>M\u00e1xima comodidad:<\/strong> Nuestra almohada para cabecera est\u00e1 dise\u00f1ada para brindarle la m\u00e1xima comodidad mientras lee, mira televisi\u00f3n o duerme. \u00a1Es perfecto para la cama, el sof\u00e1, el div\u00e1n y m\u00e1s!<\/li>\n<li><strong>Dise\u00f1o multifuncional:<\/strong> Nuestra almohada de refuerzo grande se puede utilizar de varias maneras: como almohada de lectura para apoyar la espalda, almohada de cu\u00f1a larga o almohada para elevar las piernas. Es elegante y funcional, lo que lo convierte en una excelente adici\u00f3n a cualquier dormitorio.<\/li>\n<li><strong>Materiales de primera calidad:<\/strong> Nuestra funda de almohada est\u00e1 hecha de poli\u00e9ster 100% con una textura entretejida y puntadas exquisitas que son resistentes por todas partes. El acolchado est\u00e1 fabricado con fibras de poli\u00e9ster de alta densidad y alta calidad que evitan que se hunda incluso despu\u00e9s de meses de uso.<\/li>\n<li><strong>F\u00e1cil de limpiar:<\/strong> La funda de almohada de la cabecera se fija a la almohada con botones y es f\u00e1cil de quitar con una simple cremallera. Simplemente retire la funda y lave r\u00e1pidamente a m\u00e1quina para que su almohada luzca como nueva.<\/li>\n<li><strong>Bolsillo de almacenamiento perfecto:<\/strong> Nuestra almohada para cabecera cuenta con un pr\u00e1ctico bolsillo lateral, lo que garantiza que nunca m\u00e1s perder\u00e1 su control remoto.<\/li>\n<li><strong>Tela:<\/strong>\u00a0Mezcla de poli\u00e9ster y lino.<\/li>\n<li><strong>Tama\u00f1o:<\/strong> 45 cm (largo 45 x ancho 20 x alto 50 | 0 botones), 60 cm (largo 60 x ancho 20 x alto 50 | 0 botones), 80 cm (largo 80 x ancho 20 x alto 50 | 2 botones), 100 cm (largo 100 x ancho 20 x alto 50 | 3 botones), 120 cm ( L120 x W20 x H50 | 4 botones), 140 cm (L140 x W20 x H50 | 4 botones), 160 cm (L160 x W20 x H50 | 5 botones), 180 cm (L180 x W20 x H50 | 6 botones), 200 cm (L200 x W20 x H50 | 7 botones).<\/li>\n<\/ul>","protected":false},"featured_media":650,"comment_status":"open","ping_status":"closed","template":"","meta":[],"product_brand":[],"product_cat":[15],"product_tag":[193,194,75,192,191,189,143,59,71,167,68],"class_list":{"0":"post-665","1":"product","2":"type-product","3":"status-publish","4":"has-post-thumbnail","6":"product_cat-large-wedge-pillow","7":"product_tag-bed-headboard-cushion","8":"product_tag-blue-pillow","9":"product_tag-daybed-pillow","10":"product_tag-headboard-cushion","11":"product_tag-headboard-pillow-wedge","12":"product_tag-linen-pillow","13":"product_tag-multifunctional-pillow","14":"product_tag-reading-pillow","15":"product_tag-tv-pillow","16":"product_tag-wedge-bolster-pillow","17":"product_tag-wedge-reading-pillow","19":"first","20":"instock","21":"featured","22":"shipping-taxable","23":"purchasable","24":"product-type-variable"},"_links":{"self":[{"href":"https:\/\/www.largepillow.com\/es\/wp-json\/wp\/v2\/product\/665","targetHints":{"allow":["GET"]}}],"collection":[{"href":"https:\/\/www.largepillow.com\/es\/wp-json\/wp\/v2\/product"}],"about":[{"href":"https:\/\/www.largepillow.com\/es\/wp-json\/wp\/v2\/types\/product"}],"replies":[{"embeddable":true,"href":"https:\/\/www.largepillow.com\/es\/wp-json\/wp\/v2\/comments?post=665"}],"wp:featuredmedia":[{"embeddable":true,"href":"https:\/\/www.largepillow.com\/es\/wp-json\/wp\/v2\/media\/650"}],"wp:attachment":[{"href":"https:\/\/www.largepillow.com\/es\/wp-json\/wp\/v2\/media?parent=665"}],"wp:term":[{"taxonomy":"product_brand","embeddable":true,"href":"https:\/\/www.largepillow.com\/es\/wp-json\/wp\/v2\/product_brand?post=665"},{"taxonomy":"product_cat","embeddable":true,"href":"https:\/\/www.largepillow.com\/es\/wp-json\/wp\/v2\/product_cat?post=665"},{"taxonomy":"product_tag","embeddable":true,"href":"https:\/\/www.largepillow.com\/es\/wp-json\/wp\/v2\/product_tag?post=665"}],"curies":[{"name":"Gracias","href":"https:\/\/api.w.org\/{rel}","templated":true}]}}