{"id":712,"date":"2022-09-16T05:49:00","date_gmt":"2022-09-16T05:49:00","guid":{"rendered":"https:\/\/www.largepillow.com\/product\/triangle-pillow"},"modified":"2025-08-21T14:57:02","modified_gmt":"2025-08-21T14:57:02","slug":"almohada-grande-para-cabecera-de-cama-2","status":"publish","type":"product","link":"https:\/\/www.largepillow.com\/es\/product\/big-pillow-for-bed-headboard\/","title":{"rendered":"Almohada grande para cabecero de cama"},"content":{"rendered":"<p>Aumente su comodidad con la almohada grande para cabecera de cama: imprescindible para cada hogar<\/p>\n<p>En la b\u00fasqueda de la m\u00e1xima comodidad en nuestros espacios habitables, el cabecero Big Pillow For Bed se destaca como un complemento vers\u00e1til y esencial para cualquier dormitorio, sala de estar o rinc\u00f3n acogedor moderno. Esta almohada multifuncional no es s\u00f3lo una pieza de decoraci\u00f3n; es un compa\u00f1ero para tus momentos de relajaci\u00f3n, dise\u00f1ado para mejorar tu comodidad, ya sea que est\u00e9s disfrutando de tu libro favorito, poni\u00e9ndote al d\u00eda con tu serie favorita o durmiendo tranquilamente.<\/p>\n<p>M\u00e1xima comodidad redefinida<\/p>\n<p>Dise\u00f1ado para satisfacer sus necesidades de comodidad, el cabecero Big Pillow For Bed est\u00e1 dise\u00f1ado para servir como su mejor compa\u00f1ero de relajaci\u00f3n. Ya sea colocado contra la cabecera de una cama, en un sof\u00e1 o en un div\u00e1n, promete comodidad y apoyo inigualables. Su versatilidad se extiende m\u00e1s all\u00e1 de una simple almohada de lectura con soporte para la espalda; Sirve como almohada de cu\u00f1a larga o almohada para elevar las piernas, incorporando estilo y funcionalidad en uno.<\/p>\n<p>Materiales de primera calidad para una comodidad duradera<\/p>\n<p>Al incorporar poli\u00e9ster 100% para la funda de almohada con una exquisita textura entretejida y puntadas precisas, la durabilidad est\u00e1 garantizada. Las fibras de poli\u00e9ster de alta densidad utilizadas como acolchado garantizan que la almohada conserve su forma y soporte, combatiendo la flacidez incluso despu\u00e9s de un uso prolongado. Este compromiso con los materiales de calidad garantiza que su comodidad nunca se vea comprometida.<\/p>\n<p>Mantenimiento sin esfuerzo<\/p>\n<p>Al comprender la necesidad de facilidad y conveniencia, especialmente en el mundo acelerado de hoy, la cabecera Big Pillow For Bed presenta una funda que se puede quitar sin esfuerzo a trav\u00e9s de un simple mecanismo de cremallera. La funda, que se fija con botones, se puede quitar f\u00e1cilmente para lavarla r\u00e1pidamente a m\u00e1quina, manteniendo la almohada fresca y acogedora.<\/p>\n<p>Dise\u00f1ado pensando en ti<\/p>\n<p>Una de las caracter\u00edsticas m\u00e1s destacadas es el innovador bolsillo de almacenamiento, ingeniosamente dise\u00f1ado para mantener elementos esenciales como los controles remotos al alcance de la mano, eliminando la frustraci\u00f3n de los art\u00edculos extraviados. Adem\u00e1s, la mezcla de tejidos de poli\u00e9ster y lino ofrece no s\u00f3lo durabilidad sino tambi\u00e9n un toque de elegancia a cualquier espacio.<\/p>\n<p>Versatilidad en tama\u00f1o<\/p>\n<p>Con una variedad de tama\u00f1os que van desde 45 cm a 200 cm, equipados con diferentes n\u00fameros de botones para lograr variaciones est\u00e9ticas y funcionales, hay un cabecero de cama Big Pillow dise\u00f1ado para adaptarse a cada necesidad y espacio. Ya sea que tenga una cama individual compacta o una cama tama\u00f1o king, esta almohada de cabecera se puede personalizar para combinar.<\/p>\n<p>Aclamaci\u00f3n del cliente: experiencias reales<\/p>\n<p>Nuestros clientes, representados por una serie de comentarios positivos, han compartido sus experiencias, destacando la mezcla de tejidos de alta calidad de \u201ccoj\u00edn de respaldo triangular, algod\u00f3n y lino\u201d de la almohada, que agrega un toque de lujo y confort a sus espacios. Muchos han elogiado su dise\u00f1o multifuncional y han notado c\u00f3mo ha mejorado significativamente su comodidad durante diversas actividades como leer y dormir. La caracter\u00edstica de f\u00e1cil limpieza tambi\u00e9n ha sido un aspecto muy apreciado, subrayando la combinaci\u00f3n de funcionalidad y simplicidad de la almohada.<\/p>\n<p>Conclusi\u00f3n<\/p>\n<p>El cabecero Big Pillow For Bed es m\u00e1s que una simple almohada; es un testimonio de la fusi\u00f3n de funcionalidad, comodidad y estilo. Sus materiales de primera calidad, su facilidad de mantenimiento y su dise\u00f1o multifuncional lo convierten en un accesorio indispensable en cualquier hogar. Eleva tu comodidad y a\u00f1ade un toque de elegancia a tu espacio con esta almohada imprescindible. Como ya saben nuestros clientes satisfechos, es una inversi\u00f3n en su comodidad y el atractivo est\u00e9tico de su hogar.<\/p>","protected":false},"excerpt":{"rendered":"<ul>\n<li><strong>M\u00e1xima comodidad:<\/strong> Nuestra almohada para cabecera est\u00e1 dise\u00f1ada para brindarle la m\u00e1xima comodidad mientras lee, mira televisi\u00f3n o duerme. \u00a1Es perfecto para la cama, el sof\u00e1, el div\u00e1n y m\u00e1s!<\/li>\n<li><strong>Dise\u00f1o multifuncional:<\/strong> Nuestra almohada de refuerzo grande se puede utilizar de varias maneras: como almohada de lectura para apoyar la espalda, almohada de cu\u00f1a larga o almohada para elevar las piernas. Es elegante y funcional, lo que lo convierte en una excelente adici\u00f3n a cualquier dormitorio.<\/li>\n<li><strong>Materiales de primera calidad:<\/strong> Nuestra funda de almohada est\u00e1 hecha de poli\u00e9ster 100% con una textura entretejida y puntadas exquisitas que son resistentes por todas partes. El acolchado est\u00e1 fabricado con fibras de poli\u00e9ster de alta densidad y alta calidad que evitan que se hunda incluso despu\u00e9s de meses de uso.<\/li>\n<li><strong>F\u00e1cil de limpiar:<\/strong> La funda de almohada de la cabecera se fija a la almohada con botones y es f\u00e1cil de quitar con una simple cremallera. Simplemente retire la funda y lave r\u00e1pidamente a m\u00e1quina para que su almohada luzca como nueva.<\/li>\n<li><strong>Bolsillo de almacenamiento perfecto:<\/strong> Nuestra almohada para cabecera cuenta con un pr\u00e1ctico bolsillo lateral, lo que garantiza que nunca m\u00e1s perder\u00e1 su control remoto.<\/li>\n<li><strong>Tela:<\/strong>\u00a0Mezcla de poli\u00e9ster y lino.<\/li>\n<li><strong>Tama\u00f1o:<\/strong> 45 cm (largo 45 x ancho 20 x alto 50 | 0 botones), 60 cm (largo 60 x ancho 20 x alto 50 | 0 botones), 80 cm (largo 80 x ancho 20 x alto 50 | 2 botones), 100 cm (largo 100 x ancho 20 x alto 50 | 3 botones), 120 cm ( L120 x W20 x H50 | 4 botones), 140 cm (L140 x W20 x H50 | 4 botones), 160 cm (L160 x W20 x H50 | 5 botones), 180 cm (L180 x W20 x H50 | 6 botones), 200 cm (L200 x W20 x H50 | 7 botones).<\/li>\n<\/ul>","protected":false},"featured_media":698,"comment_status":"open","ping_status":"closed","template":"","meta":[],"product_brand":[],"product_cat":[15],"product_tag":[187,186,185,75,168,163,184,143],"class_list":{"0":"post-712","1":"product","2":"type-product","3":"status-publish","4":"has-post-thumbnail","6":"product_cat-large-wedge-pillow","7":"product_tag-back-support-reading-pillow","8":"product_tag-bed-headboard","9":"product_tag-big-pillow","10":"product_tag-daybed-pillow","11":"product_tag-headboard-pillow","12":"product_tag-leg-pillow","13":"product_tag-long-wedge-pillow","14":"product_tag-multifunctional-pillow","16":"first","17":"instock","18":"shipping-taxable","19":"purchasable","20":"product-type-variable"},"_links":{"self":[{"href":"https:\/\/www.largepillow.com\/es\/wp-json\/wp\/v2\/product\/712","targetHints":{"allow":["GET"]}}],"collection":[{"href":"https:\/\/www.largepillow.com\/es\/wp-json\/wp\/v2\/product"}],"about":[{"href":"https:\/\/www.largepillow.com\/es\/wp-json\/wp\/v2\/types\/product"}],"replies":[{"embeddable":true,"href":"https:\/\/www.largepillow.com\/es\/wp-json\/wp\/v2\/comments?post=712"}],"wp:featuredmedia":[{"embeddable":true,"href":"https:\/\/www.largepillow.com\/es\/wp-json\/wp\/v2\/media\/698"}],"wp:attachment":[{"href":"https:\/\/www.largepillow.com\/es\/wp-json\/wp\/v2\/media?parent=712"}],"wp:term":[{"taxonomy":"product_brand","embeddable":true,"href":"https:\/\/www.largepillow.com\/es\/wp-json\/wp\/v2\/product_brand?post=712"},{"taxonomy":"product_cat","embeddable":true,"href":"https:\/\/www.largepillow.com\/es\/wp-json\/wp\/v2\/product_cat?post=712"},{"taxonomy":"product_tag","embeddable":true,"href":"https:\/\/www.largepillow.com\/es\/wp-json\/wp\/v2\/product_tag?post=712"}],"curies":[{"name":"Gracias","href":"https:\/\/api.w.org\/{rel}","templated":true}]}}