{"id":7330,"date":"2025-05-14T03:08:46","date_gmt":"2025-05-14T03:08:46","guid":{"rendered":"https:\/\/www.largepillow.com\/product\/back-support-reading-pillow-for-bed-headboard-cushion"},"modified":"2025-06-01T00:00:00","modified_gmt":"2025-06-01T00:00:00","slug":"almohada-de-lectura-con-soporte-para-la-espalda-para-el-cojin-de-la-cabecera-de-la-cama","status":"publish","type":"product","link":"https:\/\/www.largepillow.com\/es\/product\/back-support-reading-pillow-for-bed-headboard-cushion\/","title":{"rendered":"Almohada de lectura con soporte para la espalda para el coj\u00edn del cabecero de la cama"},"content":{"rendered":"[zc_getpagecontent mb=&#8221;mb_aplus&#8221; apid=&#8221;125&#8243;]\n","protected":false},"excerpt":{"rendered":"<ul>\n<li>M\u00e1xima comodidad: Esta almohada para cabecera est\u00e1 dise\u00f1ada para brindarte la m\u00e1xima comodidad mientras lees, ves la televisi\u00f3n o duermes. \u00a1Es perfecta para la cama, el sof\u00e1, el div\u00e1n y mucho m\u00e1s!<\/li>\n<li>Esta gran almohada triangular tiene un excelente dise\u00f1o de botones capiton\u00e9. Consejo de limpieza: La funda es desmontable y tiene ojales debajo de cada bot\u00f3n, pero los ojales de la tela plisada son m\u00e1s peque\u00f1os, lo que dificulta su reemplazo.<\/li>\n<li>Multiusos: Algunos usan el coj\u00edn del respaldo como cabecero, otros como almohada de protecci\u00f3n. Tambi\u00e9n puede usarse como coj\u00edn para sof\u00e1, respaldo de div\u00e1n o coj\u00edn esquinero. Es elegante y funcional, lo que lo convierte en un complemento ideal para cualquier dormitorio.<\/li>\n<li>Material de alta calidad: la carcasa est\u00e1 hecha de material liso y suave, la funda de la almohada del respaldo del sof\u00e1 cama multifuncional es transpirable, delicada al tacto y resistente al desgaste; el inserto de almohada triangular est\u00e1 relleno de algod\u00f3n PP, buen rebote y suave, que es mucho m\u00e1s suave que la espuma viscoel\u00e1stica.<\/li>\n<li>Almohada Bionics Wedge: Esta almohada ergon\u00f3mica se adapta a la curvatura natural de la espalda y proporciona una elevaci\u00f3n \u00f3ptima para la parte superior del cuerpo, lo que ayuda a prevenir diversas afecciones. Tambi\u00e9n facilita el descanso al leer, jugar con la computadora y aliviar el estr\u00e9s. El coj\u00edn proporciona un excelente soporte para la espalda y el cuello, reduce la tensi\u00f3n en la espalda y los hombros, proporciona soporte y proporciona comodidad al leer y ver la televisi\u00f3n.<\/li>\n<li>Medidas: Largo 140 cm * Ancho 24 cm en la base * Alto 50 cm<\/li>\n<\/ul>","protected":false},"featured_media":7324,"comment_status":"open","ping_status":"closed","template":"","meta":[],"product_brand":[],"product_cat":[15],"product_tag":[],"class_list":{"0":"post-7330","1":"product","2":"type-product","3":"status-publish","4":"has-post-thumbnail","6":"product_cat-large-wedge-pillow","8":"first","9":"instock","10":"shipping-taxable","11":"purchasable","12":"product-type-variable","13":"has-default-attributes"},"_links":{"self":[{"href":"https:\/\/www.largepillow.com\/es\/wp-json\/wp\/v2\/product\/7330","targetHints":{"allow":["GET"]}}],"collection":[{"href":"https:\/\/www.largepillow.com\/es\/wp-json\/wp\/v2\/product"}],"about":[{"href":"https:\/\/www.largepillow.com\/es\/wp-json\/wp\/v2\/types\/product"}],"replies":[{"embeddable":true,"href":"https:\/\/www.largepillow.com\/es\/wp-json\/wp\/v2\/comments?post=7330"}],"wp:featuredmedia":[{"embeddable":true,"href":"https:\/\/www.largepillow.com\/es\/wp-json\/wp\/v2\/media\/7324"}],"wp:attachment":[{"href":"https:\/\/www.largepillow.com\/es\/wp-json\/wp\/v2\/media?parent=7330"}],"wp:term":[{"taxonomy":"product_brand","embeddable":true,"href":"https:\/\/www.largepillow.com\/es\/wp-json\/wp\/v2\/product_brand?post=7330"},{"taxonomy":"product_cat","embeddable":true,"href":"https:\/\/www.largepillow.com\/es\/wp-json\/wp\/v2\/product_cat?post=7330"},{"taxonomy":"product_tag","embeddable":true,"href":"https:\/\/www.largepillow.com\/es\/wp-json\/wp\/v2\/product_tag?post=7330"}],"curies":[{"name":"Gracias","href":"https:\/\/api.w.org\/{rel}","templated":true}]}}