{"id":7724,"date":"2025-05-23T03:43:35","date_gmt":"2025-05-23T03:43:35","guid":{"rendered":"https:\/\/www.largepillow.com\/product\/calming-dog-bed-with-removable-cushion-indoor-round-kennel"},"modified":"2025-05-28T01:44:41","modified_gmt":"2025-05-28T01:44:41","slug":"cama-relajante-para-perros-con-cojin-extraible-caseta-redonda-para-interiores","status":"publish","type":"product","link":"https:\/\/www.largepillow.com\/es\/product\/calming-dog-bed-with-removable-cushion-indoor-round-kennel\/","title":{"rendered":"Cama relajante para perros con coj\u00edn extra\u00edble, caseta redonda para interiores"},"content":{"rendered":"[zc_getpagecontent mb=&#8221;mb_aplus&#8221; apid=&#8221;120&#8243;]\n","protected":false},"excerpt":{"rendered":"<ul>\n<li>Dise\u00f1o \u00fanico de abrazos: inspirada en abrazos tiernos, esta cama circular para perros inspirada en abrazos presenta un dise\u00f1o circular con bordes altos, lo que los hace sentir como si su due\u00f1o los estuviera sosteniendo en todo momento, lo que brinda una sensaci\u00f3n de seguridad total.<\/li>\n<li>Calmante y ansiol\u00edtico: la construcci\u00f3n \u00fanica de la cama para perros crea un ambiente similar a una guarida, ayuda a reducir la ansiedad en los perros, proporcionando una sensaci\u00f3n de seguridad y comodidad; es una opci\u00f3n ideal para perros que se estresan f\u00e1cilmente, ya sea debido a la ansiedad por separaci\u00f3n, tormentas el\u00e9ctricas o nuevos entornos.<\/li>\n<li>Tapete para todas las estaciones: con un dise\u00f1o de tapete reversible para perros, el tapete con diferentes materiales en ambos lados puede adaptarse a diferentes estaciones; El lado de terciopelo es c\u00e1lido y c\u00f3modo en invierno, mientras que el otro lado es refrescante y transpirable en verano, logrando un uso en todas las estaciones y cuidando el sue\u00f1o de su perro durante todo el a\u00f1o.<\/li>\n<li>Materiales de alta calidad: compuesto por una cubierta c\u00e1lida de terciopelo, tela Oxford, algod\u00f3n PP de alta densidad, espuma de alto soporte y una almohadilla antideslizante, no solo es suave y c\u00f3modo, sino que tambi\u00e9n tiene excelentes propiedades de soporte y antideslizantes, hace que el uso de su perro sea m\u00e1s tranquilizador y garantiza la durabilidad del producto.<\/li>\n<li>F\u00e1cil mantenimiento: la cama para perros est\u00e1 dise\u00f1ada para ser extra\u00edble y lavable a m\u00e1quina; simplemente \u00e1brala, saque la espuma inferior y el algod\u00f3n PP, y coloque f\u00e1cilmente la funda en la lavadora; Esto resuelve f\u00e1cilmente el problema de limpieza y mantiene la cama del perro limpia e higi\u00e9nica.<\/li>\n<li>Tama\u00f1o: Mediano \u2013 76*76*30cm (30,0\u2033L x 30,0\u2033An x 12,0\u2033Espesor); Grande \u2013 110*110*35cm (45,0\u2033L x 45,0\u2033An x 14,0\u2033Espesor).<\/li>\n<\/ul>","protected":false},"featured_media":7713,"comment_status":"open","ping_status":"closed","template":"","meta":[],"product_brand":[],"product_cat":[227],"product_tag":[],"class_list":{"0":"post-7724","1":"product","2":"type-product","3":"status-publish","4":"has-post-thumbnail","6":"product_cat-pet-supplies","8":"first","9":"instock","10":"shipping-taxable","11":"purchasable","12":"product-type-variable","13":"has-default-attributes"},"_links":{"self":[{"href":"https:\/\/www.largepillow.com\/es\/wp-json\/wp\/v2\/product\/7724","targetHints":{"allow":["GET"]}}],"collection":[{"href":"https:\/\/www.largepillow.com\/es\/wp-json\/wp\/v2\/product"}],"about":[{"href":"https:\/\/www.largepillow.com\/es\/wp-json\/wp\/v2\/types\/product"}],"replies":[{"embeddable":true,"href":"https:\/\/www.largepillow.com\/es\/wp-json\/wp\/v2\/comments?post=7724"}],"wp:featuredmedia":[{"embeddable":true,"href":"https:\/\/www.largepillow.com\/es\/wp-json\/wp\/v2\/media\/7713"}],"wp:attachment":[{"href":"https:\/\/www.largepillow.com\/es\/wp-json\/wp\/v2\/media?parent=7724"}],"wp:term":[{"taxonomy":"product_brand","embeddable":true,"href":"https:\/\/www.largepillow.com\/es\/wp-json\/wp\/v2\/product_brand?post=7724"},{"taxonomy":"product_cat","embeddable":true,"href":"https:\/\/www.largepillow.com\/es\/wp-json\/wp\/v2\/product_cat?post=7724"},{"taxonomy":"product_tag","embeddable":true,"href":"https:\/\/www.largepillow.com\/es\/wp-json\/wp\/v2\/product_tag?post=7724"}],"curies":[{"name":"Gracias","href":"https:\/\/api.w.org\/{rel}","templated":true}]}}