{"id":802,"date":"2022-09-17T13:48:56","date_gmt":"2022-09-17T13:48:56","guid":{"rendered":"https:\/\/www.largepillow.com\/product\/wedge-pillow-for-acid-reflux_37_38_39_40"},"modified":"2026-03-13T16:55:31","modified_gmt":"2026-03-13T16:55:31","slug":"almohada-almohada-cuna","status":"publish","type":"product","link":"https:\/\/www.largepillow.com\/es\/product\/wedge-bolster-pillow","title":{"rendered":"Almohada de cu\u00f1a"},"content":{"rendered":"<p>La almohada con refuerzo de cu\u00f1a Ultimate Comfort<\/p>\n<p>\u00bfEst\u00e1s buscando la almohada perfecta para leer o mirar televisi\u00f3n? Perm\u00edtanos presentarle la almohada Wedge Bolster, la almohada de cabecera elevada definitiva para brindar comodidad y soporte superiores.<\/p>\n<p>Con su forma curva y su dise\u00f1o de respaldo elevado de doble fila, esta almohada XL sostiene adecuadamente su cuello y espalda mientras est\u00e1 sentado en la cama. El dise\u00f1o multifuncional funciona muy bien como almohada vertical para la espalda, almohada en forma de cu\u00f1a o almohada para las piernas. <\/p>\n<p>Confeccionada con poli\u00e9ster 100% con relleno de fibra de poli\u00e9ster ecol\u00f3gica, la tela tiene un aspecto de lino que complementa la decoraci\u00f3n de cualquier dormitorio. La funda extra\u00edble se puede lavar a m\u00e1quina para facilitar el cuidado. Esta almohada de cabecera de gran tama\u00f1o tambi\u00e9n cuenta con peque\u00f1os bolsillos laterales para guardar libros, controles remotos, tel\u00e9fonos y m\u00e1s. <\/p>\n<p>Esto es lo que algunos clientes dijeron:<\/p>\n<p>\u201cMe encanta el aspecto y el tacto de esta almohada tipo cu\u00f1a para cama. La tela de lino es muy suave y el color queda genial en mi dormitorio\u201d.<\/p>\n<p>\u201cEsta almohada de lectura ofrece un fant\u00e1stico soporte para la espalda. Puedo sentarme en la cama durante horas sin ning\u00fan dolor de cuello o espalda\u201d.<\/p>\n<p>\u201cEl dise\u00f1o elevado es perfecto para leer o trabajar en mi computadora port\u00e1til en la cama. Es un gran respaldo que me mantiene erguido c\u00f3modamente\u201d.<\/p>\n<p>\u201cCompr\u00e9 el tama\u00f1o de 160 cm y ocupa toda la cabecera de mi cama. Lo suficientemente grande como para sentarse y ver pel\u00edculas\u201d.<\/p>\n<p>Con longitudes disponibles que van desde 100 cm hasta 200 cm, seguramente encontrar\u00e1 un tama\u00f1o de almohada tipo cu\u00f1a que se adapte a su espacio. \u00a1Dale a tu espalda, cuello y piernas la comodidad que se merecen! Obtenga su almohada de cabecera multifuncional hoy.<\/p>","protected":false},"excerpt":{"rendered":"<ul>\n<li><strong>M\u00e1xima comodidad:<\/strong> Esta almohada de cabecera elevada XL ofrece una comodidad excelente gracias a su dise\u00f1o de forma curva. Esta almohada de lectura en la cabecera puede ayudarlo a mantenerse libre de tensiones en el sof\u00e1 cama, el sof\u00e1 cama o el sof\u00e1, lo cual es ideal para los noct\u00e1mbulos que trabajan, los ratones de biblioteca y miran televisi\u00f3n en la cama.<\/li>\n<li><strong>Dise\u00f1o de respaldo elevado:<\/strong> Disfrute de una comodidad incomparable con el exclusivo dise\u00f1o de respaldo elevado de doble fila de nuestra almohada para cabecera. La almohada de cabecera con respaldo elevado brinda un soporte superior para el cuello y la espalda, lo que la convierte en el lugar perfecto para relajarse y leer en la cama.<\/li>\n<li><strong>Almohada multifuncional:<\/strong> Con tres formas diferentes de usarla, nuestra almohada es perfecta para cualquier situaci\u00f3n. Ya sea que prefiera usarlo como almohada vertical para la espalda, almohada en forma de cu\u00f1a o almohada para las piernas para un soporte elevado, es el accesorio ideal para un descanso y relajaci\u00f3n c\u00f3modos.<\/li>\n<li><strong>Artesan\u00eda superior:<\/strong> Fabricada con tela con apariencia de lino cuya composici\u00f3n es poli\u00e9ster 100%, nuestra almohada para cabecera est\u00e1 rellena con un relleno de fibra de poli\u00e9ster ecol\u00f3gico y de alta resiliencia. El coj\u00edn de la cama desmontable es f\u00e1cil de lavar a m\u00e1quina, mientras que los peque\u00f1os bolsillos laterales a\u00f1aden practicidad a este producto ya de por s\u00ed lujoso.<\/li>\n<li><strong>F\u00e1cil de lavar:<\/strong> La funda de almohada de la cabecera est\u00e1 unida al interior de la almohada con botones y es f\u00e1cil de quitar con una simple cremallera. Esto hace que su limpieza sea sencilla. Simplemente retire la funda y lave r\u00e1pidamente a m\u00e1quina para que su almohada luzca como nueva.<\/li>\n<li><strong>Tama\u00f1o:<\/strong> 100 cm (L100 x W26 x H55 | 3 botones de columnas), 120 cm (L120 x W26 x H55 | 4 botones de columnas), 140 cm (L140 x W26 x H55 | 4 botones de columnas), 160 cm (L160 x W26 x H55 | 5 botones de columnas) ), 180 cm (L180 x W26 x H55 | 6 botones de columnas), 200 cm (L200 x W26 x H55 | 7 botones de columnas).<\/li>\n<\/ul>","protected":false},"featured_media":788,"comment_status":"open","ping_status":"closed","template":"","meta":[],"product_brand":[],"product_cat":[15],"product_tag":[164,161,168,163,143,169,162,167,65],"class_list":{"0":"post-802","1":"product","2":"type-product","3":"status-publish","4":"has-post-thumbnail","6":"product_cat-large-wedge-pillow","7":"product_tag-detachable-bolster-bed-cushion","8":"product_tag-elevated-headboard-pillow","9":"product_tag-headboard-pillow","10":"product_tag-leg-pillow","11":"product_tag-multifunctional-pillow","12":"product_tag-support-pillow","13":"product_tag-upright-back-pillow","14":"product_tag-wedge-bolster-pillow","15":"product_tag-wedge-pillow","17":"first","18":"instock","19":"shipping-taxable","20":"purchasable","21":"product-type-variable"},"_links":{"self":[{"href":"https:\/\/www.largepillow.com\/es\/wp-json\/wp\/v2\/product\/802","targetHints":{"allow":["GET"]}}],"collection":[{"href":"https:\/\/www.largepillow.com\/es\/wp-json\/wp\/v2\/product"}],"about":[{"href":"https:\/\/www.largepillow.com\/es\/wp-json\/wp\/v2\/types\/product"}],"replies":[{"embeddable":true,"href":"https:\/\/www.largepillow.com\/es\/wp-json\/wp\/v2\/comments?post=802"}],"wp:featuredmedia":[{"embeddable":true,"href":"https:\/\/www.largepillow.com\/es\/wp-json\/wp\/v2\/media\/788"}],"wp:attachment":[{"href":"https:\/\/www.largepillow.com\/es\/wp-json\/wp\/v2\/media?parent=802"}],"wp:term":[{"taxonomy":"product_brand","embeddable":true,"href":"https:\/\/www.largepillow.com\/es\/wp-json\/wp\/v2\/product_brand?post=802"},{"taxonomy":"product_cat","embeddable":true,"href":"https:\/\/www.largepillow.com\/es\/wp-json\/wp\/v2\/product_cat?post=802"},{"taxonomy":"product_tag","embeddable":true,"href":"https:\/\/www.largepillow.com\/es\/wp-json\/wp\/v2\/product_tag?post=802"}],"curies":[{"name":"Gracias","href":"https:\/\/api.w.org\/{rel}","templated":true}]}}