{"id":823,"date":"2022-09-17T14:05:52","date_gmt":"2022-09-17T14:05:52","guid":{"rendered":"https:\/\/www.largepillow.com\/product\/wedge-pillow-for-acid-reflux_37_38_39_40_41"},"modified":"2024-10-03T16:31:35","modified_gmt":"2024-10-03T16:31:35","slug":"cuna-de-lectura-cabecero","status":"publish","type":"product","link":"https:\/\/www.largepillow.com\/es\/product\/reading-wedge-headboard","title":{"rendered":"Cabecero con cu\u00f1a de lectura"},"content":{"rendered":"<p>Disfrute de la comodidad con la cabecera de cu\u00f1a de lectura definitiva<\/p>\n<p>Imag\u00ednese hundirse en una nube de lujosa comodidad mientras se sumerge en sus libros o programas favoritos. \u00a1La cabecera Reading Wedge est\u00e1 aqu\u00ed para elevar su experiencia a la hora de dormir a nuevas alturas!<\/p>\n<p>Comodidad excepcional:<\/p>\n<p>Esta almohada de cabecera de dise\u00f1o ergon\u00f3mico tiene una forma curva que acuna su cuerpo y brinda una comodidad excepcional. Su respaldo elevado de doble fila ofrece un soporte incomparable para el cuello y la espalda, lo que lo hace ideal para noct\u00e1mbulos, lectores \u00e1vidos y entusiastas de la televisi\u00f3n.<\/p>\n<p>Versatilidad multifuncional:<\/p>\n<p>Lo suficientemente vers\u00e1til para m\u00faltiples usos, esta almohada se puede utilizar como almohada vertical para la espalda, almohada en forma de cu\u00f1a o almohada para las piernas. Ya sea que busque apoyo para leer, mirar pel\u00edculas o simplemente relajarse en la cama, es el compa\u00f1ero perfecto.<\/p>\n<p>Artesan\u00eda superior:<\/p>\n<p>Confeccionada con una lujosa tela con apariencia de lino y un relleno de fibra de poli\u00e9ster ecol\u00f3gico, la cabecera Reading Wedge irradia calidad. Su coj\u00edn de cama desmontable se puede lavar a m\u00e1quina para una limpieza sin esfuerzo, mientras que los pr\u00e1cticos bolsillos laterales a\u00f1aden un toque de practicidad.<\/p>\n<p>Facil mantenimiento:<\/p>\n<p>Mantener su cabecera con cu\u00f1a de lectura es muy sencillo. La funda de almohada de la cabecera se puede quitar f\u00e1cilmente mediante botones y una cremallera, lo que permite un lavado r\u00e1pido a m\u00e1quina.<\/p>\n<p>Disponible en un rango de tallas:<\/p>\n<p>Elige entre una variedad de tama\u00f1os para adaptarse perfectamente a tu cama: 100 cm, 120 cm, 140 cm, 160 cm, 180 cm y 200 cm. Cada tama\u00f1o presenta un elegante dise\u00f1o de botones de columna para mayor estilo.<\/p>\n<p>Recomendaciones de clientes:<\/p>\n<p>\u201c\u00a1Me encanta mi cabecera Reading Wedge! Es muy c\u00f3modo y hace que leer en la cama sea un sue\u00f1o. El respaldo elevado cambia las reglas del juego para mi cuello y mi espalda\u201d. \u2013 Sara K.<\/p>\n<p>\u201cEsta almohada es imprescindible para cualquier persona a la que le guste pasar tiempo en la cama. Es muy vers\u00e1til y se puede utilizar para muchas cosas. \u00a1Lo recomiendo altamente!&quot; \u2013 Juan B.<\/p>\n<p>Mejore su experiencia a la hora de dormir con la cabecera Reading Wedge. \u00a1Pide el tuyo hoy y disfruta de una comodidad y versatilidad incomparables!<\/p>","protected":false},"excerpt":{"rendered":"<ul>\n<li><strong>M\u00e1xima comodidad:<\/strong> Esta almohada de cabecera elevada XL ofrece una comodidad excelente gracias a su dise\u00f1o de forma curva. Esta almohada de lectura en la cabecera puede ayudarlo a mantenerse libre de tensiones en el sof\u00e1 cama, el sof\u00e1 cama o el sof\u00e1, lo cual es ideal para los noct\u00e1mbulos que trabajan, los ratones de biblioteca y miran televisi\u00f3n en la cama.<\/li>\n<li><strong>Dise\u00f1o de respaldo elevado:<\/strong> Disfrute de una comodidad incomparable con el exclusivo dise\u00f1o de respaldo elevado de doble fila de nuestra almohada para cabecera. La almohada de cabecera con respaldo elevado brinda un soporte superior para el cuello y la espalda, lo que la convierte en el lugar perfecto para relajarse y leer en la cama.<\/li>\n<li><strong>Almohada multifuncional:<\/strong> Con tres formas diferentes de usarla, nuestra almohada es perfecta para cualquier situaci\u00f3n. Ya sea que prefiera usarlo como almohada vertical para la espalda, almohada en forma de cu\u00f1a o almohada para las piernas para un soporte elevado, es el accesorio ideal para un descanso y relajaci\u00f3n c\u00f3modos.<\/li>\n<li><strong>Artesan\u00eda superior:<\/strong> Fabricada con tela con apariencia de lino cuya composici\u00f3n es poli\u00e9ster 100%, nuestra almohada para cabecera est\u00e1 rellena con un relleno de fibra de poli\u00e9ster ecol\u00f3gico y de alta resiliencia. El coj\u00edn de la cama desmontable es f\u00e1cil de lavar a m\u00e1quina, mientras que los peque\u00f1os bolsillos laterales a\u00f1aden practicidad a este producto ya de por s\u00ed lujoso.<\/li>\n<li><strong>F\u00e1cil de lavar:<\/strong> La funda de almohada de la cabecera est\u00e1 unida al interior de la almohada con botones y es f\u00e1cil de quitar con una simple cremallera. Esto hace que su limpieza sea sencilla. Simplemente retire la funda y lave r\u00e1pidamente a m\u00e1quina para que su almohada luzca como nueva.<\/li>\n<li><strong>Tama\u00f1o:<\/strong> 100 cm (L100 x W26 x H55 | 3 botones de columnas), 120 cm (L120 x W26 x H55 | 4 botones de columnas), 140 cm (L140 x W26 x H55 | 4 botones de columnas), 160 cm (L160 x W26 x H55 | 5 botones de columnas) ), 180 cm (L180 x W26 x H55 | 6 botones de columnas), 200 cm (L200 x W26 x H55 | 7 botones de columnas).<\/li>\n<\/ul>","protected":false},"featured_media":809,"comment_status":"open","ping_status":"closed","template":"","meta":[],"product_brand":[],"product_cat":[15],"product_tag":[109,164,161,143,166,162,65],"class_list":{"0":"post-823","1":"product","2":"type-product","3":"status-publish","4":"has-post-thumbnail","6":"product_cat-large-wedge-pillow","7":"product_tag-daybed-cushion","8":"product_tag-detachable-bolster-bed-cushion","9":"product_tag-elevated-headboard-pillow","10":"product_tag-multifunctional-pillow","11":"product_tag-reading-wedge-headboard","12":"product_tag-upright-back-pillow","13":"product_tag-wedge-pillow","15":"first","16":"instock","17":"featured","18":"shipping-taxable","19":"purchasable","20":"product-type-variable"},"_links":{"self":[{"href":"https:\/\/www.largepillow.com\/es\/wp-json\/wp\/v2\/product\/823","targetHints":{"allow":["GET"]}}],"collection":[{"href":"https:\/\/www.largepillow.com\/es\/wp-json\/wp\/v2\/product"}],"about":[{"href":"https:\/\/www.largepillow.com\/es\/wp-json\/wp\/v2\/types\/product"}],"replies":[{"embeddable":true,"href":"https:\/\/www.largepillow.com\/es\/wp-json\/wp\/v2\/comments?post=823"}],"wp:featuredmedia":[{"embeddable":true,"href":"https:\/\/www.largepillow.com\/es\/wp-json\/wp\/v2\/media\/809"}],"wp:attachment":[{"href":"https:\/\/www.largepillow.com\/es\/wp-json\/wp\/v2\/media?parent=823"}],"wp:term":[{"taxonomy":"product_brand","embeddable":true,"href":"https:\/\/www.largepillow.com\/es\/wp-json\/wp\/v2\/product_brand?post=823"},{"taxonomy":"product_cat","embeddable":true,"href":"https:\/\/www.largepillow.com\/es\/wp-json\/wp\/v2\/product_cat?post=823"},{"taxonomy":"product_tag","embeddable":true,"href":"https:\/\/www.largepillow.com\/es\/wp-json\/wp\/v2\/product_tag?post=823"}],"curies":[{"name":"Gracias","href":"https:\/\/api.w.org\/{rel}","templated":true}]}}