{"id":8334,"date":"2025-06-16T02:13:39","date_gmt":"2025-06-16T02:13:39","guid":{"rendered":"https:\/\/www.largepillow.com\/product\/stylish-bedroom-wedge-pillow-with-ergonomic-neck-rest"},"modified":"2025-06-17T02:29:59","modified_gmt":"2025-06-17T02:29:59","slug":"elegante-almohada-de-cuna-para-dormitorio-con-soporte-ergonomico-para-el-cuello","status":"publish","type":"product","link":"https:\/\/www.largepillow.com\/es\/product\/stylish-bedroom-wedge-pillow-with-ergonomic-neck-rest","title":{"rendered":"Elegante almohada de cu\u00f1a para dormitorio con reposacabezas ergon\u00f3mico"},"content":{"rendered":"[zc_getpagecontent mb=&#8221;mb_aplus&#8221; apid=&#8221;118&#8243;]\n","protected":false},"excerpt":{"rendered":"<ul>\n<li>Dise\u00f1o innovador de 2 partes: este coj\u00edn para cabecero destaca por su dise\u00f1o \u00fanico. El reposacabezas blanco superior proporciona un apoyo mullido para la cabeza, mientras que el respaldo azul inferior y m\u00e1s ancho ofrece un soporte robusto para la espalda, lo que aporta una armoniosa combinaci\u00f3n de funcionalidad y estilo a tu dormitorio.<\/li>\n<li>Un sinf\u00edn de posibilidades de uso: tanto si te sumerges en una novela apasionante, como si disfrutas viendo tus series favoritas sin parar o simplemente te relajas en un momento de tranquilidad, esta almohada es tu compa\u00f1era perfecta. Ideal para las ma\u00f1anas de domingo tranquilas, las siestas de la tarde o las largas sesiones de lectura nocturnas, mejora tu experiencia de relajaci\u00f3n en la cama.<\/li>\n<li>Para la comodidad de todos: dise\u00f1ada pensando en la inclusi\u00f3n, nuestra almohada se adapta a todo el mundo. Los estudiantes pueden relajarse despu\u00e9s de largas sesiones de estudio, los profesionales pueden descansar despu\u00e9s de un d\u00eda ajetreado y las personas mayores pueden encontrar mayor comodidad al descansar. Su dise\u00f1o ergon\u00f3mico garantiza que personas de todas las edades y complexiones puedan disfrutar de su excelente soporte y comodidad.<\/li>\n<li>Ventaja de altura personalizable: la funci\u00f3n de altura personalizable lo cambia todo. Gracias a una pr\u00e1ctica correa adhesiva, puedes ajustar f\u00e1cilmente la posici\u00f3n del reposacabezas: lev\u00e1ntalo para un mayor soporte del cuello o b\u00e1jalo para una postura m\u00e1s relajada, adaptando tu comodidad a tus preferencias exactas.<\/li>\n<li>Materiales de primera calidad: nuestra almohada para cabecero promete calidad y comodidad. El relleno de algod\u00f3n PP y la funda de terciopelo del reposacabezas ofrecen un tacto lujoso y agradable para la piel; la funda de algod\u00f3n PP y lino de poli\u00e9ster del respaldo es transpirable y duradera, lo que garantiza una comodidad duradera y un f\u00e1cil mantenimiento.<\/li>\n<\/ul>","protected":false},"featured_media":8323,"comment_status":"open","ping_status":"closed","template":"","meta":[],"product_brand":[],"product_cat":[228],"product_tag":[],"class_list":{"0":"post-8334","1":"product","2":"type-product","3":"status-publish","4":"has-post-thumbnail","6":"product_cat-cushions","8":"first","9":"instock","10":"sold-individually","11":"shipping-taxable","12":"purchasable","13":"product-type-variable","14":"has-default-attributes"},"_links":{"self":[{"href":"https:\/\/www.largepillow.com\/es\/wp-json\/wp\/v2\/product\/8334","targetHints":{"allow":["GET"]}}],"collection":[{"href":"https:\/\/www.largepillow.com\/es\/wp-json\/wp\/v2\/product"}],"about":[{"href":"https:\/\/www.largepillow.com\/es\/wp-json\/wp\/v2\/types\/product"}],"replies":[{"embeddable":true,"href":"https:\/\/www.largepillow.com\/es\/wp-json\/wp\/v2\/comments?post=8334"}],"wp:featuredmedia":[{"embeddable":true,"href":"https:\/\/www.largepillow.com\/es\/wp-json\/wp\/v2\/media\/8323"}],"wp:attachment":[{"href":"https:\/\/www.largepillow.com\/es\/wp-json\/wp\/v2\/media?parent=8334"}],"wp:term":[{"taxonomy":"product_brand","embeddable":true,"href":"https:\/\/www.largepillow.com\/es\/wp-json\/wp\/v2\/product_brand?post=8334"},{"taxonomy":"product_cat","embeddable":true,"href":"https:\/\/www.largepillow.com\/es\/wp-json\/wp\/v2\/product_cat?post=8334"},{"taxonomy":"product_tag","embeddable":true,"href":"https:\/\/www.largepillow.com\/es\/wp-json\/wp\/v2\/product_tag?post=8334"}],"curies":[{"name":"Gracias","href":"https:\/\/api.w.org\/{rel}","templated":true}]}}