{"id":866,"date":"2022-09-17T14:44:55","date_gmt":"2022-09-17T14:44:55","guid":{"rendered":"https:\/\/www.largepillow.com\/product\/wedge-pillow-for-acid-reflux_37_38_39_40_41_42_43"},"modified":"2025-04-18T01:36:58","modified_gmt":"2025-04-18T01:36:58","slug":"almohada-de-espalda-para-dormir","status":"publish","type":"product","link":"https:\/\/www.largepillow.com\/es\/product\/back-pillow-for-sleeping","title":{"rendered":"Almohada trasera para dormir"},"content":{"rendered":"<p>La almohada de espalda para dormir: el accesorio de m\u00e1xima comodidad<\/p>\n<p>\u00bfEst\u00e1s cansado de sentir incomodidad cuando intentas relajarte en la cama, el sof\u00e1, el div\u00e1n o el sof\u00e1? \u00bfA menudo te cuesta sentirte c\u00f3modo mientras lees, miras televisi\u00f3n o trabajas en la cama? Si es as\u00ed, \u00a1la almohada trasera para dormir es el accesorio perfecto para ti!<\/p>\n<p>Una de las caracter\u00edsticas m\u00e1s destacadas de este producto es su dise\u00f1o de forma curva, que ofrece una excelente comodidad. Esta almohada de lectura en la cabecera puede ayudarlo a mantenerse libre de tensiones, sin importar d\u00f3nde se encuentre. Ya sea que sea un noct\u00e1mbulo al que le gusta trabajar hasta altas horas de la noche, un rat\u00f3n de biblioteca al que le encanta leer en la cama o alguien que simplemente disfruta mirar televisi\u00f3n en la cama, esta almohada lo tiene cubierto.<\/p>\n<p>Otra caracter\u00edstica \u00fanica de la almohada trasera para dormir es su dise\u00f1o de respaldo elevado. Gracias a su respaldo elevado de doble fila, esta almohada brinda un soporte superior para el cuello y la espalda. Esto lo convierte en el accesorio perfecto para quienes sufren de dolor de espalda o cuello, o para cualquiera que simplemente quiera relajarse y leer en la cama.<\/p>\n<p>El dise\u00f1o multifuncional de la almohada trasera para dormir es otro punto de venta importante. Con tres formas diferentes de utilizarla, esta almohada es perfecta para cualquier situaci\u00f3n. Ya sea que prefiera usarlo como almohada vertical para la espalda, almohada en forma de cu\u00f1a o almohada para las piernas para un soporte elevado, es el accesorio ideal para un descanso y relajaci\u00f3n c\u00f3modos.<\/p>\n<p>Cuando se trata de artesan\u00eda, la Almohada de Espalda para Dormir est\u00e1 fabricada con materiales de alta calidad. El tejido con apariencia de lino est\u00e1 compuesto de poli\u00e9ster 100% y la almohada est\u00e1 rellena de fibra de poli\u00e9ster ecol\u00f3gica y de alta resiliencia. Adem\u00e1s, el coj\u00edn de la cama desmontable es f\u00e1cil de lavar a m\u00e1quina, mientras que los peque\u00f1os bolsillos laterales a\u00f1aden practicidad a este producto ya de por s\u00ed lujoso.<\/p>\n<p>Uno de los aspectos m\u00e1s atractivos de esta almohada es su facilidad de uso y mantenimiento. La funda de almohada de la cabecera est\u00e1 unida al interior de la almohada con botones y es f\u00e1cil de quitar con una simple cremallera. Esto hace que la limpieza sea sencilla. Simplemente retire la funda y lave r\u00e1pidamente a m\u00e1quina para que su almohada luzca como nueva.<\/p>\n<p>La almohada de espalda para dormir viene en una variedad de tama\u00f1os para adaptarse a cualquier tama\u00f1o de cama: 100 cm, 120 cm, 140 cm, 160 cm, 180 cm y 200 cm. Esto hace que sea f\u00e1cil encontrar el ajuste perfecto para sus necesidades espec\u00edficas.<\/p>\n<p>Como escribe un cliente satisfecho: \u201c\u00a1Esta almohada cambia las reglas del juego! Ofrece mucho apoyo y comodidad, y las m\u00faltiples formas de usarlo lo hacen perfecto para cualquier situaci\u00f3n. Se lo recomiendo encarecidamente a cualquiera que quiera mejorar sus experiencias de sue\u00f1o y relajaci\u00f3n\u201d.<\/p>\n<p>En general, la almohada para dormir para la espalda es una excelente inversi\u00f3n para cualquiera que quiera mejorar su experiencia de comodidad y relajaci\u00f3n. Con su artesan\u00eda de alta calidad, dise\u00f1o multifuncional y facilidad de uso y mantenimiento, esta almohada seguramente se convertir\u00e1 en un accesorio favorito en los a\u00f1os venideros.<\/p>","protected":false},"excerpt":{"rendered":"<ul>\n<li><strong>M\u00e1xima comodidad:<\/strong> Esta almohada de cabecera elevada XL ofrece una comodidad excelente gracias a su dise\u00f1o de forma curva. Esta almohada de lectura en la cabecera puede ayudarlo a mantenerse libre de tensiones en el sof\u00e1 cama, el sof\u00e1 cama o el sof\u00e1, lo cual es ideal para los noct\u00e1mbulos que trabajan, los ratones de biblioteca y miran televisi\u00f3n en la cama.<\/li>\n<li><strong>Dise\u00f1o de respaldo elevado:<\/strong> Disfrute de una comodidad incomparable con el exclusivo dise\u00f1o de respaldo elevado de doble fila de nuestra almohada para cabecera. La almohada de cabecera con respaldo elevado brinda un soporte superior para el cuello y la espalda, lo que la convierte en el lugar perfecto para relajarse y leer en la cama.<\/li>\n<li><strong>Almohada multifuncional:<\/strong> Con tres formas diferentes de usarla, nuestra almohada es perfecta para cualquier situaci\u00f3n. Ya sea que prefiera usarlo como almohada vertical para la espalda, almohada en forma de cu\u00f1a o almohada para las piernas para un soporte elevado, es el accesorio ideal para un descanso y relajaci\u00f3n c\u00f3modos.<\/li>\n<li><strong>Artesan\u00eda superior:<\/strong> Fabricada con tela con apariencia de lino cuya composici\u00f3n es poli\u00e9ster 100%, nuestra almohada para cabecera est\u00e1 rellena con un relleno de fibra de poli\u00e9ster ecol\u00f3gico y de alta resiliencia. El coj\u00edn de la cama desmontable es f\u00e1cil de lavar a m\u00e1quina, mientras que los peque\u00f1os bolsillos laterales a\u00f1aden practicidad a este producto ya de por s\u00ed lujoso.<\/li>\n<li><strong>F\u00e1cil de lavar:<\/strong> La funda de almohada de la cabecera est\u00e1 unida al interior de la almohada con botones y es f\u00e1cil de quitar con una simple cremallera. Esto hace que su limpieza sea sencilla. Simplemente retire la funda y lave r\u00e1pidamente a m\u00e1quina para que su almohada luzca como nueva.<\/li>\n<li><strong>Tama\u00f1o:<\/strong> 100 cm (L100 x W26 x H55 | 3 botones de columnas), 120 cm (L120 x W26 x H55 | 4 botones de columnas), 140 cm (L140 x W26 x H55 | 4 botones de columnas), 160 cm (L160 x W26 x H55 | 5 botones de columnas) ), 180 cm (L180 x W26 x H55 | 6 botones de columnas), 200 cm (L200 x W26 x H55 | 7 botones de columnas).<\/li>\n<\/ul>","protected":false},"featured_media":852,"comment_status":"open","ping_status":"closed","template":"","meta":[],"product_brand":[],"product_cat":[15],"product_tag":[160,66,164,161,163,143,162,65],"class_list":{"0":"post-866","1":"product","2":"type-product","3":"status-publish","4":"has-post-thumbnail","6":"product_cat-large-wedge-pillow","7":"product_tag-back-pillow-for-sleeping","8":"product_tag-back-support-pillow","9":"product_tag-detachable-bolster-bed-cushion","10":"product_tag-elevated-headboard-pillow","11":"product_tag-leg-pillow","12":"product_tag-multifunctional-pillow","13":"product_tag-upright-back-pillow","14":"product_tag-wedge-pillow","16":"first","17":"instock","18":"featured","19":"shipping-taxable","20":"purchasable","21":"product-type-variable"},"_links":{"self":[{"href":"https:\/\/www.largepillow.com\/es\/wp-json\/wp\/v2\/product\/866","targetHints":{"allow":["GET"]}}],"collection":[{"href":"https:\/\/www.largepillow.com\/es\/wp-json\/wp\/v2\/product"}],"about":[{"href":"https:\/\/www.largepillow.com\/es\/wp-json\/wp\/v2\/types\/product"}],"replies":[{"embeddable":true,"href":"https:\/\/www.largepillow.com\/es\/wp-json\/wp\/v2\/comments?post=866"}],"wp:featuredmedia":[{"embeddable":true,"href":"https:\/\/www.largepillow.com\/es\/wp-json\/wp\/v2\/media\/852"}],"wp:attachment":[{"href":"https:\/\/www.largepillow.com\/es\/wp-json\/wp\/v2\/media?parent=866"}],"wp:term":[{"taxonomy":"product_brand","embeddable":true,"href":"https:\/\/www.largepillow.com\/es\/wp-json\/wp\/v2\/product_brand?post=866"},{"taxonomy":"product_cat","embeddable":true,"href":"https:\/\/www.largepillow.com\/es\/wp-json\/wp\/v2\/product_cat?post=866"},{"taxonomy":"product_tag","embeddable":true,"href":"https:\/\/www.largepillow.com\/es\/wp-json\/wp\/v2\/product_tag?post=866"}],"curies":[{"name":"Gracias","href":"https:\/\/api.w.org\/{rel}","templated":true}]}}