{"id":898,"date":"2022-09-18T07:32:15","date_gmt":"2022-09-18T07:32:15","guid":{"rendered":"https:\/\/www.largepillow.com\/product\/wedge-pillow-for-acid-reflux_37_38_39_40_41_42_43_44_45"},"modified":"2024-10-03T16:31:35","modified_gmt":"2024-10-03T16:31:35","slug":"almohada-de-lectura-de-espalda","status":"publish","type":"product","link":"https:\/\/www.largepillow.com\/es\/product\/back-reading-pillow","title":{"rendered":"Almohada de lectura"},"content":{"rendered":"<p>La m\u00e1xima comodidad: almohada de lectura para la espalda<\/p>\n<p>Disfrute de una comodidad incomparable con nuestra almohada de lectura con espalda elevada XL, perfecta para mejorar su tiempo de relajaci\u00f3n en la cama, en el sof\u00e1 o en el sof\u00e1.<\/p>\n<p>Dise\u00f1o excepcional para mayor comodidad<\/p>\n<p>Esta almohada presenta un dise\u00f1o exclusivo de respaldo elevado de doble fila que brinda un soporte \u00f3ptimo para el cuello y la espalda. Ya sea que est\u00e9 leyendo, viendo televisi\u00f3n o simplemente trabajando en la cama, esta almohada de cabecera lo mantendr\u00e1 libre de tensiones y c\u00f3modo.<\/p>\n<p>Funcionalidad vers\u00e1til para todas las necesidades<\/p>\n<p>Nuestra almohada multifuncional se adapta a todas tus necesidades. \u00daselo como almohada vertical para la espalda para leer, como almohada en forma de cu\u00f1a para mayor elevaci\u00f3n o como almohada para las piernas para mejorar la circulaci\u00f3n. Es el complemento perfecto para un c\u00f3modo descanso y relajaci\u00f3n en cualquier situaci\u00f3n.<\/p>\n<p>Artesan\u00eda premium y f\u00e1cil mantenimiento<\/p>\n<p>Confeccionada con una lujosa tela con apariencia de terciopelo y rellena con fibra de poli\u00e9ster ecol\u00f3gica, esta almohada para cabecera rezuma lujo. El coj\u00edn de la cama desmontable se puede lavar f\u00e1cilmente a m\u00e1quina, mientras que los peque\u00f1os bolsillos laterales a\u00f1aden un toque de practicidad.<\/p>\n<p>Limpieza sin complicaciones<\/p>\n<p>Disfrute de una f\u00e1cil limpieza con nuestra funda de almohada. Cuenta con una cremallera para quitarla r\u00e1pidamente, lo que facilita el lavado a m\u00e1quina. Mantenga su almohada con un aspecto fresco y pr\u00edstino con el m\u00ednimo esfuerzo.<\/p>\n<p>Recomendaciones de clientes<\/p>\n<p>\u201c\u00a1Esta almohada es incre\u00edble! Me encanta el dise\u00f1o del respaldo elevado y la tela suave. Es muy c\u00f3modo para leer en la cama\u201d.<\/p>\n<p>\u201cRecomiendo encarecidamente esta almohada a cualquiera a quien le guste relajarse en la cama. Es un punto de inflexi\u00f3n para mi comodidad y relajaci\u00f3n\u201d.<\/p>\n<p>Tallas disponibles<\/p>\n<p>Elija entre una variedad de tama\u00f1os para adaptarse perfectamente a su cama o zona de estar:<\/p>\n<p>* 100 cm (botones de 3 columnas)<br \/>\n* 120cm (4 botones de columnas)<br \/>\n* 140cm (4 botones de columnas)<br \/>\n* 160 cm (botones de 5 columnas)<br \/>\n* 180cm (botones de 6 columnas)<br \/>\n* 200 cm (botones de 7 columnas)<\/p>\n<p>Mejora tu experiencia de relajaci\u00f3n hoy con la almohada de lectura para la espalda. Pide el tuyo ahora y disfruta de la m\u00e1xima comodidad y apoyo para todas tus necesidades de descanso.<\/p>","protected":false},"excerpt":{"rendered":"<ul>\n<li><strong>M\u00e1xima comodidad:<\/strong> Esta almohada de cabecera elevada XL ofrece una comodidad excelente gracias a su dise\u00f1o de forma curva. Esta almohada de lectura en la cabecera puede ayudarlo a mantenerse libre de tensiones en el sof\u00e1 cama, el sof\u00e1 cama o el sof\u00e1, lo cual es ideal para los noct\u00e1mbulos que trabajan, los ratones de biblioteca y miran televisi\u00f3n en la cama.<\/li>\n<li><strong>Dise\u00f1o de respaldo elevado:<\/strong> Disfrute de una comodidad incomparable con el exclusivo dise\u00f1o de respaldo elevado de doble fila de nuestra almohada para cabecera. La almohada de cabecera con respaldo elevado brinda un soporte superior para el cuello y la espalda, lo que la convierte en el lugar perfecto para relajarse y leer en la cama.<\/li>\n<li><strong>Almohada multifuncional:<\/strong> Con tres formas diferentes de usarla, nuestra almohada es perfecta para cualquier situaci\u00f3n. Ya sea que prefiera usarlo como almohada vertical para la espalda, almohada en forma de cu\u00f1a o almohada para las piernas para un soporte elevado, es el accesorio ideal para un descanso y relajaci\u00f3n c\u00f3modos.<\/li>\n<li><strong>Artesan\u00eda superior:<\/strong> Fabricada con tela con apariencia de terciopelo cuya composici\u00f3n es poli\u00e9ster 100%, nuestra almohada para cabecera est\u00e1 rellena con un relleno de fibra de poli\u00e9ster ecol\u00f3gico y de alta resiliencia. El coj\u00edn de la cama desmontable es f\u00e1cil de lavar a m\u00e1quina, mientras que los peque\u00f1os bolsillos laterales a\u00f1aden practicidad a este producto ya de por s\u00ed lujoso.<\/li>\n<li><strong>F\u00e1cil de lavar:<\/strong> La funda de almohada de la cabecera est\u00e1 unida al interior de la almohada con botones y es f\u00e1cil de quitar con una simple cremallera. Esto hace que su limpieza sea sencilla. Simplemente retire la funda y lave r\u00e1pidamente a m\u00e1quina para que su almohada luzca como nueva.<\/li>\n<li><strong>Tama\u00f1o:<\/strong> 100 cm (L100 x W26 x H55 | 3 botones de columnas), 120 cm (L120 x W26 x H55 | 4 botones de columnas), 140 cm (L140 x W26 x H55 | 4 botones de columnas), 160 cm (L160 x W26 x H55 | 5 botones de columnas) ), 180 cm (L180 x W26 x H55 | 6 botones de columnas), 200 cm (L200 x W26 x H55 | 7 botones de columnas).<\/li>\n<\/ul>","protected":false},"featured_media":889,"comment_status":"open","ping_status":"closed","template":"","meta":[],"product_brand":[],"product_cat":[15],"product_tag":[102,109,161,168,177,143,59,71,120,65],"class_list":{"0":"post-898","1":"product","2":"type-product","3":"status-publish","4":"has-post-thumbnail","6":"product_cat-large-wedge-pillow","7":"product_tag-couch-pillow","8":"product_tag-daybed-cushion","9":"product_tag-elevated-headboard-pillow","10":"product_tag-headboard-pillow","11":"product_tag-luxury-pillow","12":"product_tag-multifunctional-pillow","13":"product_tag-reading-pillow","14":"product_tag-tv-pillow","15":"product_tag-velvet-pillow","16":"product_tag-wedge-pillow","18":"first","19":"instock","20":"shipping-taxable","21":"purchasable","22":"product-type-variable"},"_links":{"self":[{"href":"https:\/\/www.largepillow.com\/es\/wp-json\/wp\/v2\/product\/898","targetHints":{"allow":["GET"]}}],"collection":[{"href":"https:\/\/www.largepillow.com\/es\/wp-json\/wp\/v2\/product"}],"about":[{"href":"https:\/\/www.largepillow.com\/es\/wp-json\/wp\/v2\/types\/product"}],"replies":[{"embeddable":true,"href":"https:\/\/www.largepillow.com\/es\/wp-json\/wp\/v2\/comments?post=898"}],"wp:featuredmedia":[{"embeddable":true,"href":"https:\/\/www.largepillow.com\/es\/wp-json\/wp\/v2\/media\/889"}],"wp:attachment":[{"href":"https:\/\/www.largepillow.com\/es\/wp-json\/wp\/v2\/media?parent=898"}],"wp:term":[{"taxonomy":"product_brand","embeddable":true,"href":"https:\/\/www.largepillow.com\/es\/wp-json\/wp\/v2\/product_brand?post=898"},{"taxonomy":"product_cat","embeddable":true,"href":"https:\/\/www.largepillow.com\/es\/wp-json\/wp\/v2\/product_cat?post=898"},{"taxonomy":"product_tag","embeddable":true,"href":"https:\/\/www.largepillow.com\/es\/wp-json\/wp\/v2\/product_tag?post=898"}],"curies":[{"name":"Gracias","href":"https:\/\/api.w.org\/{rel}","templated":true}]}}