{"id":914,"date":"2022-09-18T08:07:44","date_gmt":"2022-09-18T08:07:44","guid":{"rendered":"https:\/\/www.largepillow.com\/product\/wedge-pillow-for-acid-reflux_37_38_39_40_41_42_43_44_45_46"},"modified":"2025-06-12T17:32:43","modified_gmt":"2025-06-12T17:32:43","slug":"almohada-de-refuerzo-para-la-cama","status":"publish","type":"product","link":"https:\/\/www.largepillow.com\/es\/product\/bolster-pillow-for-bed","title":{"rendered":"Almohada de refuerzo para la cama"},"content":{"rendered":"<p>La almohada Bolster para cama: el accesorio perfecto para una noche acogedora o un d\u00eda de descanso descansando en la cama. Esta almohada de cabecera elevada extragrande ofrece la m\u00e1xima comodidad con su exclusivo dise\u00f1o de forma curva, lo que le permite permanecer libre de tensiones mientras trabaja, lee o mira televisi\u00f3n en la cama. <\/p>\n<p>El dise\u00f1o del respaldo elevado de la almohada de la cabecera brinda un soporte superior para el cuello y la espalda, lo que la convierte en el lugar perfecto para relajarse y leer en la cama. La almohada tambi\u00e9n es perfecta para cualquier situaci\u00f3n, con tres formas diferentes de utilizarla. Ya sea que prefiera usarla como almohada vertical para la espalda, almohada en forma de cu\u00f1a o almohada para las piernas para brindar soporte elevado, esta almohada multifuncional est\u00e1 dise\u00f1ada para su comodidad.<\/p>\n<p>Confeccionada con tela con apariencia de terciopelo de alta calidad y rellena con fibra de poli\u00e9ster ecol\u00f3gica y de alta resistencia, la almohada Bolster para cama es duradera y est\u00e1 dise\u00f1ada para durar. El coj\u00edn de la cama desmontable es f\u00e1cil de lavar a m\u00e1quina, mientras que los peque\u00f1os bolsillos laterales a\u00f1aden practicidad a este producto ya de por s\u00ed lujoso.<\/p>\n<p>Disponible en seis tama\u00f1os diferentes, desde 100 cm hasta 200 cm, esta almohada es perfecta para cualquier cama, sof\u00e1, div\u00e1n o sof\u00e1. Puedes elegir el que se ajuste a tus necesidades, ya sea que quieras usarlo para leer, trabajar o simplemente relajarte.<\/p>\n<p>Y no conf\u00ede s\u00f3lo en nuestra palabra. Un cliente satisfecho coment\u00f3: \u201c\u00a1Esta almohada es incre\u00edble! Es muy c\u00f3modo y tiene el tama\u00f1o perfecto. La tela es suave y acogedora, y los m\u00faltiples botones facilitan el ajuste a tu gusto. Definitivamente vale la pena la inversi\u00f3n\u201d.<\/p>\n<p>Otro cliente satisfecho que compr\u00f3 la almohada de terciopelo Holland color caf\u00e9 dijo: \u201cEsta almohada es muy suave y c\u00f3moda. Tiene el tama\u00f1o perfecto para mi cama y el color es hermoso. Lo uso todos los d\u00edas para leer y mirar televisi\u00f3n y ha marcado una gran diferencia en mi nivel de comodidad\u201d.<\/p>\n<p>En conclusi\u00f3n, la almohada Bolster para cama es imprescindible para cualquier persona a la que le guste pasar tiempo en la cama. Ofrece m\u00e1xima comodidad, soporte superior y est\u00e1 dise\u00f1ado para durar con artesan\u00eda de alta calidad. Elige tu talla y color y experimenta la m\u00e1xima relajaci\u00f3n.<\/p>","protected":false},"excerpt":{"rendered":"<ul>\n<li><strong>M\u00e1xima comodidad:<\/strong> Esta almohada de cabecera elevada XL ofrece una comodidad excelente gracias a su dise\u00f1o de forma curva. Esta almohada de lectura en la cabecera puede ayudarlo a mantenerse libre de tensiones en el sof\u00e1 cama, el sof\u00e1 cama o el sof\u00e1, lo cual es ideal para los noct\u00e1mbulos que trabajan, los ratones de biblioteca y miran televisi\u00f3n en la cama.<\/li>\n<li><strong>Dise\u00f1o de respaldo elevado:<\/strong> Disfrute de una comodidad incomparable con el exclusivo dise\u00f1o de respaldo elevado de doble fila de nuestra almohada para cabecera. La almohada de cabecera con respaldo elevado brinda un soporte superior para el cuello y la espalda, lo que la convierte en el lugar perfecto para relajarse y leer en la cama.<\/li>\n<li><strong>Almohada multifuncional:<\/strong> Con tres formas diferentes de usarla, nuestra almohada es perfecta para cualquier situaci\u00f3n. Ya sea que prefiera usarlo como almohada vertical para la espalda, almohada en forma de cu\u00f1a o almohada para las piernas para un soporte elevado, es el accesorio ideal para un descanso y relajaci\u00f3n c\u00f3modos.<\/li>\n<li><strong>Artesan\u00eda superior:<\/strong> Fabricada con tela con apariencia de terciopelo cuya composici\u00f3n es poli\u00e9ster 100%, nuestra almohada para cabecera est\u00e1 rellena con un relleno de fibra de poli\u00e9ster ecol\u00f3gico y de alta resiliencia. El coj\u00edn de la cama desmontable es f\u00e1cil de lavar a m\u00e1quina, mientras que los peque\u00f1os bolsillos laterales a\u00f1aden practicidad a este producto ya de por s\u00ed lujoso.<\/li>\n<li><strong>F\u00e1cil de lavar:<\/strong> La funda de almohada de la cabecera est\u00e1 unida al interior de la almohada con botones y es f\u00e1cil de quitar con una simple cremallera. Esto hace que su limpieza sea sencilla. Simplemente retire la funda y lave r\u00e1pidamente a m\u00e1quina para que su almohada luzca como nueva.<\/li>\n<li><strong>Tama\u00f1o:<\/strong> 100 cm (L100 x W26 x H55 | 3 botones de columnas), 120 cm (L120 x W26 x H55 | 4 botones de columnas), 140 cm (L140 x W26 x H55 | 4 botones de columnas), 160 cm (L160 x W26 x H55 | 5 botones de columnas) ), 180 cm (L180 x W26 x H55 | 6 botones de columnas), 200 cm (L200 x W26 x H55 | 7 botones de columnas).<\/li>\n<\/ul>","protected":false},"featured_media":905,"comment_status":"open","ping_status":"closed","template":"","meta":[],"product_brand":[],"product_cat":[15],"product_tag":[178,164,161,168,179,163,143,162,65],"class_list":{"0":"post-914","1":"product","2":"type-product","3":"status-publish","4":"has-post-thumbnail","6":"product_cat-large-wedge-pillow","7":"product_tag-bolster-pillow-for-bed","8":"product_tag-detachable-bolster-bed-cushion","9":"product_tag-elevated-headboard-pillow","10":"product_tag-headboard-pillow","11":"product_tag-headboard-reading-pillow","12":"product_tag-leg-pillow","13":"product_tag-multifunctional-pillow","14":"product_tag-upright-back-pillow","15":"product_tag-wedge-pillow","17":"first","18":"instock","19":"shipping-taxable","20":"purchasable","21":"product-type-variable"},"_links":{"self":[{"href":"https:\/\/www.largepillow.com\/es\/wp-json\/wp\/v2\/product\/914","targetHints":{"allow":["GET"]}}],"collection":[{"href":"https:\/\/www.largepillow.com\/es\/wp-json\/wp\/v2\/product"}],"about":[{"href":"https:\/\/www.largepillow.com\/es\/wp-json\/wp\/v2\/types\/product"}],"replies":[{"embeddable":true,"href":"https:\/\/www.largepillow.com\/es\/wp-json\/wp\/v2\/comments?post=914"}],"wp:featuredmedia":[{"embeddable":true,"href":"https:\/\/www.largepillow.com\/es\/wp-json\/wp\/v2\/media\/905"}],"wp:attachment":[{"href":"https:\/\/www.largepillow.com\/es\/wp-json\/wp\/v2\/media?parent=914"}],"wp:term":[{"taxonomy":"product_brand","embeddable":true,"href":"https:\/\/www.largepillow.com\/es\/wp-json\/wp\/v2\/product_brand?post=914"},{"taxonomy":"product_cat","embeddable":true,"href":"https:\/\/www.largepillow.com\/es\/wp-json\/wp\/v2\/product_cat?post=914"},{"taxonomy":"product_tag","embeddable":true,"href":"https:\/\/www.largepillow.com\/es\/wp-json\/wp\/v2\/product_tag?post=914"}],"curies":[{"name":"Gracias","href":"https:\/\/api.w.org\/{rel}","templated":true}]}}