{"id":930,"date":"2022-09-18T08:29:22","date_gmt":"2022-09-18T08:29:22","guid":{"rendered":"https:\/\/www.largepillow.com\/product\/wedge-pillow-for-acid-reflux_37_38_39_40_41_42_43_44_45_46_47"},"modified":"2025-09-16T06:24:36","modified_gmt":"2025-09-16T06:24:36","slug":"cojin-de-cama","status":"publish","type":"product","link":"https:\/\/www.largepillow.com\/es\/product\/bed-bolster-cushion","title":{"rendered":"Coj\u00edn de refuerzo de cama"},"content":{"rendered":"<p>Descubra la almohada definitiva para lectura y relajaci\u00f3n: el coj\u00edn Bed Bolster<\/p>\n<p>\u00bfEst\u00e1s cansado de tensar el cuello y la espalda mientras lees o miras televisi\u00f3n en la cama? Presentamos el Bed Bolster Cushion, la almohada ultrac\u00f3moda que lleva la relajaci\u00f3n a nuevas alturas. <\/p>\n<p>Confeccionada con tela de terciopelo de poli\u00e9ster 100% y rellena con fibra de poli\u00e9ster resistente, esta almohada de cabecera de gran tama\u00f1o lo acuna con una comodidad lujosa. Su exclusivo dise\u00f1o de respaldo elevado de doble fila brinda soporte ergon\u00f3mico para la parte superior del cuerpo, lo que le permite sentarse c\u00f3modamente en la cama sin esfuerzo. <\/p>\n<p>A los clientes les encanta lo vers\u00e1til que es esta almohada. Puedes usarlo en posici\u00f3n vertical como un respaldo, inclinado como una almohada en forma de cu\u00f1a o en posici\u00f3n horizontal como una almohada para las piernas. Es el coj\u00edn multifuncional perfecto para leer, trabajar en su computadora port\u00e1til, ver pel\u00edculas o simplemente descansar en la cama. <\/p>\n<p>Como dice Lily en su rese\u00f1a: \u201cMe encanta usar esta almohada triangular gigante para apoyarme en la cama mientras leo. Es muy suave y brinda apoyo a mi espalda. Sol\u00eda sentirme inc\u00f3modo despu\u00e9s de 30 minutos de lectura, pero con esta almohada puedo pasar horas sin ning\u00fan dolor de cuello o espalda\u201d.<\/p>\n<p>El coj\u00edn acolchado para cama est\u00e1 disponible en varios anchos, desde 100 cm hasta 200 cm de ancho, para que puedas encontrar el ajuste perfecto para tu cama. Cuenta con pr\u00e1cticos bolsillos laterales para guardar el tel\u00e9fono, el control remoto, las gafas o el libro. La funda de terciopelo suave es extra\u00edble y lavable a m\u00e1quina para un f\u00e1cil cuidado.<\/p>\n<p>Si desea llevar la relajaci\u00f3n a nuevas alturas, disfrute de la comodidad del coj\u00edn Bed Bolster. Su soporte superior y su forma adaptable la convierten en la almohada definitiva para leer, trabajar o ver tus programas favoritos en la cama. \u00a1Trae lujo y comodidad a tu dormitorio hoy!<\/p>","protected":false},"excerpt":{"rendered":"<ul>\n<li><strong>M\u00e1xima comodidad:<\/strong> Esta almohada de cabecera elevada XL ofrece una comodidad excelente gracias a su dise\u00f1o de forma curva. Esta almohada de lectura en la cabecera puede ayudarlo a mantenerse libre de tensiones en el sof\u00e1 cama, el sof\u00e1 cama o el sof\u00e1, lo cual es ideal para los noct\u00e1mbulos que trabajan, los ratones de biblioteca y miran televisi\u00f3n en la cama.<\/li>\n<li><strong>Dise\u00f1o de respaldo elevado:<\/strong> Disfrute de una comodidad incomparable con el exclusivo dise\u00f1o de respaldo elevado de doble fila de nuestra almohada para cabecera. La almohada de cabecera con respaldo elevado brinda un soporte superior para el cuello y la espalda, lo que la convierte en el lugar perfecto para relajarse y leer en la cama.<\/li>\n<li><strong>Almohada multifuncional:<\/strong> Con tres formas diferentes de usarla, nuestra almohada es perfecta para cualquier situaci\u00f3n. Ya sea que prefiera usarlo como almohada vertical para la espalda, almohada en forma de cu\u00f1a o almohada para las piernas para un soporte elevado, es el accesorio ideal para un descanso y relajaci\u00f3n c\u00f3modos.<\/li>\n<li><strong>Artesan\u00eda superior:<\/strong> Fabricada con tela con apariencia de terciopelo cuya composici\u00f3n es poli\u00e9ster 100%, nuestra almohada para cabecera est\u00e1 rellena con un relleno de fibra de poli\u00e9ster ecol\u00f3gico y de alta resiliencia. El coj\u00edn de la cama desmontable es f\u00e1cil de lavar a m\u00e1quina, mientras que los peque\u00f1os bolsillos laterales a\u00f1aden practicidad a este producto ya de por s\u00ed lujoso.<\/li>\n<li><strong>F\u00e1cil de lavar:<\/strong> La funda de almohada de la cabecera est\u00e1 unida al interior de la almohada con botones y es f\u00e1cil de quitar con una simple cremallera. Esto hace que su limpieza sea sencilla. Simplemente retire la funda y lave r\u00e1pidamente a m\u00e1quina para que su almohada luzca como nueva.<\/li>\n<li><strong>Tama\u00f1o:<\/strong> 100 cm (L100 x W26 x H55 | 3 botones de columnas), 120 cm (L120 x W26 x H55 | 4 botones de columnas), 140 cm (L140 x W26 x H55 | 4 botones de columnas), 160 cm (L160 x W26 x H55 | 5 botones de columnas) ), 180 cm (L180 x W26 x H55 | 6 botones de columnas), 200 cm (L200 x W26 x H55 | 7 botones de columnas).<\/li>\n<\/ul>","protected":false},"featured_media":921,"comment_status":"open","ping_status":"closed","template":"","meta":[],"product_brand":[],"product_cat":[15],"product_tag":[60,174,164,161,177,143,76,176,162,175,120,65],"class_list":{"0":"post-930","1":"product","2":"type-product","3":"status-publish","4":"has-post-thumbnail","6":"product_cat-large-wedge-pillow","7":"product_tag-backrest-pillow","8":"product_tag-bed-bolster-cushion","9":"product_tag-detachable-bolster-bed-cushion","10":"product_tag-elevated-headboard-pillow","11":"product_tag-luxury-pillow","12":"product_tag-multifunctional-pillow","13":"product_tag-neck-support-pillow","14":"product_tag-practical-pillow","15":"product_tag-upright-back-pillow","16":"product_tag-velvet-fabric-pillow","17":"product_tag-velvet-pillow","18":"product_tag-wedge-pillow","20":"first","21":"instock","22":"shipping-taxable","23":"purchasable","24":"product-type-variable"},"_links":{"self":[{"href":"https:\/\/www.largepillow.com\/es\/wp-json\/wp\/v2\/product\/930","targetHints":{"allow":["GET"]}}],"collection":[{"href":"https:\/\/www.largepillow.com\/es\/wp-json\/wp\/v2\/product"}],"about":[{"href":"https:\/\/www.largepillow.com\/es\/wp-json\/wp\/v2\/types\/product"}],"replies":[{"embeddable":true,"href":"https:\/\/www.largepillow.com\/es\/wp-json\/wp\/v2\/comments?post=930"}],"wp:featuredmedia":[{"embeddable":true,"href":"https:\/\/www.largepillow.com\/es\/wp-json\/wp\/v2\/media\/921"}],"wp:attachment":[{"href":"https:\/\/www.largepillow.com\/es\/wp-json\/wp\/v2\/media?parent=930"}],"wp:term":[{"taxonomy":"product_brand","embeddable":true,"href":"https:\/\/www.largepillow.com\/es\/wp-json\/wp\/v2\/product_brand?post=930"},{"taxonomy":"product_cat","embeddable":true,"href":"https:\/\/www.largepillow.com\/es\/wp-json\/wp\/v2\/product_cat?post=930"},{"taxonomy":"product_tag","embeddable":true,"href":"https:\/\/www.largepillow.com\/es\/wp-json\/wp\/v2\/product_tag?post=930"}],"curies":[{"name":"Gracias","href":"https:\/\/api.w.org\/{rel}","templated":true}]}}