{"id":946,"date":"2022-09-18T08:36:16","date_gmt":"2022-09-18T08:36:16","guid":{"rendered":"https:\/\/www.largepillow.com\/product\/wedge-pillow-for-acid-reflux_37_38_39_40_41_42_43_44_45_46_47_48"},"modified":"2024-10-03T16:31:35","modified_gmt":"2024-10-03T16:31:35","slug":"cojin-para-la-cama","status":"publish","type":"product","link":"https:\/\/www.largepillow.com\/es\/product\/bolster-cushion-for-bed","title":{"rendered":"Coj\u00edn de refuerzo para cama"},"content":{"rendered":"<p>Lo \u00faltimo en comodidad y apoyo: coj\u00edn reforzado para cama<\/p>\n<p>\u00bfEst\u00e1s cansado de las almohadas inc\u00f3modas y que no te dan apoyo y te dejan cansado y dolorido? No busques m\u00e1s que el coj\u00edn reforzado para cama, la soluci\u00f3n a todos tus problemas a la hora de dormir.<\/p>\n<p>Comodidad y soporte para la espalda incomparables<\/p>\n<p>Esta almohada de cabecera elevada presenta un dise\u00f1o de forma curva que se adapta a su cuerpo y brinda una comodidad excepcional. Su exclusivo respaldo elevado de doble fila ofrece un soporte incomparable para el cuello y la espalda, lo que lo hace ideal para ratones de biblioteca, noct\u00e1mbulos y entusiastas de la televisi\u00f3n.<\/p>\n<p>Multifuncional y vers\u00e1til<\/p>\n<p>Con tres formas vers\u00e1tiles de usarlo, el coj\u00edn Bolster es el compa\u00f1ero perfecto para cualquier situaci\u00f3n. \u00daselo como almohada vertical para la espalda para una lectura c\u00f3moda, como almohada en forma de cu\u00f1a para un soporte elevado para las piernas o como almohada para las piernas para mayor comodidad.<\/p>\n<p>Artesan\u00eda y materiales excepcionales<\/p>\n<p>Confeccionado con una lujosa tela con apariencia de terciopelo (poli\u00e9ster 100%), el relleno de fibra de poli\u00e9ster ecol\u00f3gico del coj\u00edn Bolster garantiza una alta resistencia y soporte. Su coj\u00edn desmontable hace que sea incre\u00edblemente f\u00e1cil de lavar a m\u00e1quina, mientras que los peque\u00f1os bolsillos laterales a\u00f1aden funcionalidad.<\/p>\n<p>Facil mantenimiento<\/p>\n<p>Mantener el coj\u00edn reforzado es muy sencillo. La funda de almohada de la cabecera se fija con botones y cuenta con una c\u00f3moda cremallera para quitarla sin esfuerzo. Simplemente retira la funda y m\u00e9tela en la lavadora para refrescarla.<\/p>\n<p>Disponible en un rango de tallas<\/p>\n<p>Elige entre una variedad de tama\u00f1os para adaptarse perfectamente a tu cama y a tus necesidades: 100 cm, 120 cm, 140 cm, 160 cm, 180 cm y 200 cm.<\/p>\n<p>Recomendaciones de clientes<\/p>\n<p>No conf\u00ede s\u00f3lo en nuestra palabra. Esto es lo que los clientes satisfechos tienen que decir:<\/p>\n<p>\u201cEste coj\u00edn de refuerzo cambia las reglas del juego. Ha mejorado completamente la calidad de mi sue\u00f1o y el soporte para mi espalda\u201d. \u2013 Sara J.<br \/>\n\u201cComo lector voraz, esta almohada ha hecho que la hora de dormir sea una experiencia verdaderamente relajante. Es muy c\u00f3modo y brinda apoyo\u201d. \u2013 Juan F.<br \/>\n\u201cMe encanta la versatilidad de este coj\u00edn. Es perfecto para leer, mirar televisi\u00f3n o incluso como reposapiernas\u201d. \u2013 Mar\u00eda K.<\/p>\n<p>Mejore su rutina a la hora de acostarse con el coj\u00edn reforzado<\/p>\n<p>Mejore la experiencia de su dormitorio con el coj\u00edn reforzado para cama. Su excepcional comodidad, soporte, versatilidad y f\u00e1cil mantenimiento transformar\u00e1n sus noches en un remanso de relajaci\u00f3n y rejuvenecimiento.<\/p>","protected":false},"excerpt":{"rendered":"<ul>\n<li><strong>M\u00e1xima comodidad:<\/strong> Esta almohada de cabecera elevada XL ofrece una comodidad excelente gracias a su dise\u00f1o de forma curva. Esta almohada de lectura en la cabecera puede ayudarlo a mantenerse libre de tensiones en el sof\u00e1 cama, el sof\u00e1 cama o el sof\u00e1, lo cual es ideal para los noct\u00e1mbulos que trabajan, los ratones de biblioteca y miran televisi\u00f3n en la cama.<\/li>\n<li><strong>Dise\u00f1o de respaldo elevado:<\/strong> Disfrute de una comodidad incomparable con el exclusivo dise\u00f1o de respaldo elevado de doble fila de nuestra almohada para cabecera. La almohada de cabecera con respaldo elevado brinda un soporte superior para el cuello y la espalda, lo que la convierte en el lugar perfecto para relajarse y leer en la cama.<\/li>\n<li><strong>Almohada multifuncional:<\/strong> Con tres formas diferentes de usarla, nuestra almohada es perfecta para cualquier situaci\u00f3n. Ya sea que prefiera usarlo como almohada vertical para la espalda, almohada en forma de cu\u00f1a o almohada para las piernas para un soporte elevado, es el accesorio ideal para un descanso y relajaci\u00f3n c\u00f3modos.<\/li>\n<li><strong>Artesan\u00eda superior:<\/strong> Fabricada con tela con apariencia de terciopelo cuya composici\u00f3n es poli\u00e9ster 100%, nuestra almohada para cabecera est\u00e1 rellena con un relleno de fibra de poli\u00e9ster ecol\u00f3gico y de alta resiliencia. El coj\u00edn de la cama desmontable es f\u00e1cil de lavar a m\u00e1quina, mientras que los peque\u00f1os bolsillos laterales a\u00f1aden practicidad a este producto ya de por s\u00ed lujoso.<\/li>\n<li><strong>F\u00e1cil de lavar:<\/strong> La funda de almohada de la cabecera est\u00e1 unida al interior de la almohada con botones y es f\u00e1cil de quitar con una simple cremallera. Esto hace que su limpieza sea sencilla. Simplemente retire la funda y lave r\u00e1pidamente a m\u00e1quina para que su almohada luzca como nueva.<\/li>\n<li><strong>Tama\u00f1o:<\/strong> 100 cm (L100 x W26 x H55 | 3 botones de columnas), 120 cm (L120 x W26 x H55 | 4 botones de columnas), 140 cm (L140 x W26 x H55 | 4 botones de columnas), 160 cm (L160 x W26 x H55 | 5 botones de columnas) ), 180 cm (L180 x W26 x H55 | 6 botones de columnas), 200 cm (L200 x W26 x H55 | 7 botones de columnas).<\/li>\n<\/ul>","protected":false},"featured_media":937,"comment_status":"open","ping_status":"closed","template":"","meta":[],"product_brand":[],"product_cat":[15],"product_tag":[108,173,161,168,143,120,65],"class_list":{"0":"post-946","1":"product","2":"type-product","3":"status-publish","4":"has-post-thumbnail","6":"product_cat-large-wedge-pillow","7":"product_tag-bed-cushion","8":"product_tag-bolster-cushion","9":"product_tag-elevated-headboard-pillow","10":"product_tag-headboard-pillow","11":"product_tag-multifunctional-pillow","12":"product_tag-velvet-pillow","13":"product_tag-wedge-pillow","15":"first","16":"instock","17":"shipping-taxable","18":"purchasable","19":"product-type-variable"},"_links":{"self":[{"href":"https:\/\/www.largepillow.com\/es\/wp-json\/wp\/v2\/product\/946","targetHints":{"allow":["GET"]}}],"collection":[{"href":"https:\/\/www.largepillow.com\/es\/wp-json\/wp\/v2\/product"}],"about":[{"href":"https:\/\/www.largepillow.com\/es\/wp-json\/wp\/v2\/types\/product"}],"replies":[{"embeddable":true,"href":"https:\/\/www.largepillow.com\/es\/wp-json\/wp\/v2\/comments?post=946"}],"wp:featuredmedia":[{"embeddable":true,"href":"https:\/\/www.largepillow.com\/es\/wp-json\/wp\/v2\/media\/937"}],"wp:attachment":[{"href":"https:\/\/www.largepillow.com\/es\/wp-json\/wp\/v2\/media?parent=946"}],"wp:term":[{"taxonomy":"product_brand","embeddable":true,"href":"https:\/\/www.largepillow.com\/es\/wp-json\/wp\/v2\/product_brand?post=946"},{"taxonomy":"product_cat","embeddable":true,"href":"https:\/\/www.largepillow.com\/es\/wp-json\/wp\/v2\/product_cat?post=946"},{"taxonomy":"product_tag","embeddable":true,"href":"https:\/\/www.largepillow.com\/es\/wp-json\/wp\/v2\/product_tag?post=946"}],"curies":[{"name":"Gracias","href":"https:\/\/api.w.org\/{rel}","templated":true}]}}