{"id":1020,"date":"2022-09-19T02:04:52","date_gmt":"2022-09-19T02:04:52","guid":{"rendered":"https:\/\/www.largepillow.com\/product\/wedge-bolster-cushion"},"modified":"2025-10-10T20:34:10","modified_gmt":"2025-10-10T20:34:10","slug":"suur-kehapadi-2","status":"publish","type":"product","link":"https:\/\/www.largepillow.com\/et\/product\/large-body-cushion","title":{"rendered":"Suur kehapadi"},"content":{"rendered":"<p>Find the Perfect Reading and Relaxation Pillow<\/p>\n<p>Are you looking for the ideal pillow to curl up with while reading a good book or binging your favorite TV shows? Allow us to introduce our Large Body Cushion &#8211; the perfect back-supporting, ultra-comfortable reading and relaxation pillow. <\/p>\n<p>With its soft yet supportive rectangular shape, this cushion conforms nicely behind your back to provide just the right amount of lumbar support whether you&#8217;re sitting up in bed, on the couch, or wherever you like to relax. The resilient micro polyester fill strikes a perfect balance between squishy softness and shape-retaining structure. <\/p>\n<p>As one happy customer said, &#8220;This pillow is made of breathable cotton and linen material that stays cool even during hot summer days.&#8221; <\/p>\n<p>Another noted, &#8220;I love the bright, sunny yellow color of this cushion. It really brightens up my bedroom.&#8221;<\/p>\n<p>This oversized pillow isn&#8217;t just great for lounging. Expectant mothers can also use it as a pregnancy pillow to support their growing bellies and alleviate aches and pains. Or place it on the floor for comfortable yoga and floor exercise sessions. <\/p>\n<p>With its classic tufted detailing and array of color options from sober solids to eye-catching patterns, the body cushion adds a decorative accent to any room. No need for a headboard &#8211; just prop this pillow against the wall behind your bed. Its handsome good looks even lend it to serve as an impromptu guest bed.<\/p>\n<p>Caring for this pillow is a breeze thanks to its removable cover that can be easily unzipped and popped in the washing machine. <\/p>\n<p>So why wait? Get your Large Body Cushion today and enjoy plush comfort and support for reading, relaxing, expecting, and everything in between!<\/p>","protected":false},"excerpt":{"rendered":"<ul>\n<li><strong>IDEAALNE LUGEMISPADI:<\/strong> Ristk\u00fclikukujulise pehmendusega voodi\u00e4\u00e4rne lugemispadi toimib ideaalselt nimmepadjana, pakkudes pehmet seljatuge, kui istud voodil lugemiseks, telekat vaatamiseks, telefonis surfamiseks, tahvelarvutis surfamiseks, videom\u00e4ngude m\u00e4ngimiseks, jooga harjutamiseks, rinnaga toitmiseks ja operatsioonij\u00e4rgseks puhkuseks.<\/li>\n<li><strong>MUGAV KEHAPADI:<\/strong> Suure keha padjana asendab see k\u00f5iki tavalisi vooditoe v\u00f5i nimmepiirkonna patju, loob mitut asendit positsioneeriva padjana, toetades selga, \u00f5lgu, selgroogu, k\u00f5htu ja jalgu ning lasedes teie lihastel l\u00f5dvestuda. Edendab iga magaja selgroo sirget asendit, olenemata sellest, kas vajate polsterdatud vooditoe patja v\u00f5i suurt seljatuge, kui vajate lihtsalt rohkem v\u00f5i v\u00e4hem k\u00f5rgust. V\u00f5ite seda kasutada ka raseduspadjana, mis pakub tuge erinevatele kehaosadele ja leevendab rasedusvalusid.<\/li>\n<li><strong>ALGUP\u00c4RASELT KVALITEETSETEST MATERJALIDEST LOODUD:<\/strong> See ristk\u00fclikukujuline lugemispadi on kolmem\u00f5\u00f5tmeliste triipude, kangast n\u00f6\u00f6bitute ja t\u00e4ielikult \u00e4\u00e4ristatud servadega, mis eristuvad k\u00f5igist teistest seljatoepatjadest. Kuigi dekoratiivne seljatoepadi on pehme, s\u00e4ilitab see oma toetava kuju t\u00e4nu vastupidavale ja painduvale mikropol\u00fcesterkiust t\u00e4idisele. \u00d6\u00f6bimispadja kahesuunaline t\u00f5mblukk on v\u00e4ga tugev ja vastupidav pikaajaliseks kasutamiseks.<\/li>\n<li><strong>ILUS \u00d6\u00d6KIRJADEKORATIIVPADI:<\/strong> Kui vajate kiiret ja lihtsat peatsit, saab seda polsterdatud peatsiga lugemispatja kasutada alternatiivina, olles samal ajal kaunis voodikaunistus. Selle elegantne disain lisab teie magamistuppa kutsuva ilme. Oma atraktiivse v\u00e4limusega on see originaalne voodi\u00e4\u00e4rne seljatoepadi reguleeritav magamistuppa, hotelli, haiglasse, aknalauale, diivanile, diivanvoodile, narivoodile, \u00fchiselamu voodile v\u00f5i platvormvoodile.<\/li>\n<li><strong>EEMALDATAV NIMMEPADJA KATE JA LIHTNE PESEMA:<\/strong> Voodipuhkuse padjap\u00fc\u00fcri saab h\u00f5lpsalt eemaldada, avades luku ja n\u00f6\u00f6bid lugemispadjap\u00fc\u00fcrilt ning lastes selle pesumasinas pesta.<\/li>\n<li><strong>Kangas:<\/strong> Pol\u00fcestri ja linase segu.<\/li>\n<li><strong>Suurus:<\/strong> 100x50x8cm (3 nuppu), 120x50x8cm (4 nuppu), 140x50x8cm (4 nuppu), 160x50x8cm (5 nuppu), 180x50x8cm (6 nuppu), 200x50x8cm (7 nuppu)<\/li>\n<\/ul>","protected":false},"featured_media":1005,"comment_status":"open","ping_status":"closed","template":"","meta":[],"product_brand":[],"product_cat":[28],"product_tag":[66,133,124,115,155,79,144,118,59,125,123],"class_list":{"0":"post-1020","1":"product","2":"type-product","3":"status-publish","4":"has-post-thumbnail","6":"product_cat-large-body-pillow","7":"product_tag-back-support-pillow","8":"product_tag-bedroom-decor-pillow","9":"product_tag-bedside-decorative-pillow","10":"product_tag-comfortable-body-pillow","11":"product_tag-large-body-cushion","12":"product_tag-lumbar-pillow","13":"product_tag-positioner-pillow","14":"product_tag-pregnancy-pillow","15":"product_tag-reading-pillow","16":"product_tag-removable-pillow-cover","17":"product_tag-upholstered-bedrest-pillow","19":"first","20":"instock","21":"featured","22":"shipping-taxable","23":"purchasable","24":"product-type-variable"},"_links":{"self":[{"href":"https:\/\/www.largepillow.com\/et\/wp-json\/wp\/v2\/product\/1020","targetHints":{"allow":["GET"]}}],"collection":[{"href":"https:\/\/www.largepillow.com\/et\/wp-json\/wp\/v2\/product"}],"about":[{"href":"https:\/\/www.largepillow.com\/et\/wp-json\/wp\/v2\/types\/product"}],"replies":[{"embeddable":true,"href":"https:\/\/www.largepillow.com\/et\/wp-json\/wp\/v2\/comments?post=1020"}],"wp:featuredmedia":[{"embeddable":true,"href":"https:\/\/www.largepillow.com\/et\/wp-json\/wp\/v2\/media\/1005"}],"wp:attachment":[{"href":"https:\/\/www.largepillow.com\/et\/wp-json\/wp\/v2\/media?parent=1020"}],"wp:term":[{"taxonomy":"product_brand","embeddable":true,"href":"https:\/\/www.largepillow.com\/et\/wp-json\/wp\/v2\/product_brand?post=1020"},{"taxonomy":"product_cat","embeddable":true,"href":"https:\/\/www.largepillow.com\/et\/wp-json\/wp\/v2\/product_cat?post=1020"},{"taxonomy":"product_tag","embeddable":true,"href":"https:\/\/www.largepillow.com\/et\/wp-json\/wp\/v2\/product_tag?post=1020"}],"curies":[{"name":"wp","href":"https:\/\/api.w.org\/{rel}","templated":true}]}}