{"id":1038,"date":"2022-09-19T02:09:34","date_gmt":"2022-09-19T02:09:34","guid":{"rendered":"https:\/\/www.largepillow.com\/product\/living-wedge-bolster"},"modified":"2025-09-19T02:32:00","modified_gmt":"2025-09-19T02:32:00","slug":"voodi-keha-padi","status":"publish","type":"product","link":"https:\/\/www.largepillow.com\/et\/product\/bed-body-pillow","title":{"rendered":"Voodi keha padi"},"content":{"rendered":"<p>Voodi kehapadi: \u00fclim mugavuslahendus lugemiseks, puhkamiseks ja sisustamiseks<\/p>\n<p>Kas otsite patja, mis pakub v\u00f5rratut mugavust mitmete tegevuste jaoks ja parandab teie magamistoa esteetikat? Bed Body Pillow on mitmek\u00fclgne ja stiilne padi, mis vastab k\u00f5igile teie vajadustele.<\/p>\n<p>Ideaalne lugemispadi<\/p>\n<p>Oma ristk\u00fclikukujulise kujuga pakub voodipea padi optimaalset seljatuge, kui istute voodil lugemiseks, telekat vaatamiseks, telefonis surfamiseks v\u00f5i muudeks l\u00f5\u00f5gastavateks tegevusteks. Selle pehme polsterdus tagab tundideks mugava toe, v\u00f5imaldades teil sukelduda oma lemmikromaani v\u00f5i vaadata lemmiksaateid ilma ebamugavustundeta.<\/p>\n<p>Mugav kehapadi<\/p>\n<p>See suur kehapadi asendab k\u00f5ik teie tavalised vooditoe- v\u00f5i nimmepadjad, pakkudes mitut asendit selja, \u00f5lgade, selgroo, k\u00f5hu, jalgade ja muu toetamiseks. See soodustab selgroo sirget tasakaalu k\u00f5igile magajatele, olenemata nende eelistatud asendist. Olenemata sellest, kas vajate toetavat vooditoe- v\u00f5i suurt seljatugepatja, on Bed Body Pillow teie jaoks olemas.<\/p>\n<p>Kvaliteetsed materjalid ja konstruktsioon<\/p>\n<p>Voodipesupadi on hoolikalt valmistatud kvaliteetsetest materjalidest, millel on kolmem\u00f5\u00f5tmelised triibud, kangast n\u00f6\u00f6bitupsud ja t\u00e4ielikult \u00e4\u00e4ristatud servad. Selle vastupidav kahesuunaline lukk tagab pikaealisuse ja kasutusmugavuse. Elastne mikropol\u00fcesterkiudt\u00e4idis s\u00e4ilitab aja jooksul oma toetava kuju, pakkudes j\u00e4rjepidevat mugavust.<\/p>\n<p>Ilus voodikaunistus<\/p>\n<p>Kui soovite oma magamistuppa elegantsi lisada, sobib voodipeatsiks ka Bed Body Pillow. Selle atraktiivne disain loob kutsuva atmosf\u00e4\u00e4ri ja sobib iga sisustusstiiliga. See on ideaalne lisa magamistubadesse, hotellidesse, haiglatesse, aknalaudadele ja paljudesse muudesse kohtadesse.<\/p>\n<p>Eemaldatav padjap\u00fc\u00fcr ja lihtne hooldus<\/p>\n<p>Voodipesupadjal on eemaldatav padjap\u00fc\u00fcr, mida saab pesumasinas h\u00f5lpsalt pesta. Lihtsalt avage lukk, v\u00f5tke n\u00f6\u00f6bid lahti ja visake see pesumasinasse.<\/p>\n<p>Klientide arvustused<\/p>\n<p>\u201cMa armastan seda patja! See on parim voodis lugemiseks. See on nii mugav ja toetav.\u201d \u2013 Kinnitatud ostja<\/p>\n<p>\u201cSee padi on elup\u00e4\u00e4stja! See aitab mul leevendada valu ja ebamugavustunnet p\u00e4rast operatsiooni.\u201d \u2013 Kinnitatud ostja<\/p>\n<p>\u201cKasutan seda patja peatsipeana ja see n\u00e4eb h\u00e4mmastav v\u00e4lja. Sellele on ka v\u00e4ga mugav toetuda.\u201d \u2013 Kinnitatud ostja<\/p>\n<p>Saadaval olevad suurused<\/p>\n<p>Erinevate voodisuuruste ja isiklike eelistuste rahuldamiseks on voodikehapadi saadaval erinevates suurustes:<\/p>\n<p>* 100x50x8cm (3 n\u00f6\u00f6pi)<br \/>\n* 120x50x8cm (4 n\u00f6\u00f6pi)<br \/>\n* 140x50x8cm (4 n\u00f6\u00f6pi)<br \/>\n* 160x50x8cm (5 n\u00f6\u00f6pi)<br \/>\n* 180x50x8cm (6 n\u00f6\u00f6pi)<br \/>\n* 200x50x8cm (7 n\u00f6\u00f6pi)<\/p>\n<p>Kui otsid patja, mis \u00fchendab endas mugavuse, funktsionaalsuse ja stiili, on Bed Body Pillow ideaalne valik. Telli oma juba t\u00e4na ja koge \u00fclimat l\u00f5\u00f5gastust ja tuge nii voodis kui ka v\u00e4ljaspool seda.<\/p>","protected":false},"excerpt":{"rendered":"<ul>\n<li><strong>IDEAALNE LUGEMISPADI:<\/strong> Ristk\u00fclikukujulise pehmendusega voodi\u00e4\u00e4rne lugemispadi toimib ideaalselt nimmepadjana, pakkudes pehmet seljatuge, kui istud voodil lugemiseks, telekat vaatamiseks, telefonis surfamiseks, tahvelarvutis surfamiseks, videom\u00e4ngude m\u00e4ngimiseks, jooga harjutamiseks, rinnaga toitmiseks ja operatsioonij\u00e4rgseks puhkuseks.<\/li>\n<li><strong>MUGAV KEHAPADI:<\/strong> Suure keha padjana asendab see k\u00f5iki tavalisi vooditoe v\u00f5i nimmepiirkonna patju, loob mitut asendit positsioneeriva padjana, toetades selga, \u00f5lgu, selgroogu, k\u00f5htu ja jalgu ning lasedes teie lihastel l\u00f5dvestuda. Edendab iga magaja selgroo sirget asendit, olenemata sellest, kas vajate polsterdatud vooditoe patja v\u00f5i suurt seljatuge, kui vajate lihtsalt rohkem v\u00f5i v\u00e4hem k\u00f5rgust. V\u00f5ite seda kasutada ka raseduspadjana, mis pakub tuge erinevatele kehaosadele ja leevendab rasedusvalusid.<\/li>\n<li><strong>ALGUP\u00c4RASELT KVALITEETSETEST MATERJALIDEST LOODUD:<\/strong> See ristk\u00fclikukujuline lugemispadi on kolmem\u00f5\u00f5tmeliste triipude, kangast n\u00f6\u00f6bitute ja t\u00e4ielikult \u00e4\u00e4ristatud servadega, mis eristuvad k\u00f5igist teistest seljatoepatjadest. Kuigi dekoratiivne seljatoepadi on pehme, s\u00e4ilitab see oma toetava kuju t\u00e4nu vastupidavale ja painduvale mikropol\u00fcesterkiust t\u00e4idisele. \u00d6\u00f6bimispadja kahesuunaline t\u00f5mblukk on v\u00e4ga tugev ja vastupidav pikaajaliseks kasutamiseks.<\/li>\n<li><strong>ILUS \u00d6\u00d6KIRJADEKORATIIVPADI:<\/strong> Kui vajate kiiret ja lihtsat peatsit, saab seda polsterdatud peatsiga lugemispatja kasutada alternatiivina, olles samal ajal kaunis voodikaunistus. Selle elegantne disain lisab teie magamistuppa kutsuva ilme. Oma atraktiivse v\u00e4limusega on see originaalne voodi\u00e4\u00e4rne seljatoepadi reguleeritav magamistuppa, hotelli, haiglasse, aknalauale, diivanile, diivanvoodile, narivoodile, \u00fchiselamu voodile v\u00f5i platvormvoodile.<\/li>\n<li><strong>EEMALDATAV NIMMEPADJA KATE JA LIHTNE PESEMA:<\/strong> Voodipuhkuse padjap\u00fc\u00fcri saab h\u00f5lpsalt eemaldada, avades luku ja n\u00f6\u00f6bid lugemispadjap\u00fc\u00fcrilt ning lastes selle pesumasinas pesta.<\/li>\n<li><strong>Kangas:<\/strong> Pol\u00fcestri ja linase segu.<\/li>\n<li><strong>Suurus:<\/strong> 100x50x8cm (3 nuppu), 120x50x8cm (4 nuppu), 140x50x8cm (4 nuppu), 160x50x8cm (5 nuppu), 180x50x8cm (6 nuppu), 200x50x8cm (7 nuppu)<\/li>\n<\/ul>","protected":false},"featured_media":1027,"comment_status":"open","ping_status":"closed","template":"","meta":[],"product_brand":[],"product_cat":[28],"product_tag":[66,142,115,154,79,141,144,118],"class_list":{"0":"post-1038","1":"product","2":"type-product","3":"status-publish","4":"has-post-thumbnail","6":"product_cat-large-body-pillow","7":"product_tag-back-support-pillow","8":"product_tag-bedside-reading-pillow","9":"product_tag-comfortable-body-pillow","10":"product_tag-large-body-pillow","11":"product_tag-lumbar-pillow","12":"product_tag-perfect-reading-pillow","13":"product_tag-positioner-pillow","14":"product_tag-pregnancy-pillow","16":"first","17":"instock","18":"featured","19":"shipping-taxable","20":"purchasable","21":"product-type-variable"},"_links":{"self":[{"href":"https:\/\/www.largepillow.com\/et\/wp-json\/wp\/v2\/product\/1038","targetHints":{"allow":["GET"]}}],"collection":[{"href":"https:\/\/www.largepillow.com\/et\/wp-json\/wp\/v2\/product"}],"about":[{"href":"https:\/\/www.largepillow.com\/et\/wp-json\/wp\/v2\/types\/product"}],"replies":[{"embeddable":true,"href":"https:\/\/www.largepillow.com\/et\/wp-json\/wp\/v2\/comments?post=1038"}],"wp:featuredmedia":[{"embeddable":true,"href":"https:\/\/www.largepillow.com\/et\/wp-json\/wp\/v2\/media\/1027"}],"wp:attachment":[{"href":"https:\/\/www.largepillow.com\/et\/wp-json\/wp\/v2\/media?parent=1038"}],"wp:term":[{"taxonomy":"product_brand","embeddable":true,"href":"https:\/\/www.largepillow.com\/et\/wp-json\/wp\/v2\/product_brand?post=1038"},{"taxonomy":"product_cat","embeddable":true,"href":"https:\/\/www.largepillow.com\/et\/wp-json\/wp\/v2\/product_cat?post=1038"},{"taxonomy":"product_tag","embeddable":true,"href":"https:\/\/www.largepillow.com\/et\/wp-json\/wp\/v2\/product_tag?post=1038"}],"curies":[{"name":"wp","href":"https:\/\/api.w.org\/{rel}","templated":true}]}}