{"id":10595,"date":"2025-07-29T06:53:48","date_gmt":"2025-07-29T06:53:48","guid":{"rendered":"https:\/\/www.largepillow.com\/product\/bean-bag-lounger-sofa-giant-floor-couch-for-adults"},"modified":"2025-07-29T12:28:41","modified_gmt":"2025-07-29T12:28:41","slug":"tumbavoodiga-tugitool-taiskasvanutele-hiiglaslik-porandadiivan","status":"publish","type":"product","link":"https:\/\/www.largepillow.com\/et\/product\/bean-bag-lounger-sofa-giant-floor-couch-for-adults","title":{"rendered":"Kott-tool-diivan \u2013 hiiglaslik p\u00f5randadiivan t\u00e4iskasvanutele"},"content":{"rendered":"[zc_getpagecontent mb=&#8221;mb_aplus&#8221; apid=&#8221;139&#8243;]\n","protected":false},"excerpt":{"rendered":"<ul>\n<li>Avar disain kahele (v\u00f5i enamale!): M\u00f5\u00f5tudega 167 cm * 137 cm * 43 cm (66\u2033 x 54\u2033 x 17\u2033) mahub see \u00fclisuur kottdiivan mugavalt 2-3 t\u00e4iskasvanule \u2013 ideaalne paaridele, peredele v\u00f5i s\u00f5pradele. Olenemata sellest, kas see on elutuppa, magamistuppa, m\u00e4ngutuppa v\u00f5i kontorisse, lisab see magamistuppa m\u00f5eldud tugitool hubast ja vabaaja istumiskohta k\u00f5ikjal, kus seda vajate.<\/li>\n<li>\u00dclimugav ja toetav t\u00e4idis: J\u00e4tke h\u00fcvasti l\u00e4rmakate ja longus kott-toolidega! See t\u00e4iskasvanutele m\u00f5eldud kott-diivan on t\u00e4idetud esmaklassilise koheva pol\u00fcesterkiuga \u2013 pakkudes paremat tuge ja s\u00e4ilitades paremini kuju v\u00f5rreldes traditsiooniliste kott-t\u00e4idistega. Nautige pehmet mugavust ilma t\u00fc\u00fctu kriuksumiseta.<\/li>\n<li>Stiilne uuendus klassikalisele hiiglaslikule kott-tool: oma moodsa disaini ja avarate istmetega pole see tavaline kott-tool. Ainulaadse kontuuriga kuju mahutab mugavalt 2-3 inimest, luues privaatse puhkekogemuse, mis kutsub teid l\u00f5\u00f5gastuma, puhkama ja tundma end t\u00e4ielikult toetatuna.<\/li>\n<li>Luksuslikult pehme pl\u00fc\u00fcsist kangas: See kahekohaline kott-tool on kaetud laiade triipudega l\u00fchikese pl\u00fc\u00fcsist kangaga, mis on sama pehme kui stiilne. Tekstuurne kangas pakub erakordset pehmust ja elegantsi. (M\u00e4rkus: Kangas v\u00f5ib minimaalselt maha pudeneda, kuid see ei m\u00f5juta funktsionaalsust ega mugavust.)<\/li>\n<li>Lihtne paigaldus ja hooldus: Tarnitakse \u00fches pakendis h\u00f5lpsaks transportimiseks. Suur alumine t\u00f5mblukk v\u00f5imaldab h\u00f5lpsat eemaldamist ja kate on masinas pestav, mis teeb hoolduse vaevatuks.<\/li>\n<\/ul>","protected":false},"featured_media":10582,"comment_status":"open","ping_status":"closed","template":"","meta":[],"product_brand":[],"product_cat":[228],"product_tag":[],"class_list":{"0":"post-10595","1":"product","2":"type-product","3":"status-publish","4":"has-post-thumbnail","6":"product_cat-cushions","8":"first","9":"instock","10":"sold-individually","11":"shipping-taxable","12":"purchasable","13":"product-type-simple"},"_links":{"self":[{"href":"https:\/\/www.largepillow.com\/et\/wp-json\/wp\/v2\/product\/10595","targetHints":{"allow":["GET"]}}],"collection":[{"href":"https:\/\/www.largepillow.com\/et\/wp-json\/wp\/v2\/product"}],"about":[{"href":"https:\/\/www.largepillow.com\/et\/wp-json\/wp\/v2\/types\/product"}],"replies":[{"embeddable":true,"href":"https:\/\/www.largepillow.com\/et\/wp-json\/wp\/v2\/comments?post=10595"}],"wp:featuredmedia":[{"embeddable":true,"href":"https:\/\/www.largepillow.com\/et\/wp-json\/wp\/v2\/media\/10582"}],"wp:attachment":[{"href":"https:\/\/www.largepillow.com\/et\/wp-json\/wp\/v2\/media?parent=10595"}],"wp:term":[{"taxonomy":"product_brand","embeddable":true,"href":"https:\/\/www.largepillow.com\/et\/wp-json\/wp\/v2\/product_brand?post=10595"},{"taxonomy":"product_cat","embeddable":true,"href":"https:\/\/www.largepillow.com\/et\/wp-json\/wp\/v2\/product_cat?post=10595"},{"taxonomy":"product_tag","embeddable":true,"href":"https:\/\/www.largepillow.com\/et\/wp-json\/wp\/v2\/product_tag?post=10595"}],"curies":[{"name":"wp","href":"https:\/\/api.w.org\/{rel}","templated":true}]}}