{"id":10731,"date":"2025-07-31T09:54:14","date_gmt":"2025-07-31T09:54:14","guid":{"rendered":"https:\/\/www.largepillow.com\/product\/oversized-curved-chaise-lounge-sofa-sleeper-for-living-room"},"modified":"2025-08-13T01:58:41","modified_gmt":"2025-08-13T01:58:41","slug":"ulisuur-kumer-lamamistool-diivanvoodi-elutuppa","status":"publish","type":"product","link":"https:\/\/www.largepillow.com\/et\/product\/oversized-curved-chaise-lounge-sofa-sleeper-for-living-room","title":{"rendered":"\u00dclisuur kumer lamamistool diivanvoodi elutuppa"},"content":{"rendered":"[zc_getpagecontent mb=&#8221;mb_aplus&#8221; apid=&#8221;141&#8243;]\n","protected":false},"excerpt":{"rendered":"<ul>\n<li>Eriti suur mugavus: M\u00f5\u00f5tudega 64\u2033 x 51\u2033 x 25\u2033 (160 cm * 128 cm * 64 cm) sobib see \u00fclisuur diivan mugavalt 2-3 inimesele. Ergonoomiline kaarjas disain toetab teie keha loomulikku kumerust, pakkudes suurep\u00e4rast mugavust mitme lamamisnurga all \u2013 ideaalne l\u00f5\u00f5gastumiseks, uinakute tegemiseks v\u00f5i koos l\u00f5\u00f5gastumiseks.<\/li>\n<li>Pehme tugi kohtub p\u00fcsiva vastupidavusega: See tugitool on valmistatud vastupidavast vahtp\u00f5hjast ja kaetud \u00fclipehme pol\u00fcesterkiust padjaga, pakkudes ideaalset segu kindlast toest ja pilvelaadsest pehmusest. Nautige luksuslikku istumiskogemust, mis l\u00f5\u00f5gastab teie keha.<\/li>\n<li>Mitmeotstarbeline igale ruumile: Olenemata sellest, kas vajate hubast diivanit elutuppa, tugitooli magamistuppa v\u00f5i puhkenurka filmi\u00f5htuteks, kohandub see mitmek\u00fclgne diivan teie elustiiliga. Ideaalne lugemiseks, m\u00e4ngimiseks v\u00f5i kvaliteetaja veetmiseks pere ja s\u00f5pradega.<\/li>\n<li>Eemaldatavad ja mitmeotstarbelised diivanipadjad: Paindlikkust silmas pidades loodud eriti paksud padjad ja alus on eraldi ja eemaldatavad. Kasutage pehmeid patju p\u00f5randamattide v\u00f5i lisaistmetena vastavalt vajadusele \u2013 ideaalne k\u00fclalistele v\u00f5i spontaanseteks \u00f6\u00f6bimisteks.<\/li>\n<li>Lihtne kokkupanek ja hooldus: Saabub vaakumpakendis 3 pakendis koos 4 vahtraami ja paksude patjadega. Laske vahtplastil 24\u201372 tundi paisuda, pange see meie juhendi abil h\u00f5lpsalt kokku ja nautige. Eemaldatav lukuga kate on masinas pestav, et seda oleks lihtne puhastada.<\/li>\n<\/ul>","protected":false},"featured_media":10708,"comment_status":"open","ping_status":"closed","template":"","meta":[],"product_brand":[],"product_cat":[228],"product_tag":[],"class_list":{"0":"post-10731","1":"product","2":"type-product","3":"status-publish","4":"has-post-thumbnail","6":"product_cat-cushions","8":"first","9":"instock","10":"sold-individually","11":"shipping-taxable","12":"purchasable","13":"product-type-simple"},"_links":{"self":[{"href":"https:\/\/www.largepillow.com\/et\/wp-json\/wp\/v2\/product\/10731","targetHints":{"allow":["GET"]}}],"collection":[{"href":"https:\/\/www.largepillow.com\/et\/wp-json\/wp\/v2\/product"}],"about":[{"href":"https:\/\/www.largepillow.com\/et\/wp-json\/wp\/v2\/types\/product"}],"replies":[{"embeddable":true,"href":"https:\/\/www.largepillow.com\/et\/wp-json\/wp\/v2\/comments?post=10731"}],"wp:featuredmedia":[{"embeddable":true,"href":"https:\/\/www.largepillow.com\/et\/wp-json\/wp\/v2\/media\/10708"}],"wp:attachment":[{"href":"https:\/\/www.largepillow.com\/et\/wp-json\/wp\/v2\/media?parent=10731"}],"wp:term":[{"taxonomy":"product_brand","embeddable":true,"href":"https:\/\/www.largepillow.com\/et\/wp-json\/wp\/v2\/product_brand?post=10731"},{"taxonomy":"product_cat","embeddable":true,"href":"https:\/\/www.largepillow.com\/et\/wp-json\/wp\/v2\/product_cat?post=10731"},{"taxonomy":"product_tag","embeddable":true,"href":"https:\/\/www.largepillow.com\/et\/wp-json\/wp\/v2\/product_tag?post=10731"}],"curies":[{"name":"wp","href":"https:\/\/api.w.org\/{rel}","templated":true}]}}