{"id":1103,"date":"2022-09-19T02:27:32","date_gmt":"2022-09-19T02:27:32","guid":{"rendered":"https:\/\/www.largepillow.com\/product\/backrest-wedge-pillow"},"modified":"2025-09-19T02:32:32","modified_gmt":"2025-09-19T02:32:32","slug":"keha-tugijalg","status":"publish","type":"product","link":"https:\/\/www.largepillow.com\/et\/product\/body-bolster","title":{"rendered":"Kere polster"},"content":{"rendered":"<p>Kogege \u00fclimat mugavust Body Bolster lugemispadjaga<\/p>\n<p>Kas oled v\u00e4sinud selja ja kaela pingutamisest lugemise v\u00f5i voodis t\u00f6\u00f6tamise ajal? Body Bolsteri ristk\u00fclikukujuline lugemispadi pakub ideaalset peatsi alternatiivi ja seljatuge mugavaks l\u00f5\u00f5gastumiseks. <\/p>\n<p>Pehme, kuid toetava mikropol\u00fcesterkiust t\u00e4idisega kohandub see m\u00f5nus padi teie kehaga, pakkudes individuaalset mugavust. Kolmem\u00f5\u00f5tmeline triipumuster ja dekoratiivsed kangast n\u00f6\u00f6bitangid lisavad teie magamistoa kujundusele ka stiili. Nagu \u00fcks arvustaja \u00fctles: \u201cPadja kangas on v\u00e4ga pehme ega l\u00e4he lapikuks.\u201d.<\/p>\n<p>Kehapadi sobib suurep\u00e4raselt lugemiseks, teleri vaatamiseks, telefonis surfamiseks v\u00f5i lihtsalt voodis l\u00f5\u00f5gastumiseks. \u00dcks klient m\u00e4rkis: \u201cSee sobib ideaalselt magamistuppa, seda saab kasutada seljatoe v\u00f5i nimmetoena.\u201d.<\/p>\n<p>Mitme suurusevalikuga vahemikus 100\u2013200 cm leiate endale sobivaima. Lihtsalt reguleerige padja pikkust selja taha, et pakkuda individuaalset nimmetuge ja leevendada seljavalu. Kahesuunaline t\u00f5mblukk muudab pehme sametkatte eemaldamise ja vajadusel masinpesu lihtsaks.<\/p>\n<p>Anna oma seljale ja magamistoa kujundusele hoogu lohutava Body Bolster lugemis- ja nimmetoepadjaga. Kogege \u00fclimat l\u00f5\u00f5gastust ja stiili juba t\u00e4na!<\/p>","protected":false},"excerpt":{"rendered":"<ul>\n<li><strong>IDEAALNE LUGEMISPADI:<\/strong> Ristk\u00fclikukujulise pehmendusega voodi\u00e4\u00e4rne lugemispadi toimib ideaalselt nimmepadjana, pakkudes pehmet seljatuge, kui istud voodil lugemiseks, telekat vaatamiseks, telefonis surfamiseks, tahvelarvutis surfamiseks, videom\u00e4ngude m\u00e4ngimiseks, jooga harjutamiseks, rinnaga toitmiseks ja operatsioonij\u00e4rgseks puhkuseks.<\/li>\n<li><strong>MUGAV KEHAPADI:<\/strong> Suure keha padjana asendab see k\u00f5iki tavalisi vooditoe v\u00f5i nimmepiirkonna patju, loob mitut asendit positsioneeriva padjana, toetades selga, \u00f5lgu, selgroogu, k\u00f5htu ja jalgu ning lasedes teie lihastel l\u00f5dvestuda. Edendab iga magaja selgroo sirget asendit, olenemata sellest, kas vajate polsterdatud vooditoe patja v\u00f5i suurt seljatuge, kui vajate lihtsalt rohkem v\u00f5i v\u00e4hem k\u00f5rgust. V\u00f5ite seda kasutada ka raseduspadjana, mis pakub tuge erinevatele kehaosadele ja leevendab rasedusvalusid.<\/li>\n<li><strong>ALGUP\u00c4RASELT KVALITEETSETEST MATERJALIDEST LOODUD:<\/strong> See ristk\u00fclikukujuline lugemispadi on kolmem\u00f5\u00f5tmeliste triipude, kangast n\u00f6\u00f6bitute ja t\u00e4ielikult \u00e4\u00e4ristatud servadega, mis eristuvad k\u00f5igist teistest seljatoepatjadest. Kuigi dekoratiivne seljatoepadi on pehme, s\u00e4ilitab see oma toetava kuju t\u00e4nu vastupidavale ja painduvale mikropol\u00fcesterkiust t\u00e4idisele. \u00d6\u00f6bimispadja kahesuunaline t\u00f5mblukk on v\u00e4ga tugev ja vastupidav pikaajaliseks kasutamiseks.<\/li>\n<li><strong>ILUS \u00d6\u00d6KIRJADEKORATIIVPADI:<\/strong> Kui vajate kiiret ja lihtsat peatsit, saab seda polsterdatud peatsiga lugemispatja kasutada alternatiivina, olles samal ajal kaunis voodikaunistus. Selle elegantne disain lisab teie magamistuppa kutsuva ilme. Oma atraktiivse v\u00e4limusega on see originaalne voodi\u00e4\u00e4rne seljatoepadi reguleeritav magamistuppa, hotelli, haiglasse, aknalauale, diivanile, diivanvoodile, narivoodile, \u00fchiselamu voodile v\u00f5i platvormvoodile.<\/li>\n<li><strong>EEMALDATAV NIMMEPADJA KATE JA LIHTNE PESEMA:<\/strong> Voodipuhkuse padjap\u00fc\u00fcri saab h\u00f5lpsalt eemaldada, avades luku ja n\u00f6\u00f6bid lugemispadjap\u00fc\u00fcrilt ning lastes selle pesumasinas pesta.<\/li>\n<li><strong>Kangas:<\/strong> Samet (100% pol\u00fcester).<\/li>\n<li><strong>Suurus:<\/strong> 100x50x8cm (3 nuppu), 120x50x8cm (4 nuppu), 140x50x8cm (4 nuppu), 160x50x8cm (5 nuppu), 180x50x8cm (6 nuppu), 200x50x8cm (7 nuppu)<\/li>\n<\/ul>","protected":false},"featured_media":1090,"comment_status":"open","ping_status":"closed","template":"","meta":[],"product_brand":[],"product_cat":[28],"product_tag":[66,77,133,136,122,137,102,138,79,139,118,59,84],"class_list":{"0":"post-1103","1":"product","2":"type-product","3":"status-publish","4":"has-post-thumbnail","6":"product_cat-large-body-pillow","7":"product_tag-back-support-pillow","8":"product_tag-bed-rest-pillow","9":"product_tag-bedroom-decor-pillow","10":"product_tag-body-bolster","11":"product_tag-body-pillow","12":"product_tag-bunk-bed-pillow","13":"product_tag-couch-pillow","14":"product_tag-dorm-bed-pillow","15":"product_tag-lumbar-pillow","16":"product_tag-platform-bed-pillow","17":"product_tag-pregnancy-pillow","18":"product_tag-reading-pillow","19":"product_tag-sofa-pillow","21":"first","22":"instock","23":"shipping-taxable","24":"purchasable","25":"product-type-variable"},"_links":{"self":[{"href":"https:\/\/www.largepillow.com\/et\/wp-json\/wp\/v2\/product\/1103","targetHints":{"allow":["GET"]}}],"collection":[{"href":"https:\/\/www.largepillow.com\/et\/wp-json\/wp\/v2\/product"}],"about":[{"href":"https:\/\/www.largepillow.com\/et\/wp-json\/wp\/v2\/types\/product"}],"replies":[{"embeddable":true,"href":"https:\/\/www.largepillow.com\/et\/wp-json\/wp\/v2\/comments?post=1103"}],"wp:featuredmedia":[{"embeddable":true,"href":"https:\/\/www.largepillow.com\/et\/wp-json\/wp\/v2\/media\/1090"}],"wp:attachment":[{"href":"https:\/\/www.largepillow.com\/et\/wp-json\/wp\/v2\/media?parent=1103"}],"wp:term":[{"taxonomy":"product_brand","embeddable":true,"href":"https:\/\/www.largepillow.com\/et\/wp-json\/wp\/v2\/product_brand?post=1103"},{"taxonomy":"product_cat","embeddable":true,"href":"https:\/\/www.largepillow.com\/et\/wp-json\/wp\/v2\/product_cat?post=1103"},{"taxonomy":"product_tag","embeddable":true,"href":"https:\/\/www.largepillow.com\/et\/wp-json\/wp\/v2\/product_tag?post=1103"}],"curies":[{"name":"wp","href":"https:\/\/api.w.org\/{rel}","templated":true}]}}