{"id":11770,"date":"2025-08-19T12:04:29","date_gmt":"2025-08-19T12:04:29","guid":{"rendered":"https:\/\/www.largepillow.com\/product\/side-sleeper-pillow-modular-body-pillow-h-shaped-ergonomic-wedge-pillow"},"modified":"2026-02-03T21:17:01","modified_gmt":"2026-02-03T21:17:01","slug":"kuljel-magamiseks-moeldud-padi-moodulpadi-h-kujuline-ergonoomiline-kiilukujuline-padi","status":"publish","type":"product","link":"https:\/\/www.largepillow.com\/et\/product\/side-sleeper-pillow-modular-body-pillow-h-shaped-ergonomic-wedge-pillow","title":{"rendered":"K\u00fcljel magamise padi, moodulkehaga padi, H-kujuline ergonoomiline kiilukujuline padi"},"content":{"rendered":"[zc_getpagecontent mb=&#8221;mb_aplus&#8221; apid=&#8221;142&#8243;]\n","protected":false},"excerpt":{"rendered":"<ul>\n<li>4-\u00fches H-kujuline mooduldisain \u2013 sisaldab kiilukujulist alust, kaelapatja ja kahte k\u00fclgpatja. Kasutage koos v\u00f5i eraldi, et see sobiks teie magamisasendi ja keha vajadustega.<\/li>\n<li>Avatud disain k\u00e4te vaba liikumise tagamiseks \u2013 K\u00e4etunnelit pole vaja. V\u00f5imaldab k\u00e4te vaba liikumist \u00fcmberp\u00f6\u00f6ramisel, v\u00e4hendades \u00f5lgadele survet ja parandades k\u00fclili magamise mugavust.<\/li>\n<li>T\u00e4ielik tugi valu leevendamiseks \u2013 ergonoomiline struktuur toetab kaela, selga, v\u00f6\u00f6kohta ja jalgu. Aitab leevendada GERD-i, happe refluksi, norskamise ja halva r\u00fchi p\u00f5hjustatud valu.<\/li>\n<li>Pestav kate ja kvaliteetne t\u00e4idis \u2013 Eemaldatava ja masinpestava kattega. Sisemine t\u00e4idis on pehme, kuid toetav; sisemised s\u00fcdamikud on h\u00f5lpsaks puhastamiseks eemaldatavad.<\/li>\n<li>Ergonoomiline unelahendus \u2013 loodud nii k\u00fcljel kui ka selili magamiseks. Reguleeritavad takjakinnitused ja \u00fcmberp\u00f6\u00f6ratav kiiljalg pakuvad paindlikku tuge paremaks uneks.<\/li>\n<\/ul>","protected":false},"featured_media":11762,"comment_status":"open","ping_status":"closed","template":"","meta":[],"product_brand":[],"product_cat":[228],"product_tag":[],"class_list":{"0":"post-11770","1":"product","2":"type-product","3":"status-publish","4":"has-post-thumbnail","6":"product_cat-cushions","8":"first","9":"outofstock","10":"sold-individually","11":"shipping-taxable","12":"purchasable","13":"product-type-simple"},"_links":{"self":[{"href":"https:\/\/www.largepillow.com\/et\/wp-json\/wp\/v2\/product\/11770","targetHints":{"allow":["GET"]}}],"collection":[{"href":"https:\/\/www.largepillow.com\/et\/wp-json\/wp\/v2\/product"}],"about":[{"href":"https:\/\/www.largepillow.com\/et\/wp-json\/wp\/v2\/types\/product"}],"replies":[{"embeddable":true,"href":"https:\/\/www.largepillow.com\/et\/wp-json\/wp\/v2\/comments?post=11770"}],"wp:featuredmedia":[{"embeddable":true,"href":"https:\/\/www.largepillow.com\/et\/wp-json\/wp\/v2\/media\/11762"}],"wp:attachment":[{"href":"https:\/\/www.largepillow.com\/et\/wp-json\/wp\/v2\/media?parent=11770"}],"wp:term":[{"taxonomy":"product_brand","embeddable":true,"href":"https:\/\/www.largepillow.com\/et\/wp-json\/wp\/v2\/product_brand?post=11770"},{"taxonomy":"product_cat","embeddable":true,"href":"https:\/\/www.largepillow.com\/et\/wp-json\/wp\/v2\/product_cat?post=11770"},{"taxonomy":"product_tag","embeddable":true,"href":"https:\/\/www.largepillow.com\/et\/wp-json\/wp\/v2\/product_tag?post=11770"}],"curies":[{"name":"wp","href":"https:\/\/api.w.org\/{rel}","templated":true}]}}