{"id":1209,"date":"2022-09-19T03:31:40","date_gmt":"2022-09-19T03:31:40","guid":{"rendered":"https:\/\/www.largepillow.com\/product\/back-support-pillow"},"modified":"2025-12-11T13:44:46","modified_gmt":"2025-12-11T13:44:46","slug":"suur-voodipehmenduspadi","status":"publish","type":"product","link":"https:\/\/www.largepillow.com\/et\/product\/large-bed-bolster-pillow","title":{"rendered":"Suur voodipehmendaja padi"},"content":{"rendered":"<p>Leia ideaalne lugemispadi suure voodipolstriga<\/p>\n<p>Kui sulle meeldib lugeda, telekat vaadata v\u00f5i voodis t\u00f6\u00f6tada, aga vajad lisaseljatuge, on suur voodipolster-padi ideaalne lahendus. See ristk\u00fclikukujuline pehmenduspadi pakub reguleeritavat nimmetuge, et saaksid voodis mugavalt istuda. <\/p>\n<p>Pehmest ja vastupidavast mikrokiust pol\u00fcesterkiust t\u00e4idisega padi s\u00e4ilitab oma kuju, kohandudes samal ajal teie kehaga. Kahesuunaline lukk muudab eemaldatava sametkatte \u00e4rav\u00f5tmise ja masinpesu lihtsaks. Tepitud n\u00f6\u00f6pide ja puhtalt \u00e4\u00e4ristatud servadega padi lisab igale magamistoa kujundusele lihtsa elegantsi. <\/p>\n<p>Klientidele meeldib seda mitmek\u00fclgset patja mitmel viisil kasutada:<\/p>\n<p>\u201cAlgselt ostsin selle lugemispadjaks, aga see on nii mugav, et kasutan seda isegi siis, kui ma ei loe. See on ideaalne seljatoepadi, olenemata sellest, kas ma t\u00f6\u00f6tan voodis s\u00fclearvutiga v\u00f5i lihtsalt l\u00f5\u00f5gastun telekat vaadates.\u201d<\/p>\n<p>\u201cRaseduspadjana oli see piisavalt reguleeritav, et toetada mu selga v\u00f5i pigistada k\u00f5htu. Ja n\u00fc\u00fcd, kui ma toidan last rinnaga, on see endiselt kasulik selja taha toetatuna, kui ma voodis istukile panen.\u201d  <\/p>\n<p>\u201cSee on suurep\u00e4rane nimmetuge pakkuv padi p\u00e4rast operatsiooni. Ma saan selle k\u00f5rgust reguleerida ja see p\u00fcsib taastumise ajal selja taga paigal.\u201d<\/p>\n<p>Kuue erineva suuruse hulgast leiate kindlasti oma vajadustele sobivaima. Hinnad j\u00e4\u00e4vad vahemikku $XX.XX\u2013$XX.XX, olenevalt suurusest. Tooge oma magamistuppa pingutuseta mugavus ja stiil mitmek\u00fclgse toega suure voodipolsterpadja abil.<\/p>","protected":false},"excerpt":{"rendered":"<ul>\n<li><strong>IDEAALNE LUGEMISPADI:<\/strong> Ristk\u00fclikukujulise pehmendusega voodi\u00e4\u00e4rne lugemispadi toimib ideaalselt nimmepadjana, pakkudes pehmet seljatuge, kui istud voodil lugemiseks, telekat vaatamiseks, telefonis surfamiseks, tahvelarvutis surfamiseks, videom\u00e4ngude m\u00e4ngimiseks, jooga harjutamiseks, rinnaga toitmiseks ja operatsioonij\u00e4rgseks puhkuseks.<\/li>\n<li><strong>MUGAV KEHAPADI:<\/strong> Suure keha padjana asendab see k\u00f5iki tavalisi vooditoe v\u00f5i nimmepiirkonna patju, loob mitut asendit positsioneeriva padjana, toetades selga, \u00f5lgu, selgroogu, k\u00f5htu ja jalgu ning lasedes teie lihastel l\u00f5dvestuda. Edendab iga magaja selgroo sirget asendit, olenemata sellest, kas vajate polsterdatud vooditoe patja v\u00f5i suurt seljatuge, kui vajate lihtsalt rohkem v\u00f5i v\u00e4hem k\u00f5rgust. V\u00f5ite seda kasutada ka raseduspadjana, mis pakub tuge erinevatele kehaosadele ja leevendab rasedusvalusid.<\/li>\n<li><strong>ALGUP\u00c4RASELT KVALITEETSETEST MATERJALIDEST LOODUD:<\/strong> See ristk\u00fclikukujuline lugemispadi on kolmem\u00f5\u00f5tmeliste triipude, kangast n\u00f6\u00f6bitute ja t\u00e4ielikult \u00e4\u00e4ristatud servadega, mis eristuvad k\u00f5igist teistest seljatoepatjadest. Kuigi dekoratiivne seljatoepadi on pehme, s\u00e4ilitab see oma toetava kuju t\u00e4nu vastupidavale ja painduvale mikropol\u00fcesterkiust t\u00e4idisele. \u00d6\u00f6bimispadja kahesuunaline t\u00f5mblukk on v\u00e4ga tugev ja vastupidav pikaajaliseks kasutamiseks.<\/li>\n<li><strong>ILUS \u00d6\u00d6KIRJADEKORATIIVPADI:<\/strong> Kui vajate kiiret ja lihtsat peatsit, saab seda polsterdatud peatsiga lugemispatja kasutada alternatiivina, olles samal ajal kaunis voodikaunistus. Selle elegantne disain lisab teie magamistuppa kutsuva ilme. Oma atraktiivse v\u00e4limusega on see originaalne voodi\u00e4\u00e4rne seljatoepadi reguleeritav magamistuppa, hotelli, haiglasse, aknalauale, diivanile, diivanvoodile, narivoodile, \u00fchiselamu voodile v\u00f5i platvormvoodile.<\/li>\n<li><strong>EEMALDATAV NIMMEPADJA KATE JA LIHTNE PESEMA:<\/strong> Voodipuhkuse padjap\u00fc\u00fcri saab h\u00f5lpsalt eemaldada, avades luku ja n\u00f6\u00f6bid lugemispadjap\u00fc\u00fcrilt ning lastes selle pesumasinas pesta.<\/li>\n<li><strong>Kangas:<\/strong> Samet (100% pol\u00fcester).<\/li>\n<li><strong>Suurus:<\/strong> 100x50x8cm (3 nuppu), 120x50x8cm (4 nuppu), 140x50x8cm (4 nuppu), 160x50x8cm (5 nuppu), 180x50x8cm (6 nuppu), 200x50x8cm (7 nuppu)<\/li>\n<\/ul>","protected":false},"featured_media":1194,"comment_status":"open","ping_status":"closed","template":"","meta":[],"product_brand":[],"product_cat":[28],"product_tag":[117,60,116,115,114,79,118,59,119,120],"class_list":{"0":"post-1209","1":"product","2":"type-product","3":"status-publish","4":"has-post-thumbnail","6":"product_cat-large-body-pillow","7":"product_tag-back-support-cushion","8":"product_tag-backrest-pillow","9":"product_tag-bed-rest","10":"product_tag-comfortable-body-pillow","11":"product_tag-large-bed-bolster-pillow","12":"product_tag-lumbar-pillow","13":"product_tag-pregnancy-pillow","14":"product_tag-reading-pillow","15":"product_tag-rectangular-reading-pillow","16":"product_tag-velvet-pillow","18":"first","19":"instock","20":"featured","21":"shipping-taxable","22":"purchasable","23":"product-type-variable"},"_links":{"self":[{"href":"https:\/\/www.largepillow.com\/et\/wp-json\/wp\/v2\/product\/1209","targetHints":{"allow":["GET"]}}],"collection":[{"href":"https:\/\/www.largepillow.com\/et\/wp-json\/wp\/v2\/product"}],"about":[{"href":"https:\/\/www.largepillow.com\/et\/wp-json\/wp\/v2\/types\/product"}],"replies":[{"embeddable":true,"href":"https:\/\/www.largepillow.com\/et\/wp-json\/wp\/v2\/comments?post=1209"}],"wp:featuredmedia":[{"embeddable":true,"href":"https:\/\/www.largepillow.com\/et\/wp-json\/wp\/v2\/media\/1194"}],"wp:attachment":[{"href":"https:\/\/www.largepillow.com\/et\/wp-json\/wp\/v2\/media?parent=1209"}],"wp:term":[{"taxonomy":"product_brand","embeddable":true,"href":"https:\/\/www.largepillow.com\/et\/wp-json\/wp\/v2\/product_brand?post=1209"},{"taxonomy":"product_cat","embeddable":true,"href":"https:\/\/www.largepillow.com\/et\/wp-json\/wp\/v2\/product_cat?post=1209"},{"taxonomy":"product_tag","embeddable":true,"href":"https:\/\/www.largepillow.com\/et\/wp-json\/wp\/v2\/product_tag?post=1209"}],"curies":[{"name":"wp","href":"https:\/\/api.w.org\/{rel}","templated":true}]}}