{"id":1227,"date":"2022-09-19T05:28:28","date_gmt":"2022-09-19T05:28:28","guid":{"rendered":"https:\/\/www.largepillow.com\/product\/back-pillow-for-couch"},"modified":"2024-10-03T16:31:26","modified_gmt":"2024-10-03T16:31:26","slug":"lugemispadi-voodisse","status":"publish","type":"product","link":"https:\/\/www.largepillow.com\/et\/product\/reading-pillow-for-bed","title":{"rendered":"Voodi lugemispadi"},"content":{"rendered":"<p>Esmaklassiline lugemispadi v\u00f5rratu mugavuse ja toe tagamiseks<\/p>\n<p>Kas oled valmis oma lugemiskogemust uutesse k\u00f5rgustesse viima? Meie lugemispadi voodile on hoolikalt disainitud pakkuma optimaalset mugavust, tuge ja k\u00e4ep\u00e4rasust, kui naudid oma lemmikraamatuid v\u00f5i -meediat. See on just see, mida otsid.<\/p>\n<p>Erakordne konstruktsioon vankumatu toe tagamiseks<\/p>\n<p>See kiilukujuline padi on hoolikalt t\u00e4idetud esmaklassilise pol\u00fcesterkiudt\u00e4idisega, mis tagab stabiilse seljatoe, mis kohandub teie keha kumerustega. Luksuslik sametkangas, mis on tuntud oma pehmuse, vastupidavuse ja deformatsiooni- v\u00f5i pillikindluse poolest, annab sametise puudutuse, mis t\u00e4iustab teie l\u00f5\u00f5gastusaega.<\/p>\n<p>Reguleeritav disain kohandatud mugavuse tagamiseks<\/p>\n<p>Meie reguleeritava kiilukujulise padjaga on kaasas v\u00e4ike rullpadi, mida saab vastavalt vajadusele paigutada, et pakkuda t\u00e4pselt soovitud tuge. See aitab s\u00e4ilitada teie r\u00fchti, ennetades k\u00fc\u00fcrutamist ja ebamugavustunnet lugemise v\u00f5i teleka vaatamise ajal. Eemaldatav ja pestav kate muudab padja v\u00e4rske ja h\u00fcgieenilisena hoidmise lihtsaks.<\/p>\n<p>Ergonoomiline tugi parema heaolu nimel<\/p>\n<p>Lugemispadi on ergonoomilise disainiga, pakkudes teaduslikku seljatuge, mis parandab istumisr\u00fchti. See aitab ennetada ja leevendada nimme- ja kaelapiirkonna haigusi, v\u00e4hendades t\u00f5husalt seljavalusid ja edendades \u00fcldist heaolu.<\/p>\n<p>Mitmek\u00fclgne kasutatavus erinevate seadete jaoks<\/p>\n<p>Seda mitmek\u00fclgset kiilukujulist patja saab kasutada v\u00e4ga erinevates kohtades, alates hubastest vooditest kuni mugavate diivanite, p\u00e4evavoodite, toolide ja diivaniteni. Selle mitmek\u00fclgsus teeb sellest ideaalse valiku igasse ruumi teie kodus, kus soovite l\u00f5\u00f5gastuda ja nautida l\u00f5\u00f5gastavat aega.<\/p>\n<p>Lihtne hooldus pingutuseta hoolduse tagamiseks<\/p>\n<p>Meie lugemispadjal on mugav lukuga sulgur, mis v\u00f5imaldab teil masinas pesemiseks \u00fcmbrise vaevata eemaldada. See tagab, et teie padi p\u00fcsib alati puhas ja v\u00e4rske, garanteerides pikaealisuse ja h\u00fcgieenilise kasutamise.<\/p>\n<p>Algsed kaubakommentaarid teabe rikastamiseks<\/p>\n<p>Mida rahulolevad kliendid meie lugemispadja kohta \u00fctlevad:<\/p>\n<p>\u201cSee kolmnurkne padi on nii mugav ja toetav. See aitab mul voodis lugedes head r\u00fchti s\u00e4ilitada.\u201d<br \/>\n\u201cMa armastan seda sametkangast! See on uskumatult pehme ja tundub mu naha vastas m\u00f5nus.\u201d<br \/>\n\u201cReguleeritav tugipadi on t\u00f5eline p\u00e4\u00e4ster\u00f5ngas. Saan selle paigutada t\u00e4pselt sinna, kuhu vaja, et saada lisatuge.\u201d<\/p>\n<p>Kogege mugavust ja tuge nagu ei kunagi varem<\/p>\n<p>\u00c4ra leppi tavaliste patjadega, mis kahjustavad sinu mugavust ja r\u00fchti. Investeeri meie lugemispatja ja vii oma lugemiskogemus j\u00e4rgmisele tasemele. Selle esmaklassiline konstruktsioon, reguleeritav disain ja ergonoomiline tugi muudavad sinu l\u00f5\u00f5gastusaja v\u00f5rratu mugavuse ja heaolu hetkedeks.<\/p>","protected":false},"excerpt":{"rendered":"<ul>\n<li><strong>Kvalifitseeritud kiilukujuline padi:<\/strong> See kiilas\u00e4\u00e4rega voodipadi on t\u00e4idetud esmaklassilise pol\u00fcesterkiudt\u00e4idisega, mis pakub stabiilset seljatuge ja muudab lugemise, puhkuse v\u00f5i voodis v\u00f5i diivanil telekat vaadates mugavaks. Kvaliteetne sametkangas on v\u00e4ga pehme, vastupidav ning ei deformeeru ega pillu kergesti.<\/li>\n<li><strong>Reguleeritav kiilukujuline padi:<\/strong> Dekoorpadjaga on kaasas v\u00e4ike rullpadi. Seda saab vastavalt vajadusele reguleerida. See aitab selja sirgena hoida, et sa ei vajuks l\u00f6sakile. Lugemispadja kate on eemaldatav ja pestav. K\u00fcljel on kaks v\u00e4ikest taskut v\u00e4ikeste esemete, n\u00e4iteks pastaka, mobiiltelefoni, teleri puldi jms hoidmiseks.<\/li>\n<li><strong>Suurep\u00e4rane seljatugi:<\/strong> Suur tugipadi vastab ergonoomilisele disainile, mis pakub teaduslikku seljatuge ja parandab istumisr\u00fchti. See diivanipadi pakub mugavat tuge v\u00f6\u00f6kohale, seljale ja kaelale. See aitab ennetada ja leevendada nimme- ja emakakaelahaigusi ning seljavalusid.<\/li>\n<li><strong>Lai kasutusala:<\/strong> Kiilpadjal on mitmesuguseid kasutusv\u00f5imalusi ning see sobib suurep\u00e4raselt kasutamiseks voodil, diivanvoodil, toolil ja diivanil. Ideaalne kingitus endale, s\u00f5pradele v\u00f5i perele.<\/li>\n<li><strong>Lihtne puhastada:<\/strong> Sellel tugipadjal on lukuga sulgur, mis muudab \u00fcmbrise kergesti eemaldatavaks ja masinpestavaks.<\/li>\n<li><strong>Kangas:<\/strong> Samet (100% pol\u00fcester).<\/li>\n<li><strong>Suurus:<\/strong>\u00a060x50x22 cm.<\/li>\n<\/ul>","protected":false},"featured_media":1217,"comment_status":"open","ping_status":"closed","template":"","meta":[],"product_brand":[],"product_cat":[29],"product_tag":[92,66,60,70,113,78,76,59],"class_list":{"0":"post-1227","1":"product","2":"type-product","3":"status-publish","4":"has-post-thumbnail","6":"product_cat-large-reading-pillow","7":"product_tag-adjustable-wedge-pillow","8":"product_tag-back-support-pillow","9":"product_tag-backrest-pillow","10":"product_tag-bed-wedge-pillow","11":"product_tag-cushion-for-sofa","12":"product_tag-ergonomic-pillow","13":"product_tag-neck-support-pillow","14":"product_tag-reading-pillow","16":"first","17":"outofstock","18":"shipping-taxable","19":"purchasable","20":"product-type-simple"},"_links":{"self":[{"href":"https:\/\/www.largepillow.com\/et\/wp-json\/wp\/v2\/product\/1227","targetHints":{"allow":["GET"]}}],"collection":[{"href":"https:\/\/www.largepillow.com\/et\/wp-json\/wp\/v2\/product"}],"about":[{"href":"https:\/\/www.largepillow.com\/et\/wp-json\/wp\/v2\/types\/product"}],"replies":[{"embeddable":true,"href":"https:\/\/www.largepillow.com\/et\/wp-json\/wp\/v2\/comments?post=1227"}],"wp:featuredmedia":[{"embeddable":true,"href":"https:\/\/www.largepillow.com\/et\/wp-json\/wp\/v2\/media\/1217"}],"wp:attachment":[{"href":"https:\/\/www.largepillow.com\/et\/wp-json\/wp\/v2\/media?parent=1227"}],"wp:term":[{"taxonomy":"product_brand","embeddable":true,"href":"https:\/\/www.largepillow.com\/et\/wp-json\/wp\/v2\/product_brand?post=1227"},{"taxonomy":"product_cat","embeddable":true,"href":"https:\/\/www.largepillow.com\/et\/wp-json\/wp\/v2\/product_cat?post=1227"},{"taxonomy":"product_tag","embeddable":true,"href":"https:\/\/www.largepillow.com\/et\/wp-json\/wp\/v2\/product_tag?post=1227"}],"curies":[{"name":"wp","href":"https:\/\/api.w.org\/{rel}","templated":true}]}}