{"id":1238,"date":"2022-09-19T05:36:36","date_gmt":"2022-09-19T05:36:36","guid":{"rendered":"https:\/\/www.largepillow.com\/product\/back-cushion-for-sofa"},"modified":"2026-02-06T13:51:15","modified_gmt":"2026-02-06T13:51:15","slug":"vooditoe-padi","status":"publish","type":"product","link":"https:\/\/www.largepillow.com\/et\/product\/bedrest-pillow","title":{"rendered":"Vooditoe padi"},"content":{"rendered":"<p>Nautige mugavust ja tuge meie vooditoe padjaga<\/p>\n<p>Kas otsid ideaalset patja, mis t\u00f5staks sinu l\u00f5\u00f5gastuse ja heaolu taset? Meie esmaklassiline vooditoe padi on hoolikalt disainitud pakkuma v\u00f5rratut tuge ja mugavust.<\/p>\n<p>\u00dcletamatu kvaliteet ja mugavus<\/p>\n<p>Meie erakordse t\u00e4psusega valmistatud vooditoepadi on t\u00e4idetud esmaklassilise pol\u00fcesterkiuga, mis kohandub laitmatult teie kehaga, tagades vankumatu seljatoe ja pehme tunde. Luksuslikult pehme sametkangaga kaetud padi on deformatsiooni- ja pillikindel, lubades pikaajalist mugavust.<\/p>\n<p>Mitmek\u00fclgne reguleerimine ja mugavus<\/p>\n<p>Reguleeritava disainiga padi on varustatud v\u00e4ikese rullpadjaga, mida saab strateegiliselt paigutada sihip\u00e4rase toe saamiseks. Hoidke oma selgroog \u00f5iges asendis ja v\u00e4ltige k\u00fc\u00fcrutamist, et s\u00e4ilitada tervislik r\u00fcht. Lisaks lisab eemaldatav ja pestav padjap\u00fc\u00fcr t\u00e4iendava h\u00fcgieenikihi ja lihtsustab hooldamist. Lisamugavuse tagamiseks pakuvad kaks praktilist k\u00fcljetaskut v\u00e4ikeste oluliste asjade hoiustamist, hoides teie lemmikesemed k\u00e4eulatuses.<\/p>\n<p>Teaduslik seljatugi<\/p>\n<p>Ergonoomiliselt disainitud vooditoe padi pakub v\u00f5rratut seljatuge, leevendades nimme- ja kaelavalu, soodustades \u00f5iget r\u00fchti ning ennetades pikaajalisest istumisest v\u00f5i lamamisest tingitud ebamugavustunnet.<\/p>\n<p>Mitmeotstarbeline mugavus<\/p>\n<p>Meie mitmek\u00fclgne ja kohandatav vooditoe padi \u00fcletab magamistoa piirid. See on ideaalne kaaslane diivanitele, p\u00e4evavooditele, tugitoolidele ja diivanitele, v\u00f5imaldades teil nautida \u00fclimat mugavust ja selgroo tuge igas keskkonnas. Olenemata sellest, kas loete kaasahaaravat romaani, vaatate oma lemmiksaateid v\u00f5i lihtsalt l\u00f5\u00f5gastute p\u00e4rast pikka p\u00e4eva, garanteerib meie padi noorendava kogemuse.<\/p>\n<p>Klientide soovitused<\/p>\n<p>\u201cSee kolmnurkne padi on \u00fclimugav. Hollandi sametkangas tundub mu naha vastas nii pehme ja silindriline pehmenduspadi sobib ideaalselt kaela toetamiseks.\u201d \u2013 Rahulolev klient<\/p>\n<p>\u201cMulle meeldivad k\u00fclgedel olevad avarad taskud. Need hoiavad mu telefoni, m\u00e4rkmiku ja muud olulised asjad korrastatuna ja k\u00e4ep\u00e4rast.\u201d \u2013 R\u00f5\u00f5mus kasutaja<\/p>\n<p>Spetsifikatsioonid<\/p>\n<p>* Kangas: 100% pol\u00fcester samet<br \/>\n* Suurus: 60x50x22cm<\/p>\n<p>Investeeri juba t\u00e4na \u00fclimasse l\u00f5\u00f5gastus- ja tugilahendusse meie erakordse vooditoepadjaga. Selle \u00fclim mugavus, mitmek\u00fclgsus ja vastupidavus muudavad teie kodu revolutsiooniliselt ja parandavad teie heaolu.<\/p>","protected":false},"excerpt":{"rendered":"<ul>\n<li><strong>Kvalifitseeritud kiilukujuline padi:<\/strong> See kiilas\u00e4\u00e4rega voodipadi on t\u00e4idetud esmaklassilise pol\u00fcesterkiudt\u00e4idisega, mis pakub stabiilset seljatuge ja muudab lugemise, puhkuse v\u00f5i voodis v\u00f5i diivanil telekat vaadates mugavaks. Kvaliteetne sametkangas on v\u00e4ga pehme, vastupidav ning ei deformeeru ega pillu kergesti.<\/li>\n<li><strong>Reguleeritav kiilukujuline padi:<\/strong> Dekoorpadjaga on kaasas v\u00e4ike rullpadi. Seda saab vastavalt vajadusele reguleerida. See aitab selja sirgena hoida, et sa ei vajuks l\u00f6sakile. Lugemispadja kate on eemaldatav ja pestav. K\u00fcljel on kaks v\u00e4ikest taskut v\u00e4ikeste esemete, n\u00e4iteks pastaka, mobiiltelefoni, teleri puldi jms hoidmiseks.<\/li>\n<li><strong>Suurep\u00e4rane seljatugi:<\/strong> Suur tugipadi vastab ergonoomilisele disainile, mis pakub teaduslikku seljatuge ja parandab istumisr\u00fchti. See diivanipadi pakub mugavat tuge v\u00f6\u00f6kohale, seljale ja kaelale. See aitab ennetada ja leevendada nimme- ja emakakaelahaigusi ning seljavalusid.<\/li>\n<li><strong>Lai kasutusala:<\/strong> Kiilpadjal on mitmesuguseid kasutusv\u00f5imalusi ning see sobib suurep\u00e4raselt kasutamiseks voodil, diivanvoodil, toolil ja diivanil. Ideaalne kingitus endale, s\u00f5pradele v\u00f5i perele.<\/li>\n<li><strong>Lihtne puhastada:<\/strong> Sellel tugipadjal on lukuga sulgur, mis muudab \u00fcmbrise kergesti eemaldatavaks ja masinpestavaks.<\/li>\n<li><strong>Kangas:<\/strong> Samet (100% pol\u00fcester).<\/li>\n<li><strong>Suurus:<\/strong>\u00a060x50x22 cm.<\/li>\n<\/ul>","protected":false},"featured_media":1228,"comment_status":"open","ping_status":"closed","template":"","meta":[],"product_brand":[],"product_cat":[29],"product_tag":[66,60,111,101,112,59,107,71,65],"class_list":{"0":"post-1238","1":"product","2":"type-product","3":"status-publish","4":"has-post-thumbnail","6":"product_cat-large-reading-pillow","7":"product_tag-back-support-pillow","8":"product_tag-backrest-pillow","9":"product_tag-bedrest-pillow","10":"product_tag-chair-cushion","11":"product_tag-lumbar-support-pillow","12":"product_tag-reading-pillow","13":"product_tag-sofa-cushion","14":"product_tag-tv-pillow","15":"product_tag-wedge-pillow","17":"first","18":"instock","19":"shipping-taxable","20":"purchasable","21":"product-type-simple"},"_links":{"self":[{"href":"https:\/\/www.largepillow.com\/et\/wp-json\/wp\/v2\/product\/1238","targetHints":{"allow":["GET"]}}],"collection":[{"href":"https:\/\/www.largepillow.com\/et\/wp-json\/wp\/v2\/product"}],"about":[{"href":"https:\/\/www.largepillow.com\/et\/wp-json\/wp\/v2\/types\/product"}],"replies":[{"embeddable":true,"href":"https:\/\/www.largepillow.com\/et\/wp-json\/wp\/v2\/comments?post=1238"}],"wp:featuredmedia":[{"embeddable":true,"href":"https:\/\/www.largepillow.com\/et\/wp-json\/wp\/v2\/media\/1228"}],"wp:attachment":[{"href":"https:\/\/www.largepillow.com\/et\/wp-json\/wp\/v2\/media?parent=1238"}],"wp:term":[{"taxonomy":"product_brand","embeddable":true,"href":"https:\/\/www.largepillow.com\/et\/wp-json\/wp\/v2\/product_brand?post=1238"},{"taxonomy":"product_cat","embeddable":true,"href":"https:\/\/www.largepillow.com\/et\/wp-json\/wp\/v2\/product_cat?post=1238"},{"taxonomy":"product_tag","embeddable":true,"href":"https:\/\/www.largepillow.com\/et\/wp-json\/wp\/v2\/product_tag?post=1238"}],"curies":[{"name":"wp","href":"https:\/\/api.w.org\/{rel}","templated":true}]}}