{"id":1249,"date":"2022-09-19T05:36:49","date_gmt":"2022-09-19T05:36:49","guid":{"rendered":"https:\/\/www.largepillow.com\/product\/back-cushion-for-bed"},"modified":"2025-06-07T09:27:52","modified_gmt":"2025-06-07T09:27:52","slug":"lugemispadi","status":"publish","type":"product","link":"https:\/\/www.largepillow.com\/et\/product\/reading-cushion","title":{"rendered":"Lugemispadi"},"content":{"rendered":"<p>Lugemispadi \u2013 sinu uus lemmiklisand sinu hubases lugemisnurgas!<\/p>\n<p>See mugav ja toetav kiilukujuline padi on valmistatud esmaklassilisest pol\u00fcesterkiust t\u00e4idisest ja kvaliteetsest sametkangast, tagades pehme, vastupidava ja mugava kogemuse. See sobib ideaalselt stabiilse seljatoe pakkumiseks lugemise, puhkuse v\u00f5i voodis v\u00f5i diivanil telekat vaadates.<\/p>\n<p>Lugemispadi on reguleeritav kiilukujuline padi, millel on v\u00e4ike rullpadi, mille saab paigutada just sinna, kuhu vaja. See aitab hoida selja sirgena, et te ei vajuks k\u00fc\u00fcru, ning parandab r\u00fchti ja muudab lugemiskogemuse mugavamaks. Padjap\u00fc\u00fcr on eemaldatav ja pestav ning k\u00fcljel on kaks v\u00e4ikest taskut v\u00e4ikeste esemete, n\u00e4iteks telefoni v\u00f5i puldi hoidmiseks.<\/p>\n<p>See padi on ergonoomiliselt disainitud pakkuma suurep\u00e4rast seljatuge, mis aitab ennetada ja leevendada nimmepiirkonna ja emakakaela haigusi ning leevendada seljavalusid. Suur tugipadi vastab ergonoomilisele disainile, pakkudes mugavat tuge v\u00f6\u00f6kohale, seljale ja kaelale.<\/p>\n<p>Lugemispadi on mitmek\u00fclgne, mist\u00f5ttu sobib see ideaalselt voodile, diivanvoodile, toolile v\u00f5i diivanile. See on suurep\u00e4rane kingitus endale, s\u00f5pradele v\u00f5i perele.<\/p>\n<p>Lihtne puhastada, sellel tugipadjal on lukuga sulgur, mis muudab \u00fcmbrise kergesti eemaldatavaks ja masinpestavaks.<\/p>\n<p>\u00c4rge uskuge ainult meie s\u00f5nu, siin on m\u00f5ned meie rahulolevate klientide kommentaarid:<\/p>\n<p>\u201cMa armastan oma lugemispatja! See aitab mul sirgelt istuda ja hoiab \u00e4ra lugemise ajal k\u00fc\u00fcru vajumise. Taskud sobivad ideaalselt telefoni v\u00f5i puldi hoidmiseks.\u201d \u2013 Emily.<\/p>\n<p>\u201cSametkangas on nii pehme ja padi on v\u00e4ga toetav. Soovitan lugemispatja k\u00f5igile, kes otsivad mugavat lugemiskogemust.\u201d \u2013 Jack.<\/p>\n<p>\u201cSee muudab minu lugemiskogemust t\u00e4ielikult. See on nii mugav ja tugi, mida see mu seljale pakub, on h\u00e4mmastav. Mul on nii hea meel, et selle toote leidsin!\u201d \u2013 Sarah.<\/p>\n<p>Mida sa ootad? Hanki lugemispadi ja vii oma lugemiskogemus j\u00e4rgmisele tasemele!<\/p>","protected":false},"excerpt":{"rendered":"<ul>\n<li><strong>Kvalifitseeritud kiilukujuline padi:<\/strong> See kiilas\u00e4\u00e4rega voodipadi on t\u00e4idetud esmaklassilise pol\u00fcesterkiudt\u00e4idisega, mis pakub stabiilset seljatuge ja muudab lugemise, puhkuse v\u00f5i voodis v\u00f5i diivanil telekat vaadates mugavaks. Kvaliteetne sametkangas on v\u00e4ga pehme, vastupidav ning ei deformeeru ega pillu kergesti.<\/li>\n<li><strong>Reguleeritav kiilukujuline padi:<\/strong> Dekoorpadjaga on kaasas v\u00e4ike rullpadi. Seda saab vastavalt vajadusele reguleerida. See aitab selja sirgena hoida, et sa ei vajuks l\u00f6sakile. Lugemispadja kate on eemaldatav ja pestav. K\u00fcljel on kaks v\u00e4ikest taskut v\u00e4ikeste esemete, n\u00e4iteks pastaka, mobiiltelefoni, teleri puldi jms hoidmiseks.<\/li>\n<li><strong>Suurep\u00e4rane seljatugi:<\/strong> Suur tugipadi vastab ergonoomilisele disainile, mis pakub teaduslikku seljatuge ja parandab istumisr\u00fchti. See diivanipadi pakub mugavat tuge v\u00f6\u00f6kohale, seljale ja kaelale. See aitab ennetada ja leevendada nimme- ja emakakaelahaigusi ning seljavalusid.<\/li>\n<li><strong>Lai kasutusala:<\/strong> Kiilpadjal on mitmesuguseid kasutusv\u00f5imalusi ning see sobib suurep\u00e4raselt kasutamiseks voodil, diivanvoodil, toolil ja diivanil. Ideaalne kingitus endale, s\u00f5pradele v\u00f5i perele.<\/li>\n<li><strong>Lihtne puhastada:<\/strong> Sellel tugipadjal on lukuga sulgur, mis muudab \u00fcmbrise kergesti eemaldatavaks ja masinpestavaks.<\/li>\n<li><strong>Kangas:<\/strong> Samet (100% pol\u00fcester).<\/li>\n<li><strong>Suurus:<\/strong>\u00a060x50x22 cm.<\/li>\n<\/ul>","protected":false},"featured_media":1239,"comment_status":"open","ping_status":"closed","template":"","meta":[],"product_brand":[],"product_cat":[29],"product_tag":[92,60,108,101,110,109,106,59,107,65],"class_list":{"0":"post-1249","1":"product","2":"type-product","3":"status-publish","4":"has-post-thumbnail","6":"product_cat-large-reading-pillow","7":"product_tag-adjustable-wedge-pillow","8":"product_tag-backrest-pillow","9":"product_tag-bed-cushion","10":"product_tag-chair-cushion","11":"product_tag-couch-cushion","12":"product_tag-daybed-cushion","13":"product_tag-reading-cushion","14":"product_tag-reading-pillow","15":"product_tag-sofa-cushion","16":"product_tag-wedge-pillow","18":"first","19":"outofstock","20":"shipping-taxable","21":"purchasable","22":"product-type-simple"},"_links":{"self":[{"href":"https:\/\/www.largepillow.com\/et\/wp-json\/wp\/v2\/product\/1249","targetHints":{"allow":["GET"]}}],"collection":[{"href":"https:\/\/www.largepillow.com\/et\/wp-json\/wp\/v2\/product"}],"about":[{"href":"https:\/\/www.largepillow.com\/et\/wp-json\/wp\/v2\/types\/product"}],"replies":[{"embeddable":true,"href":"https:\/\/www.largepillow.com\/et\/wp-json\/wp\/v2\/comments?post=1249"}],"wp:featuredmedia":[{"embeddable":true,"href":"https:\/\/www.largepillow.com\/et\/wp-json\/wp\/v2\/media\/1239"}],"wp:attachment":[{"href":"https:\/\/www.largepillow.com\/et\/wp-json\/wp\/v2\/media?parent=1249"}],"wp:term":[{"taxonomy":"product_brand","embeddable":true,"href":"https:\/\/www.largepillow.com\/et\/wp-json\/wp\/v2\/product_brand?post=1249"},{"taxonomy":"product_cat","embeddable":true,"href":"https:\/\/www.largepillow.com\/et\/wp-json\/wp\/v2\/product_cat?post=1249"},{"taxonomy":"product_tag","embeddable":true,"href":"https:\/\/www.largepillow.com\/et\/wp-json\/wp\/v2\/product_tag?post=1249"}],"curies":[{"name":"wp","href":"https:\/\/api.w.org\/{rel}","templated":true}]}}