{"id":1262,"date":"2022-09-19T05:37:03","date_gmt":"2022-09-19T05:37:03","guid":{"rendered":"https:\/\/www.largepillow.com\/product\/office-chair-cushion"},"modified":"2025-05-01T17:46:45","modified_gmt":"2025-05-01T17:46:45","slug":"lugemiskiilu-padi-2","status":"publish","type":"product","link":"https:\/\/www.largepillow.com\/et\/product\/reading-wedge-pillow-2","title":{"rendered":"Kiilpadja lugemisel"},"content":{"rendered":"<p>\u00dclim lugemiskiilpadi: mugavus ja tugi k\u00f5igiks teie hubasteks hetkedeks<\/p>\n<p>Nautige enneolematut mugavust Reading Wedge padjaga, mis on hoolikalt valmistatud kvaliteetsetest materjalidest ning millel on reguleeritav disain maksimaalse mitmek\u00fclgsuse ja toe tagamiseks.<\/p>\n<p>Erakordne mugavus lugemiseks ja l\u00f5\u00f5gastumiseks<\/p>\n<p>See kvaliteetne kiilukujuline padi on hoolikalt t\u00e4idetud esmaklassilise pol\u00fcesterkiuga, mis tagab vankumatu seljatoe ja pehme tunde, mis \u00fcmbritseb teid mugavusega. Olenemata sellest, kas olete kerra kerra haarava raamatuga, l\u00f5\u00f5gastute enne magamaminekut v\u00f5i otsite lihtsalt diivanil l\u00f5\u00f5gastust, see padi muudab teie kogemuse vaevata uueks.<\/p>\n<p>Reguleeritav isikup\u00e4rastatud toe jaoks<\/p>\n<p>Nutikalt disainitud rullpadi v\u00f5imaldab teil tuge t\u00e4pselt seal reguleerida, kus seda k\u00f5ige rohkem vajate. Olenemata sellest, kas eelistate kerget kallet v\u00f5i selgemat nurka, see padi katab k\u00f5ik vajadused. See on ideaalne lahendus selja sirgena hoidmiseks ja k\u00fc\u00fcrutamise v\u00e4ltimiseks, edendades paremat r\u00fchti ja \u00fcldist heaolu.<\/p>\n<p>Ergonoomiline disain optimaalse seljatoe tagamiseks<\/p>\n<p>J\u00e4rgides rangeid ergonoomilisi p\u00f5him\u00f5tteid, kohandub see tugipadi teie selja loomulike kumerustega, pakkudes teaduslikult p\u00f5hjendatud tuge, mis leevendab seljavalusid ja parandab istumisr\u00fchti. Selle suur suurus pakub k\u00fclluslikku tuge teie v\u00f6\u00f6kohale, seljale ja kaelale, v\u00f5ideldes t\u00f5husalt nimme- ja kaelaprobleemidega.<\/p>\n<p>Mitmek\u00fclgsus laia kasutusala jaoks<\/p>\n<p>Kiilkujulise lugemispadja mitmek\u00fclgsus teeb sellest iga kodu kohustusliku lisandi. See sobib ideaalselt kasutamiseks vooditel, diivanitel, p\u00e4evavooditel, toolidel ja diivanitel. Selle kohandatavus ulatub mitmesuguste tegevuste jaoks, alates lugemisest ja teleri vaatamisest kuni lihtsalt l\u00f5\u00f5gastumise ja mugavuse nautimiseni.<\/p>\n<p>Vaevatu hooldus p\u00fcsiva mugavuse tagamiseks<\/p>\n<p>Mugavust silmas pidades disainitud tugipadjal on lukuga sulgur, mis v\u00f5imaldab masinpestava \u00fcmbrise vaevata eemaldada. Vastupidav pol\u00fcestri ja linase segu kangas tagab p\u00fcsiva mugavuse ja vormi s\u00e4ilimise, muutes selle padja pikaajaliseks investeeringuks teie heaolu nimel.<\/p>\n<p>Klientide tagasiside r\u00e4\u00e4gib enda eest<\/p>\n<p>\u201cSee kiilukujuline padi sobib ideaalselt voodis lugemiseks. See pakub suurep\u00e4rast seljatuge ja reguleeritav tugipadi muudab m\u00e4ngu reegleid.\u201d<\/p>\n<p>\u201cOlen seda patja juba paar n\u00e4dalat kasutanud ja mu seljavalu on m\u00e4rkimisv\u00e4\u00e4rselt leevenenud. See on nii mugav ja toetab mind k\u00f5igis \u00f5igetes kohtades.\u201d<\/p>\n<p>\u201cSelle padja kvaliteet on h\u00e4mmastav. Kangas on pehme ja vastupidav ning \u00f5mblused on laitmatud. Soovitan seda soojalt.\u201d<\/p>\n<p>Kiiljas lugemispadi on mugavuse, toe ja mitmek\u00fclgsuse kehastus. Selle esmaklassiline konstruktsioon, reguleeritav disain ja ergonoomiline tugi parandavad teie lugemist, l\u00f5\u00f5gastumist ja \u00fcldist heaolu. Investeerige sellesse erakordsesse patja juba t\u00e4na ja viige oma kodune elu uutele mugavuse ja naudingu k\u00f5rgustele.<\/p>","protected":false},"excerpt":{"rendered":"<ul>\n<li><strong>Kvalifitseeritud kiilukujuline padi:<\/strong> See kiilas\u00e4\u00e4rega voodipadi on t\u00e4idetud esmaklassilise pol\u00fcesterkiudt\u00e4idisega, mis pakub stabiilset seljatuge ja muudab lugemise, puhkuse v\u00f5i teleka vaatamise voodis v\u00f5i diivanil mugavaks. Kvaliteetne linane kangas on v\u00e4ga pehme, vastupidav ning ei deformeeru ega pillu kergesti.<\/li>\n<li><strong>Reguleeritav kiilukujuline padi:<\/strong> Dekoorpadjaga on kaasas v\u00e4ike rullpadi. Seda saab vastavalt vajadusele reguleerida. See aitab selja sirgena hoida, et sa ei vajuks l\u00f6sakile. Lugemispadja kate on eemaldatav ja pestav. K\u00fcljel on kaks v\u00e4ikest taskut v\u00e4ikeste esemete, n\u00e4iteks pastaka, mobiiltelefoni, teleri puldi jms hoidmiseks.<\/li>\n<li><strong>Suurep\u00e4rane seljatugi:<\/strong> Suur tugipadi vastab ergonoomilisele disainile, mis pakub teaduslikku seljatuge ja parandab istumisr\u00fchti. See diivanipadi pakub mugavat tuge v\u00f6\u00f6kohale, seljale ja kaelale. See aitab ennetada ja leevendada nimme- ja emakakaelahaigusi ning seljavalusid.<\/li>\n<li><strong>Lai kasutusala:<\/strong> Kiilpadjal on mitmesuguseid kasutusv\u00f5imalusi ning see sobib suurep\u00e4raselt kasutamiseks voodil, diivanvoodil, toolil ja diivanil. Ideaalne kingitus endale, s\u00f5pradele v\u00f5i perele.<\/li>\n<li><strong>Lihtne puhastada:<\/strong> Sellel tugipadjal on lukuga sulgur, mis muudab \u00fcmbrise kergesti eemaldatavaks ja masinpestavaks.<\/li>\n<li><strong>Kangas:<\/strong>\u00a0Pol\u00fcestri ja linase segu.<\/li>\n<li><strong>Suurus:<\/strong>\u00a060x50x22 cm.<\/li>\n<\/ul>","protected":false},"featured_media":1250,"comment_status":"open","ping_status":"closed","template":"","meta":[],"product_brand":[],"product_cat":[29],"product_tag":[92,60,99,101,102,96,105,89,59,104,95,98,100,90],"class_list":{"0":"post-1262","1":"product","2":"type-product","3":"status-publish","4":"has-post-thumbnail","6":"product_cat-large-reading-pillow","7":"product_tag-adjustable-wedge-pillow","8":"product_tag-backrest-pillow","9":"product_tag-bed-pillow","10":"product_tag-chair-cushion","11":"product_tag-couch-pillow","12":"product_tag-cushions-for-sofa","13":"product_tag-lumbar-support","14":"product_tag-qualified-wedge-pillow","15":"product_tag-reading-pillow","16":"product_tag-reading-wedge-pillow","17":"product_tag-scientific-back-support","18":"product_tag-small-roll-bolster-pillow","19":"product_tag-sofa-daybed-pillow","20":"product_tag-stable-back-support","22":"first","23":"outofstock","24":"featured","25":"shipping-taxable","26":"purchasable","27":"product-type-simple"},"_links":{"self":[{"href":"https:\/\/www.largepillow.com\/et\/wp-json\/wp\/v2\/product\/1262","targetHints":{"allow":["GET"]}}],"collection":[{"href":"https:\/\/www.largepillow.com\/et\/wp-json\/wp\/v2\/product"}],"about":[{"href":"https:\/\/www.largepillow.com\/et\/wp-json\/wp\/v2\/types\/product"}],"replies":[{"embeddable":true,"href":"https:\/\/www.largepillow.com\/et\/wp-json\/wp\/v2\/comments?post=1262"}],"wp:featuredmedia":[{"embeddable":true,"href":"https:\/\/www.largepillow.com\/et\/wp-json\/wp\/v2\/media\/1250"}],"wp:attachment":[{"href":"https:\/\/www.largepillow.com\/et\/wp-json\/wp\/v2\/media?parent=1262"}],"wp:term":[{"taxonomy":"product_brand","embeddable":true,"href":"https:\/\/www.largepillow.com\/et\/wp-json\/wp\/v2\/product_brand?post=1262"},{"taxonomy":"product_cat","embeddable":true,"href":"https:\/\/www.largepillow.com\/et\/wp-json\/wp\/v2\/product_cat?post=1262"},{"taxonomy":"product_tag","embeddable":true,"href":"https:\/\/www.largepillow.com\/et\/wp-json\/wp\/v2\/product_tag?post=1262"}],"curies":[{"name":"wp","href":"https:\/\/api.w.org\/{rel}","templated":true}]}}