{"id":1298,"date":"2022-09-19T05:37:48","date_gmt":"2022-09-19T05:37:48","guid":{"rendered":"https:\/\/www.largepillow.com\/product\/wedge-reading-pillow"},"modified":"2025-12-02T18:57:13","modified_gmt":"2025-12-02T18:57:13","slug":"voodireziimi-lugemiskiil","status":"publish","type":"product","link":"https:\/\/www.largepillow.com\/et\/product\/bed-rest-reading-wedge","title":{"rendered":"Voodire\u017eiimi lugemiskiil"},"content":{"rendered":"<p>L\u00f5\u00f5gastu mugavalt voodipuhkuse lugemiskiiluga padjaga<\/p>\n<p>Kui sulle meeldib voodis lugeda v\u00f5i telekat vaadata, aga kannatad seljavalu k\u00e4es, on Bed Rest Reading Wedge padi ideaalne lahendus. See ergonoomilise disainiga padi pakub suurep\u00e4rast nimmetuge, et leevendada seljavalu ja aidata sul puhkamise ajal head r\u00fchti s\u00e4ilitada.  <\/p>\n<p>Pehmest ja kvaliteetsest linasest ning pol\u00fcestrist valmistatud helde suurusega 60x50x22 cm kiilpadi kohandub teie keha k\u00f5verustega. Reguleeritav rullpadi v\u00f5imaldab teil tuge kohandada vastavalt leevendust vajavatele piirkondadele, n\u00e4iteks alaseljale v\u00f5i kaelale. Kaks k\u00fcljetaskut pakuvad mugavat hoiustamist selliste asjade jaoks nagu telefon, puld v\u00f5i raamatud, kui te l\u00f5\u00f5gastute.<\/p>\n<p>Kliendid armastavad seda mitmek\u00fclgset ja toetavat patja:<\/p>\n<p>\u201cSee padi pakub voodis lugemiseks v\u00f5i s\u00fclearvutiga t\u00f6\u00f6tamiseks v\u00e4ga head tuge. See on mugav ja tundub v\u00e4ga vastupidav.\u201d<\/p>\n<p>\u201cMul tehti seljaoperatsioon ja arst soovitas seda kasutada. See annab t\u00e4pselt paraja kalde ilma valu tekitamata.\u201d <\/p>\n<p>\u201cOstsin selle oma eakatele vanematele, et nad saaksid mugavamalt istuda. Neile meeldib see v\u00e4ga ja nad \u00fctlevad, et see on nende seljaprobleemide puhul t\u00f5esti abiks olnud.\u201d<\/p>\n<p>Ergonoomilise disainiga, mis keskendub seljatoele ja mugavusele, on see kvaliteetne kiilpadi ideaalne kaaslane lugemiseks ja l\u00f5\u00f5gastumiseks. Eemaldatav ja pestav kate muudab hooldamise lihtsaks. <\/p>\n<p>Kingi mugav puhkus voodipuhkuse lugemiskiilpadjaga. See on ideaalne sulle v\u00f5i l\u00e4hedastele, kes kannatavad nimme- v\u00f5i kaelavalu k\u00e4es \u2013 see saab kindlasti osaks l\u00f5\u00f5gastusajast.<\/p>","protected":false},"excerpt":{"rendered":"<ul>\n<li><strong>Kvalifitseeritud kiilukujuline padi:<\/strong> See kiilas\u00e4\u00e4rega voodipadi on t\u00e4idetud esmaklassilise pol\u00fcesterkiudt\u00e4idisega, mis pakub stabiilset seljatuge ja muudab lugemise, puhkuse v\u00f5i teleka vaatamise voodis v\u00f5i diivanil mugavaks. Kvaliteetne linane kangas on v\u00e4ga pehme, vastupidav ning ei deformeeru ega pillu kergesti.<\/li>\n<li><strong>Reguleeritav kiilukujuline padi:<\/strong> Dekoorpadjaga on kaasas v\u00e4ike rullpadi. Seda saab vastavalt vajadusele reguleerida. See aitab selja sirgena hoida, et sa ei vajuks l\u00f6sakile. Lugemispadja kate on eemaldatav ja pestav. K\u00fcljel on kaks v\u00e4ikest taskut v\u00e4ikeste esemete, n\u00e4iteks pastaka, mobiiltelefoni, teleri puldi jms hoidmiseks.<\/li>\n<li><strong>Suurep\u00e4rane seljatugi:<\/strong> Suur tugipadi vastab ergonoomilisele disainile, mis pakub teaduslikku seljatuge ja parandab istumisr\u00fchti. See diivanipadi pakub mugavat tuge v\u00f6\u00f6kohale, seljale ja kaelale. See aitab ennetada ja leevendada nimme- ja emakakaelahaigusi ning seljavalusid.<\/li>\n<li><strong>Lai kasutusala:<\/strong> Kiilpadjal on mitmesuguseid kasutusv\u00f5imalusi ning see sobib suurep\u00e4raselt kasutamiseks voodil, diivanvoodil, toolil ja diivanil. Ideaalne kingitus endale, s\u00f5pradele v\u00f5i perele.<\/li>\n<li><strong>Lihtne puhastada:<\/strong> Sellel tugipadjal on lukuga sulgur, mis muudab \u00fcmbrise kergesti eemaldatavaks ja masinpestavaks.<\/li>\n<li><strong>Kangas:<\/strong>\u00a0Pol\u00fcestri ja linase segu.<\/li>\n<li><strong>Suurus:<\/strong>\u00a060x50x22 cm.<\/li>\n<\/ul>","protected":false},"featured_media":1287,"comment_status":"open","ping_status":"closed","template":"","meta":[],"product_brand":[],"product_cat":[29],"product_tag":[92,60,88,91,96,94,89,59,93,95,90],"class_list":{"0":"post-1298","1":"product","2":"type-product","3":"status-publish","4":"has-post-thumbnail","6":"product_cat-large-reading-pillow","7":"product_tag-adjustable-wedge-pillow","8":"product_tag-backrest-pillow","9":"product_tag-bed-rest-reading-wedge","10":"product_tag-comfortable-reading","11":"product_tag-cushions-for-sofa","12":"product_tag-excellent-back-support","13":"product_tag-qualified-wedge-pillow","14":"product_tag-reading-pillow","15":"product_tag-roll-bolster-pillow","16":"product_tag-scientific-back-support","17":"product_tag-stable-back-support","19":"first","20":"outofstock","21":"featured","22":"shipping-taxable","23":"purchasable","24":"product-type-simple"},"_links":{"self":[{"href":"https:\/\/www.largepillow.com\/et\/wp-json\/wp\/v2\/product\/1298","targetHints":{"allow":["GET"]}}],"collection":[{"href":"https:\/\/www.largepillow.com\/et\/wp-json\/wp\/v2\/product"}],"about":[{"href":"https:\/\/www.largepillow.com\/et\/wp-json\/wp\/v2\/types\/product"}],"replies":[{"embeddable":true,"href":"https:\/\/www.largepillow.com\/et\/wp-json\/wp\/v2\/comments?post=1298"}],"wp:featuredmedia":[{"embeddable":true,"href":"https:\/\/www.largepillow.com\/et\/wp-json\/wp\/v2\/media\/1287"}],"wp:attachment":[{"href":"https:\/\/www.largepillow.com\/et\/wp-json\/wp\/v2\/media?parent=1298"}],"wp:term":[{"taxonomy":"product_brand","embeddable":true,"href":"https:\/\/www.largepillow.com\/et\/wp-json\/wp\/v2\/product_brand?post=1298"},{"taxonomy":"product_cat","embeddable":true,"href":"https:\/\/www.largepillow.com\/et\/wp-json\/wp\/v2\/product_cat?post=1298"},{"taxonomy":"product_tag","embeddable":true,"href":"https:\/\/www.largepillow.com\/et\/wp-json\/wp\/v2\/product_tag?post=1298"}],"curies":[{"name":"wp","href":"https:\/\/api.w.org\/{rel}","templated":true}]}}