{"id":13105,"date":"2025-09-04T01:20:12","date_gmt":"2025-09-04T01:20:12","guid":{"rendered":"https:\/\/www.largepillow.com\/product\/ergonomic-zero-gravity-bean-bag-lounge-chair-curved-floor-sofa"},"modified":"2025-09-04T01:29:19","modified_gmt":"2025-09-04T01:29:19","slug":"ergonoomiline-nullgravitatsiooniga-kotttool-kumera-porandaga-diivan","status":"publish","type":"product","link":"https:\/\/www.largepillow.com\/et\/product\/ergonomic-zero-gravity-bean-bag-lounge-chair-curved-floor-sofa","title":{"rendered":"Ergonoomiline nullgravitatsiooniga kott-tool, kumera p\u00f5randaga diivan"},"content":{"rendered":"[zc_getpagecontent mb=&#8221;mb_aplus&#8221; apid=&#8221;143&#8243;]\n","protected":false},"excerpt":{"rendered":"<ul>\n<li>Ergonoomilised nullgravitatsioonist inspireeritud kumerused: See ainulaadselt kumer diivan, mis on loodud j\u00e4ljendama keha loomulikku r\u00fchti nullgravitatsioonis, pakub sihip\u00e4rast tuge teie kaelale, v\u00f6\u00f6kohale ja jalgadele, soodustades kogu keha l\u00f5\u00f5gastumist ja selgroo joondamist.<\/li>\n<li>Hingav 3D-pl\u00fc\u00fcskangas: Kaetud pehme ja l\u00fchikese 3D-pl\u00fc\u00fcskangaga, tundub pind pehme, kuid hingav, hoides teid suvel jahedana ja talvel hubasena. Saadaval karge valge ja v\u00e4rske rohelise v\u00e4rviga, lisab see igale eluruumile modernse h\u00f5ngu, minimalistlikust kuni boheemlasliku stiilini.<\/li>\n<li>Ideaalne suurus mitmek\u00fclgsete ruumide jaoks: M\u00f5\u00f5tudega 65\u201d (pikkus) \u00d7 31,5\u201d (laius), maksimaalse k\u00f5rgusega 21,7\u201d (k\u00f5rgus), v\u00f6\u00f6k\u00f5rgusega 9,8\u201d (v\u00f6\u00f6koha k\u00f5rgusega) ja jalak\u00f5rgusega 15,7\u201d (jala k\u00f5rgusega), sobib see sujuvalt elutuppa, magamistuppa v\u00f5i lugemisnurka. Kompaktne, kuid piisavalt avar, et 1-2 inimest saaksid mugavalt l\u00f5\u00f5gastuda.<\/li>\n<li>Kvaliteetse PP-puuvillaga t\u00e4idetud diivan pakub ideaalset tasakaalu pehmuse ja toe vahel. T\u00e4idist saab h\u00f5lpsalt lisada v\u00f5i eemaldada, et see vastaks teie eelistatud j\u00e4ikusele \u2013 olenemata sellest, kas eelistate s\u00fcvistatud tunnet v\u00f5i j\u00e4igemat tuge, kohandub see teie harjumustega.<\/li>\n<li>Sihip\u00e4rane nimmepiirkonna leevendus s\u00fcgava kontuuritoega: S\u00fcvistatud nimmepiirkond (25 cm k\u00f5rgune) toetab teie alaselga, et leevendada selgroo pinget. Olenemata sellest, kas teete uinakut, loete v\u00f5i vaatate seriaale j\u00e4rjest, kogege ergonoomilist mugavust, mis kohandub teiega.<\/li>\n<\/ul>","protected":false},"featured_media":13091,"comment_status":"open","ping_status":"closed","template":"","meta":[],"product_brand":[],"product_cat":[228],"product_tag":[],"class_list":{"0":"post-13105","1":"product","2":"type-product","3":"status-publish","4":"has-post-thumbnail","6":"product_cat-cushions","8":"first","9":"instock","10":"sold-individually","11":"shipping-taxable","12":"purchasable","13":"product-type-simple"},"_links":{"self":[{"href":"https:\/\/www.largepillow.com\/et\/wp-json\/wp\/v2\/product\/13105","targetHints":{"allow":["GET"]}}],"collection":[{"href":"https:\/\/www.largepillow.com\/et\/wp-json\/wp\/v2\/product"}],"about":[{"href":"https:\/\/www.largepillow.com\/et\/wp-json\/wp\/v2\/types\/product"}],"replies":[{"embeddable":true,"href":"https:\/\/www.largepillow.com\/et\/wp-json\/wp\/v2\/comments?post=13105"}],"wp:featuredmedia":[{"embeddable":true,"href":"https:\/\/www.largepillow.com\/et\/wp-json\/wp\/v2\/media\/13091"}],"wp:attachment":[{"href":"https:\/\/www.largepillow.com\/et\/wp-json\/wp\/v2\/media?parent=13105"}],"wp:term":[{"taxonomy":"product_brand","embeddable":true,"href":"https:\/\/www.largepillow.com\/et\/wp-json\/wp\/v2\/product_brand?post=13105"},{"taxonomy":"product_cat","embeddable":true,"href":"https:\/\/www.largepillow.com\/et\/wp-json\/wp\/v2\/product_cat?post=13105"},{"taxonomy":"product_tag","embeddable":true,"href":"https:\/\/www.largepillow.com\/et\/wp-json\/wp\/v2\/product_tag?post=13105"}],"curies":[{"name":"wp","href":"https:\/\/api.w.org\/{rel}","templated":true}]}}