{"id":1323,"date":"2022-09-19T06:02:03","date_gmt":"2022-09-19T06:02:03","guid":{"rendered":"https:\/\/www.largepillow.com\/product\/reading-wedges"},"modified":"2024-10-03T16:31:26","modified_gmt":"2024-10-03T16:31:26","slug":"lugemiskiilud","status":"publish","type":"product","link":"https:\/\/www.largepillow.com\/et\/product\/reading-wedges","title":{"rendered":"Reading Wedges"},"content":{"rendered":"<p>Kas oled raamatukoi, kellele meeldib voodis lugeda, aga kes kannatab halva r\u00fchi t\u00f5ttu ebamugavustunde ja valu k\u00e4es? Kui jah, siis meil on sulle ideaalne lahendus \u2013 lugemiskiilud!<\/p>\n<p>See ergonoomiline padi on loodud toetama ja pehmendama teie alaselga ja \u00fclaselga, kaela ja \u00f5lgu, tagades, et saaksite voodis lugeda ergonoomilises asendis. Padi on pehme ja mugav, olles samal ajal piisavalt tugev, et s\u00e4ilitada oma kuju ja pakkuda piisavat tuge.<\/p>\n<p>Kiilpadjap\u00fc\u00fcr on valmistatud kvaliteetsest l\u00f5uendkangast, mis on vastupidav ja suurep\u00e4rase \u00f5hu l\u00e4bilaskvusega. Sisemine s\u00fcdamik on t\u00e4idetud \u00fclielastse pol\u00fcesterkiuga, mis tagab, et padi ei vaju kokku ja s\u00e4ilitab oma kuju. Padjap\u00fc\u00fcr on eemaldatav ja masinpestav, mist\u00f5ttu on seda lihtne puhastada ja hooldada.<\/p>\n<p>Padja kumer kuju muudab selle ideaalseks teatud kehaosade \u00fcleval hoidmiseks, mist\u00f5ttu on see abiks selliste meditsiiniliste seisundite nagu norskamise v\u00f5i happe refluksi leevendamisel. Rasedad naised saavad seda kasutada k\u00fclili magamiseks v\u00f5i nimmepadjana nimmepiirkonna surve v\u00e4hendamiseks. Seda saab kasutada ka diivanil v\u00f5i p\u00f5randal, mis muudab selle multifunktsionaalseks.<\/p>\n<p>Lugemiskiilud on saadaval erinevates kujundustes, sealhulgas \u201cmetsamuusika\u201d, \u201cvana ajaleht\u201d, \u201csinine liblikas\u201d ja \u201ckaamelikaart\u201d. Nende erksate v\u00e4rvide hulgast leiate kindlasti sellise, mis sobib teie isiksusega ja lisab teie magamistuppa s\u00e4rtsu. See on ideaalne lugemispadi t\u00e4iskasvanutele, poistele ja t\u00fcdrukutele, muutes selle suurep\u00e4raseks kingituseks lastele, kes armastavad lugeda.<\/p>\n<p>\u00c4rge uskuge ainult meie s\u00f5nu; siin on m\u00f5ned meie klientide kommentaarid:<\/p>\n<p>\u201cMa armastan oma lugemiskiile; need on aidanud mul voodis lugemise ajal seljavalu leevendada.\u201d<\/p>\n<p>\u201cPadja disain on suurep\u00e4rane ja v\u00e4rvid lisavad minu tuppa elegantsi.\u201d<\/p>\n<p>\u201cLugemistool on multifunktsionaalne ja ma kasutan seda ka diivanil istudes seljatoena.\u201d<\/p>\n<p>\u201cEemaldatav padjap\u00fc\u00fcr on t\u00e4iesti uus asi, muutes padja puhtana hoidmise lihtsaks.\u201d<\/p>\n<p>Kokkuv\u00f5tteks v\u00f5ib \u00f6elda, et lugemiskiilud sobivad ideaalselt voodis lugemist nautivatele raamatukoidele. Need on mugavad, kindlad ja multifunktsionaalsed, mist\u00f5ttu on need kohustuslikud. Hankige endale juba t\u00e4na ja j\u00e4tke voodis lugemise ajal seljavalude ja ebamugavustundega h\u00fcvasti.<\/p>","protected":false},"excerpt":{"rendered":"<ul>\n<li><strong>Ergonoomiline padi:<\/strong>\u00a0Kui sulle ja su s\u00f5pradele meeldib voodis lugeda, kuid teil on eba\u00f5ige r\u00fchi t\u00f5ttu mitmesuguseid ebamugavusi: alaselja- ja \u00fclaseljavalud, kaela- ja \u00f5laprobleemid jne, siis palun kasutage seda ergonoomilist patja, mis aitab teil lugeda ergonoomilises asendis. See lugemispadi pole mitte ainult pehme ja mugav, vaid ka piisavalt tugev, et pakkuda pehmendust ja tuge.<\/li>\n<li><strong>Kvaliteetsed materjalid:<\/strong>\u00a0Kiilpadjakate on valmistatud kvaliteetsest l\u00f5uendkangast, mis on tugev ja vastupidav ning millel on v\u00e4ga hea \u00f5hu l\u00e4bilaskvus; see kasutab reaktiivse tr\u00fckkimise ja v\u00e4rvimise tehnoloogiat, mis ei tuhmu; sisemine s\u00fcdamik on t\u00e4idetud kvaliteetse ja elastse pol\u00fcesterkiudt\u00e4idisega, mis s\u00e4ilitab stabiilse kuju ilma kokku varisemata.<\/li>\n<li><strong>Mitmeotstarbeline kasutamine:<\/strong>\u00a0See kumera kujuga padi aitab hoida teatud kehaosi \u00fcleval. Seega aitab see leevendada teatud terviseprobleeme, n\u00e4iteks norskamist v\u00f5i happe refluksi. Lisaks aitab see rasedatel v\u00e4ltida \u00fcmberminekut ja s\u00e4ilitada k\u00fclili magamisasendit v\u00f5i kasutada seda nimmepadjana nimmepiirkonna surve v\u00e4hendamiseks. Lisaks seljatoepadja kasutamisele voodil saab seda kasutada ka diivanil, laste m\u00e4nguv\u00e4ljaku p\u00f5randal v\u00f5i aiam\u00f6\u00f6bli taga.<\/li>\n<li><strong>Suurep\u00e4rane tr\u00fckidisain:<\/strong>\u00a0See erksates v\u00e4rvides kaunistatud paigutuspatjade sari lisab teie magamistuppa l\u00e4iget. Pastoraalses stiilis &quot;metsamuusika&quot;, retrostiilis &quot;vana ajaleht&quot;, kirjanduslikus stiilis &quot;sinine liblikas&quot; v\u00f5i realistlikus stiilis &quot;kaamelikaart&quot; \u2013 leiate kindlasti oma isiksusele sobiva v\u00e4rvi. See on hea lugemispadi nii poistele kui ka t\u00fcdrukutele v\u00f5i t\u00e4iskasvanutele. See on ka suurep\u00e4rane kingitus lastele, kes armastavad lugeda, ja muudab nende toa lahedamaks.<\/li>\n<li><strong>Eemaldatav padjap\u00fc\u00fcr:<\/strong>\u00a0Padjap\u00fc\u00fcri, millel on n\u00e4htamatu metallist t\u00f5mblukk, saab h\u00f5lpsalt eemaldada ja padjale paigaldada; seda on lihtne puhastada ja see sobib masinpesuks; mugav k\u00fclgtasku mahutab igal ajal v\u00e4ikeseid esemeid, n\u00e4iteks mobiiltelefone ja prille.<\/li>\n<li><strong>Suurus:<\/strong>\u00a060x20x50 cm.<\/li>\n<\/ul>","protected":false},"featured_media":1316,"comment_status":"open","ping_status":"closed","template":"","meta":[],"product_brand":[],"product_cat":[29],"product_tag":[60,81,78,79,59,83,84],"class_list":{"0":"post-1323","1":"product","2":"type-product","3":"status-publish","4":"has-post-thumbnail","6":"product_cat-large-reading-pillow","7":"product_tag-backrest-pillow","8":"product_tag-curved-shape-pillow","9":"product_tag-ergonomic-pillow","10":"product_tag-lumbar-pillow","11":"product_tag-reading-pillow","12":"product_tag-reading-wedges","13":"product_tag-sofa-pillow","15":"first","16":"instock","17":"featured","18":"shipping-taxable","19":"purchasable","20":"product-type-simple"},"_links":{"self":[{"href":"https:\/\/www.largepillow.com\/et\/wp-json\/wp\/v2\/product\/1323","targetHints":{"allow":["GET"]}}],"collection":[{"href":"https:\/\/www.largepillow.com\/et\/wp-json\/wp\/v2\/product"}],"about":[{"href":"https:\/\/www.largepillow.com\/et\/wp-json\/wp\/v2\/types\/product"}],"replies":[{"embeddable":true,"href":"https:\/\/www.largepillow.com\/et\/wp-json\/wp\/v2\/comments?post=1323"}],"wp:featuredmedia":[{"embeddable":true,"href":"https:\/\/www.largepillow.com\/et\/wp-json\/wp\/v2\/media\/1316"}],"wp:attachment":[{"href":"https:\/\/www.largepillow.com\/et\/wp-json\/wp\/v2\/media?parent=1323"}],"wp:term":[{"taxonomy":"product_brand","embeddable":true,"href":"https:\/\/www.largepillow.com\/et\/wp-json\/wp\/v2\/product_brand?post=1323"},{"taxonomy":"product_cat","embeddable":true,"href":"https:\/\/www.largepillow.com\/et\/wp-json\/wp\/v2\/product_cat?post=1323"},{"taxonomy":"product_tag","embeddable":true,"href":"https:\/\/www.largepillow.com\/et\/wp-json\/wp\/v2\/product_tag?post=1323"}],"curies":[{"name":"wp","href":"https:\/\/api.w.org\/{rel}","templated":true}]}}