{"id":1340,"date":"2022-09-19T06:06:05","date_gmt":"2022-09-19T06:06:05","guid":{"rendered":"https:\/\/www.largepillow.com\/product\/wedge-pillow-for-reading"},"modified":"2025-10-31T19:46:49","modified_gmt":"2025-10-31T19:46:49","slug":"kiilukujuline-lugemispadi","status":"publish","type":"product","link":"https:\/\/www.largepillow.com\/et\/product\/wedge-pillow-for-reading\/","title":{"rendered":"Kiilpadi lugemiseks"},"content":{"rendered":"<p>Kas otsid mugavat ja mitmek\u00fclgset patja, mis parandaks lugemiskogemust? Wedge Pillow For Reading on just see, mida otsid.<\/p>\n<p>See ergonoomiline padi on loodud pakkuma toetavat ja mugavat lugemiskogemust. Kvaliteetsetest materjalidest, sh vastupidavast l\u00f5uendikangast kattest ja k\u00f5rge elastsusega pol\u00fcesterkiust t\u00e4idisest, on see padi nii pehme kui ka piisavalt tugev, et pakkuda pehmendust ja tuge.<\/p>\n<p>See kumera kujuga padi ei sobi mitte ainult lugemiseks, vaid t\u00f5stab ka teatud kehaosi, et leevendada meditsiinilisi seisundeid, nagu norskamine v\u00f5i happe refluks. Rasedad naised saavad sellest kasu ka k\u00fclili magamiseks v\u00f5i nimmepadjana nimmepiirkonna surve v\u00e4hendamiseks.<\/p>\n<p>Oma suurep\u00e4raste tr\u00fckimustritega lisab see positsioneerimispadi teie magamistuppa kindlasti v\u00e4rvi ja stiili. Valige n\u00e4iteks pastoraalse stiili \u201emetsamuusika\u201c, retro stiili \u201evana ajaleht\u201c, kirjandusliku stiili \u201esinine liblikas\u201c v\u00f5i realistliku stiili \u201ekaamelikaart\u201c vahel. See padi sobib ideaalselt nii poistele kui ka t\u00fcdrukutele, aga ka t\u00e4iskasvanutele ning on suurep\u00e4rane kingitus lastele, kes armastavad lugeda.<\/p>\n<p>Eemaldataval padjap\u00fc\u00fcril on n\u00e4htamatu metallt\u00f5mblukk, mis teeb selle h\u00f5lpsaks eemaldamise ja puhastamise. See on ka masinpestav ja sellel on mugav k\u00fcljetasku v\u00e4ikeste esemete, n\u00e4iteks mobiiltelefonide ja prillide hoidmiseks.<\/p>\n<p>\u00c4rge uskuge ainult meie s\u00f5nu, siin on m\u00f5ned rahulolevate klientide kommentaarid:<\/p>\n<p>\u201eMul on alati olnud raskusi voodis lugedes mugava asendi leidmisega, aga see kiilukujuline padi on muutnud m\u00e4ngu. See on nii mugav ja toetav ning k\u00fcljetasku on kena lisa.\u201c<\/p>\n<p>\u201eMul on happe refluks ja see padi on olnud mulle elup\u00e4\u00e4stja. See on palju mugavam kui tavaliste patjade virnastamine ja disain on ka v\u00e4ga armas.\u201c<\/p>\n<p>Kokkuv\u00f5ttes on Wedge lugemispadi kohustuslik ost k\u00f5igile, kellele meeldib voodis lugeda v\u00f5i kes vajavad magamise ajal lisatuge. Kvaliteetsete materjalide, mitmek\u00fclgse disaini ja stiilsete mustritega ei pea te selles ostus pettuma.<\/p>","protected":false},"excerpt":{"rendered":"<ul>\n<li><strong>Ergonoomiline padi:<\/strong>\u00a0Kui sulle ja su s\u00f5pradele meeldib voodis lugeda, kuid teil on eba\u00f5ige r\u00fchi t\u00f5ttu mitmesuguseid ebamugavusi: alaselja- ja \u00fclaseljavalud, kaela- ja \u00f5laprobleemid jne, siis palun kasutage seda ergonoomilist patja, mis aitab teil lugeda ergonoomilises asendis. See lugemispadi pole mitte ainult pehme ja mugav, vaid ka piisavalt tugev, et pakkuda pehmendust ja tuge.<\/li>\n<li><strong>Kvaliteetsed materjalid:<\/strong>\u00a0Kiilpadjakate on valmistatud kvaliteetsest l\u00f5uendkangast, mis on tugev ja vastupidav ning millel on v\u00e4ga hea \u00f5hu l\u00e4bilaskvus; see kasutab reaktiivse tr\u00fckkimise ja v\u00e4rvimise tehnoloogiat, mis ei tuhmu; sisemine s\u00fcdamik on t\u00e4idetud kvaliteetse ja elastse pol\u00fcesterkiudt\u00e4idisega, mis s\u00e4ilitab stabiilse kuju ilma kokku varisemata.<\/li>\n<li><strong>Mitmeotstarbeline kasutamine:<\/strong>\u00a0See kumera kujuga padi aitab hoida teatud kehaosi \u00fcleval. Seega aitab see leevendada teatud terviseprobleeme, n\u00e4iteks norskamist v\u00f5i happe refluksi. Lisaks aitab see rasedatel v\u00e4ltida \u00fcmberminekut ja s\u00e4ilitada k\u00fclili magamisasendit v\u00f5i kasutada seda nimmepadjana nimmepiirkonna surve v\u00e4hendamiseks. Lisaks seljatoepadja kasutamisele voodil saab seda kasutada ka diivanil, laste m\u00e4nguv\u00e4ljaku p\u00f5randal v\u00f5i aiam\u00f6\u00f6bli taga.<\/li>\n<li><strong>Suurep\u00e4rane tr\u00fckidisain:<\/strong>\u00a0See erksates v\u00e4rvides kaunistatud paigutuspatjade sari lisab teie magamistuppa l\u00e4iget. Pastoraalses stiilis &quot;metsamuusika&quot;, retrostiilis &quot;vana ajaleht&quot;, kirjanduslikus stiilis &quot;sinine liblikas&quot; v\u00f5i realistlikus stiilis &quot;kaamelikaart&quot; \u2013 leiate kindlasti oma isiksusele sobiva v\u00e4rvi. See on hea lugemispadi nii poistele kui ka t\u00fcdrukutele v\u00f5i t\u00e4iskasvanutele. See on ka suurep\u00e4rane kingitus lastele, kes armastavad lugeda, ja muudab nende toa lahedamaks.<\/li>\n<li><strong>Eemaldatav padjap\u00fc\u00fcr:<\/strong>\u00a0Padjap\u00fc\u00fcri, millel on n\u00e4htamatu metallist t\u00f5mblukk, saab h\u00f5lpsalt eemaldada ja padjale paigaldada; seda on lihtne puhastada ja see sobib masinpesuks; mugav k\u00fclgtasku mahutab igal ajal v\u00e4ikeseid esemeid, n\u00e4iteks mobiiltelefone ja prille.<\/li>\n<li><strong>Suurus:<\/strong>\u00a060x20x50 cm.<\/li>\n<\/ul>","protected":false},"featured_media":1332,"comment_status":"open","ping_status":"closed","template":"","meta":[],"product_brand":[],"product_cat":[29],"product_tag":[60,81,78,79,80,59,65],"class_list":{"0":"post-1340","1":"product","2":"type-product","3":"status-publish","4":"has-post-thumbnail","6":"product_cat-large-reading-pillow","7":"product_tag-backrest-pillow","8":"product_tag-curved-shape-pillow","9":"product_tag-ergonomic-pillow","10":"product_tag-lumbar-pillow","11":"product_tag-positioning-pillow","12":"product_tag-reading-pillow","13":"product_tag-wedge-pillow","15":"first","16":"instock","17":"featured","18":"shipping-taxable","19":"purchasable","20":"product-type-simple"},"_links":{"self":[{"href":"https:\/\/www.largepillow.com\/et\/wp-json\/wp\/v2\/product\/1340","targetHints":{"allow":["GET"]}}],"collection":[{"href":"https:\/\/www.largepillow.com\/et\/wp-json\/wp\/v2\/product"}],"about":[{"href":"https:\/\/www.largepillow.com\/et\/wp-json\/wp\/v2\/types\/product"}],"replies":[{"embeddable":true,"href":"https:\/\/www.largepillow.com\/et\/wp-json\/wp\/v2\/comments?post=1340"}],"wp:featuredmedia":[{"embeddable":true,"href":"https:\/\/www.largepillow.com\/et\/wp-json\/wp\/v2\/media\/1332"}],"wp:attachment":[{"href":"https:\/\/www.largepillow.com\/et\/wp-json\/wp\/v2\/media?parent=1340"}],"wp:term":[{"taxonomy":"product_brand","embeddable":true,"href":"https:\/\/www.largepillow.com\/et\/wp-json\/wp\/v2\/product_brand?post=1340"},{"taxonomy":"product_cat","embeddable":true,"href":"https:\/\/www.largepillow.com\/et\/wp-json\/wp\/v2\/product_cat?post=1340"},{"taxonomy":"product_tag","embeddable":true,"href":"https:\/\/www.largepillow.com\/et\/wp-json\/wp\/v2\/product_tag?post=1340"}],"curies":[{"name":"t\u00f6\u00f6leht","href":"https:\/\/api.w.org\/{rel}","templated":true}]}}