{"id":1415,"date":"2022-09-20T02:47:33","date_gmt":"2022-09-20T02:47:33","guid":{"rendered":"https:\/\/www.largepillow.com\/product\/huge-rock-pillows-living-stones-pillows-pebble-pillows-living-pillows-pre-filled-christmas-present-light-gray-9001"},"modified":"2024-11-13T23:31:08","modified_gmt":"2024-11-13T23:31:08","slug":"kivist-padjad","status":"publish","type":"product","link":"https:\/\/www.largepillow.com\/et\/product\/stone-pillows","title":{"rendered":"Kivipadjad"},"content":{"rendered":"[zc_getpagecontent mb=&#8221;mb_aplus&#8221; apid=&#8221;21&#8243;]\n","protected":false},"excerpt":{"rendered":"<ul>\n<li><strong>V\u00e4ga sarnane 3D \u00f5uepadi:<\/strong> Esmapilgul ei pruugi te arvata, et see on lihtsalt dekoratiivpadi. Nutika disaini abil oleme \u00fchendanud hubase padja ja \u201ckivi\u201d ideaalselt. Ellipsi kuju ja peenike kumerus muudavad need p\u00e4ris kivide sarnaseks. Tumedate ja heledate v\u00e4rvide segamine ja sobitamine v\u00f5ib teie tuppa rikkalikke visuaalseid muutusi lisada ja selle l\u00f5busaks muuta. Need erksad dekoratiivpadjad muudavad meie kodu huvitavaks kohaks.<\/li>\n<li><strong>Dekoratiivsed padjad erinevateks s\u00fcndmusteks:<\/strong> Meie patju saab kasutada dekoratsioonina, et rahuldada teie erinevaid vajadusi mitmel korral. Pange need siseruumidesse, et anda ruumile loomulik h\u00f5ng. Pange need \u00f5ue aeda, terrassile, basseini \u00e4\u00e4rde jne. Nii saate naasta t\u00f5elise ja t\u00e4iusliku integratsiooni juurde ning tunda end mugavalt; neid saab kasutada lastetoa kaunistamiseks v\u00f5i m\u00e4ngupargi loomiseks.<\/li>\n<li><strong>Mitmeotstarbelised loomingulised padjad:<\/strong> Meie pehmeid patju saab kasutada mitte ainult dekoratiivpatjadena sise- v\u00f5i \u00f5ueruumides, vaid ka laste m\u00e4nguasjadena, et lapsed saaksid pehmete patjadega m\u00e4ngida ja oma tundeid m\u00e4ngus v\u00e4ljendada. Suuri diivanipatju saab kasutada ka loominguliste istumisasemete ja v\u00e4ikeste diivanipatjadena. Erineva kujuga dekopadjad sobivad h\u00e4sti ka fotorekvisiitideks.<\/li>\n<li><strong>Kvaliteetne kivisimulatsioonipadi:<\/strong> Valitud \u00fclipehmed l\u00fchikesed sametkangad, pehmed ja mugavad. Dekoratiivpadjad t\u00e4idisega (pol\u00fcestert\u00e4idis), mis on kohev ja pehme ning hea elastsusega. N\u00e4htamatu lukuga disain muudab padjap\u00fc\u00fcri ka kergesti lahtiv\u00f5etavaks. Reaktiivse tr\u00fckkimise ja v\u00e4rvimise tehnoloogia abil on iga samm alates materjali valikust kuni v\u00e4rvi fikseerimise, suuruse eemaldamise ja vormimiseni kuni valmistooteni rangelt j\u00e4rgitud.<\/li>\n<li><strong>Pakend ja suurus:<\/strong> Igas pakis on 1 komplekt 6 erineva suurusega \u00f5uepatja, mis on ebakorrap\u00e4rase ovaalse kujuga, et meenutada pigem kive. Suurused on: 100 \u00d7 50 \/ 50 \u00d7 35 \/ 50 \u00d7 25 \/ 35 \u00d7 23 \/ 30 \u00d7 15 \/ 18 \u00d7 10 cm.<\/li>\n<\/ul>","protected":false},"featured_media":1406,"comment_status":"open","ping_status":"closed","template":"","meta":[],"product_brand":[],"product_cat":[30],"product_tag":[58,57,53,56,52,54,51,55,50],"class_list":{"0":"post-1415","1":"product","2":"type-product","3":"status-publish","4":"has-post-thumbnail","6":"product_cat-large-rock-pillow","7":"product_tag-floor-cushion","8":"product_tag-floor-pillow","9":"product_tag-livingstones","10":"product_tag-pebble-cushion","11":"product_tag-pebble-pillow","12":"product_tag-rock-cushion","13":"product_tag-rock-pillow","14":"product_tag-stone-cushion","15":"product_tag-stone-pillow","17":"first","18":"instock","19":"featured","20":"shipping-taxable","21":"purchasable","22":"product-type-variable","23":"has-default-attributes"},"_links":{"self":[{"href":"https:\/\/www.largepillow.com\/et\/wp-json\/wp\/v2\/product\/1415","targetHints":{"allow":["GET"]}}],"collection":[{"href":"https:\/\/www.largepillow.com\/et\/wp-json\/wp\/v2\/product"}],"about":[{"href":"https:\/\/www.largepillow.com\/et\/wp-json\/wp\/v2\/types\/product"}],"replies":[{"embeddable":true,"href":"https:\/\/www.largepillow.com\/et\/wp-json\/wp\/v2\/comments?post=1415"}],"wp:featuredmedia":[{"embeddable":true,"href":"https:\/\/www.largepillow.com\/et\/wp-json\/wp\/v2\/media\/1406"}],"wp:attachment":[{"href":"https:\/\/www.largepillow.com\/et\/wp-json\/wp\/v2\/media?parent=1415"}],"wp:term":[{"taxonomy":"product_brand","embeddable":true,"href":"https:\/\/www.largepillow.com\/et\/wp-json\/wp\/v2\/product_brand?post=1415"},{"taxonomy":"product_cat","embeddable":true,"href":"https:\/\/www.largepillow.com\/et\/wp-json\/wp\/v2\/product_cat?post=1415"},{"taxonomy":"product_tag","embeddable":true,"href":"https:\/\/www.largepillow.com\/et\/wp-json\/wp\/v2\/product_tag?post=1415"}],"curies":[{"name":"wp","href":"https:\/\/api.w.org\/{rel}","templated":true}]}}