{"id":14329,"date":"2025-09-25T01:11:37","date_gmt":"2025-09-25T01:11:37","guid":{"rendered":"https:\/\/www.largepillow.com\/product\/velvet-modular-floor-sofa-set-with-back-support-armrest-pillows"},"modified":"2025-09-25T01:20:38","modified_gmt":"2025-09-25T01:20:38","slug":"sametist-mooduldiivanikomplekt-seljatoe-kaetugedega-patjadega","status":"publish","type":"product","link":"https:\/\/www.largepillow.com\/et\/product\/velvet-modular-floor-sofa-set-with-back-support-armrest-pillows","title":{"rendered":"Sametist mooduldiivanikomplekt seljatoe ja k\u00e4etugedega patjadega"},"content":{"rendered":"[zc_getpagecontent mb=&#8221;mb_aplus&#8221; apid=&#8221;144&#8243;]\n","protected":false},"excerpt":{"rendered":"<ul>\n<li>Boheemlaslikust stiilist inspireeritud p\u00f5randadiivan: lisa oma kodule soe ja kunstip\u00e4rane h\u00f5ng selle mooduldiivanikomplektiga. \u0160iki boheemlasliku mustri, tepitud n\u00f6\u00f6pide ja pehme sametkangaga diivan \u00fchendab mugavuse ja stiili, et kaunistada sinu elutuba, r\u00f5du v\u00f5i lugemisnurka.<\/li>\n<li>Paindlik mooduldisain: Iga komplekt sisaldab 5 osa: 2 silindrilist k\u00e4etoepatja (6\u2033\u00d710\u2033), 2 ruudukujulist seljatoepatja (24\u2033\u00d718\u2033) ja 1 paksu ristk\u00fclikukujulist aluspatja (8\u2033\u00d747\u2033\u00d728\u2033). Kasutage seda kompaktse p\u00f5randadiivanina, \u00fchekohalise tugitoolina v\u00f5i k\u00f5rgendatud diivanina ning ostke lisakomplekte, et luua suurem sektsioondiivan v\u00f5i isegi hubane p\u00f5randavoodi.<\/li>\n<li>Pehmed, kuid toetavad: T\u00e4idetud suure tihedusega PP-puuvillaga, on padjad pehmed ja kohevad, kuid samas stabiilsed, pakkudes \u00f5iget tasakaalu pehmuse ja toe vahel. Ideaalne pikkadeks lugemissessioonideks, l\u00f5\u00f5gastumiseks v\u00f5i uinakute tegemiseks, ilma et need longus oleksid.<\/li>\n<li>Kvaliteetne Hollandi sametkangas: Pehme Hollandi sametiga polsterdatud diivan pakub siledat ja nahas\u00f5bralikku puudutust ning paksust vastupidavuse tagamiseks. Kangas on hingav, kulumiskindel ja hubane, samas kui tepitud detailid hoiavad \u00e4ra longusoleku pikaajalise kasutamise tagamiseks.<\/li>\n<li>Mitmek\u00fclgsus mitmes stseenis: asetage see p\u00f5randadiivaniks, pingipadjaks, tugitooliks v\u00f5i aknalaua istmeks, et see sobiks erinevatesse ruumidesse. Ideaalne v\u00e4ikestesse korteritesse, \u00fchiselamutubadesse, elutubadesse, r\u00f5dudele v\u00f5i k\u00fclalistetubadesse, pakkudes paindlikku mugavust igas nurgas.<\/li>\n<\/ul>","protected":false},"featured_media":14320,"comment_status":"open","ping_status":"closed","template":"","meta":[],"product_brand":[],"product_cat":[228],"product_tag":[],"class_list":{"0":"post-14329","1":"product","2":"type-product","3":"status-publish","4":"has-post-thumbnail","6":"product_cat-cushions","8":"first","9":"instock","10":"sold-individually","11":"shipping-taxable","12":"purchasable","13":"product-type-simple"},"_links":{"self":[{"href":"https:\/\/www.largepillow.com\/et\/wp-json\/wp\/v2\/product\/14329","targetHints":{"allow":["GET"]}}],"collection":[{"href":"https:\/\/www.largepillow.com\/et\/wp-json\/wp\/v2\/product"}],"about":[{"href":"https:\/\/www.largepillow.com\/et\/wp-json\/wp\/v2\/types\/product"}],"replies":[{"embeddable":true,"href":"https:\/\/www.largepillow.com\/et\/wp-json\/wp\/v2\/comments?post=14329"}],"wp:featuredmedia":[{"embeddable":true,"href":"https:\/\/www.largepillow.com\/et\/wp-json\/wp\/v2\/media\/14320"}],"wp:attachment":[{"href":"https:\/\/www.largepillow.com\/et\/wp-json\/wp\/v2\/media?parent=14329"}],"wp:term":[{"taxonomy":"product_brand","embeddable":true,"href":"https:\/\/www.largepillow.com\/et\/wp-json\/wp\/v2\/product_brand?post=14329"},{"taxonomy":"product_cat","embeddable":true,"href":"https:\/\/www.largepillow.com\/et\/wp-json\/wp\/v2\/product_cat?post=14329"},{"taxonomy":"product_tag","embeddable":true,"href":"https:\/\/www.largepillow.com\/et\/wp-json\/wp\/v2\/product_tag?post=14329"}],"curies":[{"name":"wp","href":"https:\/\/api.w.org\/{rel}","templated":true}]}}