{"id":14837,"date":"2025-10-10T03:47:18","date_gmt":"2025-10-10T03:47:18","guid":{"rendered":"https:\/\/www.largepillow.com\/product\/large-bean-bag-chair-for-adults-with-filler-comfy-floor-sofa-couch"},"modified":"2025-10-10T03:58:04","modified_gmt":"2025-10-10T03:58:04","slug":"suur-kotttool-taiskasvanutele-koos-mugava-porandadiivaniga","status":"publish","type":"product","link":"https:\/\/www.largepillow.com\/et\/product\/large-bean-bag-chair-for-adults-with-filler-comfy-floor-sofa-couch","title":{"rendered":"Suur kott-tool t\u00e4iskasvanutele t\u00e4idisega, mugav p\u00f5randadiivan"},"content":{"rendered":"[zc_getpagecontent mb=&#8221;mb_aplus&#8221; apid=&#8221;145&#8243;]\n","protected":false},"excerpt":{"rendered":"<ul>\n<li>\u00dclim mugavus ja tugi: Sellel kotttoolil on \u0161ikk hulknurkne kuju, mis annab moodsa ilme. Selle ainulaadne disain pakub kogu kehale mugavust koos tugeva kaela-, v\u00f6\u00f6koha- ja jalgade toega, lisaks stabiilsuse ja maksimaalse jalgade vabadusega.<\/li>\n<li>Kvaliteetne kangas ja t\u00e4idis: Valmistatud tekstuursest sametist pehme ja nahas\u00f5braliku puudutuse tagamiseks. T\u00e4idetud kvaliteetse PP-puuvillaga, pakub see vastupidavust, vastupidavust ja kohevat, hubast tunnet, mis s\u00e4ilitab mugavuse aja jooksul.<\/li>\n<li>\u00dclisuur ja stabiilne disain: M\u00f5\u00f5tudega 50\u2033P \u00d7 37\u2033L \u00d7 28\u2033K see kotttool mahutab kuni kaks inimest. Ideaalne paaridele v\u00f5i hubaseks \u00fcksinda l\u00f5\u00f5gastumiseks. Selle tasakaalustatud konstruktsioon tagab stabiilsuse ilma seinale toetumata.<\/li>\n<li>Vastupidavad detailid ja lihtne kasutada: Tugeva lukuga, tugevdatud \u00f5mbluste, h\u00f5lpsasti kantava k\u00e4epideme ja libisemiskindla p\u00f5hjaga kott-tool \u00fchendab l\u00e4bim\u00f5eldud detailid vastupidavusega igap\u00e4evaseks kasutamiseks.<\/li>\n<li>Lihtne hooldus ja kokkupanekut pole vaja: Mugavuse huvides saabub vaakumpakendis. Lihtsalt pakkige lahti ja laske 24\u201348 tundi paisuda. Puhastamiseks p\u00fchkige pinda \u00f5rna puhastusvahendiga, et see p\u00fcsiks v\u00e4rske ja uuev\u00e4\u00e4rne.<\/li>\n<\/ul>","protected":false},"featured_media":14829,"comment_status":"open","ping_status":"closed","template":"","meta":[],"product_brand":[],"product_cat":[228],"product_tag":[],"class_list":{"0":"post-14837","1":"product","2":"type-product","3":"status-publish","4":"has-post-thumbnail","6":"product_cat-cushions","8":"first","9":"instock","10":"sold-individually","11":"shipping-taxable","12":"purchasable","13":"product-type-simple"},"_links":{"self":[{"href":"https:\/\/www.largepillow.com\/et\/wp-json\/wp\/v2\/product\/14837","targetHints":{"allow":["GET"]}}],"collection":[{"href":"https:\/\/www.largepillow.com\/et\/wp-json\/wp\/v2\/product"}],"about":[{"href":"https:\/\/www.largepillow.com\/et\/wp-json\/wp\/v2\/types\/product"}],"replies":[{"embeddable":true,"href":"https:\/\/www.largepillow.com\/et\/wp-json\/wp\/v2\/comments?post=14837"}],"wp:featuredmedia":[{"embeddable":true,"href":"https:\/\/www.largepillow.com\/et\/wp-json\/wp\/v2\/media\/14829"}],"wp:attachment":[{"href":"https:\/\/www.largepillow.com\/et\/wp-json\/wp\/v2\/media?parent=14837"}],"wp:term":[{"taxonomy":"product_brand","embeddable":true,"href":"https:\/\/www.largepillow.com\/et\/wp-json\/wp\/v2\/product_brand?post=14837"},{"taxonomy":"product_cat","embeddable":true,"href":"https:\/\/www.largepillow.com\/et\/wp-json\/wp\/v2\/product_cat?post=14837"},{"taxonomy":"product_tag","embeddable":true,"href":"https:\/\/www.largepillow.com\/et\/wp-json\/wp\/v2\/product_tag?post=14837"}],"curies":[{"name":"wp","href":"https:\/\/api.w.org\/{rel}","templated":true}]}}