{"id":15408,"date":"2025-11-08T13:13:48","date_gmt":"2025-11-08T13:13:48","guid":{"rendered":"https:\/\/www.largepillow.com\/product\/oversized-bean-bag-chair-for-adults-high-back-corduroy-floor-sofa-lounger"},"modified":"2025-11-09T08:47:35","modified_gmt":"2025-11-09T08:47:35","slug":"taiskasvanutele-moeldud-ulisuur-kotttool-korge-seljatoega-velvetist-porandadiivan","status":"publish","type":"product","link":"https:\/\/www.largepillow.com\/et\/product\/oversized-bean-bag-chair-for-adults-high-back-corduroy-floor-sofa-lounger\/","title":{"rendered":"T\u00e4iskasvanutele m\u00f5eldud \u00fclisuur kotttool, k\u00f5rge seljatoega velvetist p\u00f5randadiivan"},"content":{"rendered":"[zc_getpagecontent mb=&#8221;mb_aplus&#8221; apid=&#8221;149&#8243;]\n","protected":false},"excerpt":{"rendered":"<ul>\n<li>Kogu keha katv mugavus, \u00fclisuur disain: See hiiglaslik kottdiivan on t\u00e4idetud koheva PP-puuvillaga, et pakkuda pilvelaadset mugavust. Selle avar 59\u2033x35\u2033x33\u2033 suurus annab teile ruumi istumiseks, laiali sirutamiseks v\u00f5i vabalt kaisutamiseks.<\/li>\n<li>Kolmest k\u00fcljest k\u00f5rge seljatugi toe ja turvalisuse tagamiseks: Kolmest k\u00fcljest k\u00f5rge seljatugi pakub tuge teie \u00f5lgadele, k\u00e4tele ja seljale \u2013 m\u00e4ssides teid mugavuskookonisse ja andes turvatunde.<\/li>\n<li>Hubane pere ajaveetmiskoht: ideaalne filmi\u00f5htuteks, m\u00e4ngumaratonideks v\u00f5i laiskadeks n\u00e4dalavahetusteks. See kott-tool sobib kahele t\u00e4iskasvanule v\u00f5i lastega paarile \u2013 luues \u00fchise hubase pelgupaiga.<\/li>\n<li>Pehme velvetist kate, soe ja vastupidav: Valmistatud esmaklassilisest velvetist kangast, mis on pehme, nahas\u00f5bralik ja kulumiskindel. Tekstuur lisab teie eluruumile stiilse ja sooja aktsendi.<\/li>\n<li>Pole vaja kokku panna, lihtsalt kohevaks ajada ja puhata: saabub t\u00e4idetuna \u2013 pakkige lahti, kohevaks ajada ja ongi valmis. Ideaalne elutuppa, magamistuppa v\u00f5i lugemisnurka. (Eemaldamatu kate; ainult plekipuhastus.)<\/li>\n<\/ul>","protected":false},"featured_media":15393,"comment_status":"open","ping_status":"closed","template":"","meta":[],"product_brand":[],"product_cat":[228],"product_tag":[],"class_list":{"0":"post-15408","1":"product","2":"type-product","3":"status-publish","4":"has-post-thumbnail","6":"product_cat-cushions","8":"first","9":"instock","10":"sold-individually","11":"shipping-taxable","12":"purchasable","13":"product-type-simple"},"_links":{"self":[{"href":"https:\/\/www.largepillow.com\/et\/wp-json\/wp\/v2\/product\/15408","targetHints":{"allow":["GET"]}}],"collection":[{"href":"https:\/\/www.largepillow.com\/et\/wp-json\/wp\/v2\/product"}],"about":[{"href":"https:\/\/www.largepillow.com\/et\/wp-json\/wp\/v2\/types\/product"}],"replies":[{"embeddable":true,"href":"https:\/\/www.largepillow.com\/et\/wp-json\/wp\/v2\/comments?post=15408"}],"wp:featuredmedia":[{"embeddable":true,"href":"https:\/\/www.largepillow.com\/et\/wp-json\/wp\/v2\/media\/15393"}],"wp:attachment":[{"href":"https:\/\/www.largepillow.com\/et\/wp-json\/wp\/v2\/media?parent=15408"}],"wp:term":[{"taxonomy":"product_brand","embeddable":true,"href":"https:\/\/www.largepillow.com\/et\/wp-json\/wp\/v2\/product_brand?post=15408"},{"taxonomy":"product_cat","embeddable":true,"href":"https:\/\/www.largepillow.com\/et\/wp-json\/wp\/v2\/product_cat?post=15408"},{"taxonomy":"product_tag","embeddable":true,"href":"https:\/\/www.largepillow.com\/et\/wp-json\/wp\/v2\/product_tag?post=15408"}],"curies":[{"name":"t\u00f6\u00f6leht","href":"https:\/\/api.w.org\/{rel}","templated":true}]}}