{"id":15454,"date":"2025-11-08T14:09:25","date_gmt":"2025-11-08T14:09:25","guid":{"rendered":"https:\/\/www.largepillow.com\/product\/plush-recliner-chair-and-ottoman-set-modern-upholstered-lounge-sofa"},"modified":"2026-03-12T02:42:24","modified_gmt":"2026-03-12T02:42:24","slug":"pehme-tugitooli-ja-ottomani-komplekt-moodne-polsterdatud-diivan","status":"publish","type":"product","link":"https:\/\/www.largepillow.com\/et\/product\/plush-recliner-chair-and-ottoman-set-modern-upholstered-lounge-sofa","title":{"rendered":"Pehme tugitool ja Ottomani komplekt, moodne polsterdatud diivan"},"content":{"rendered":"[zc_getpagecontent mb=&#8221;mb_aplus&#8221; apid=&#8221;153&#8243;]\n","protected":false},"excerpt":{"rendered":"<ul>\n<li>\u00dcletamatu mugavus ja pehme disain: Kogege \u00fclimat l\u00f5\u00f5gastust lamavas tugitoolis, mis on l\u00e4bim\u00f5eldult disainitud suure tihedusega pol\u00fcesterkiust t\u00e4idisega, mis \u00fcmbritseb teie keha pehmelt. Luksuslik pehmest kangast vooder kallistab \u00f5rnalt teie nahka, samas kui tekstuurne l\u00f5ngaga v\u00e4rvitud kate lisab elegantsi ja vastupidavust. Keerukalt volditud kaelapadi suurendab visuaalset atraktiivsust, lisades mitte ainult luksuslikku h\u00f5ngu, vaid ka kaunistades iga ruumi.<\/li>\n<li>Mugavad toolid ja jalapink: See siseruumidesse m\u00f5eldud lamamistool on kaheosalise disainiga, millel on peamine lamav iste ja sobiv jalapink maksimaalse paindlikkuse tagamiseks. Sobiv jalapink suurendab mugavust ja toimib vajadusel ka lisaistmena. See lamav tooli paigutus v\u00f5imaldab teil jalgu sirutada v\u00f5i mugavalt p\u00fcsti istuda.<\/li>\n<li>Ergonoomiline disain: Diivan on ergonoomiliselt disainitud toetama selga, kaela ja pead. Struktureeritud lamamistooli ja jalatoe kombinatsioon kohandub ideaalselt teie kehaga, aidates v\u00e4hendada v\u00e4simust ja soodustada l\u00f5\u00f5gastumist. Olenemata sellest, kas kasutate seda lugemistoolina, elutoa aktsendina v\u00f5i magamistoa kaaslasena, tagab see siseruumides kasutatav lamamistool mugavuse t\u00e4iskasvanutele, teismelistele ja isegi lemmikloomadele.<\/li>\n<li>Erinevad rakendused: Olenemata sellest, kas asetate selle tugitooli \u00fchiselamutuppa, magamistuppa, r\u00f5dule v\u00f5i lugemisnurka, lisab see hubase ja moodsa ilme. Diivan sobib ideaalselt t\u00e4iskasvanutele, teismelistele ja isegi lemmikloomadele, pakkudes multifunktsionaalset ja l\u00f5\u00f5gastavat istumislahendust. Selle pehme ja pl\u00fc\u00fcsist materjal tagab pikaajalise mugavuse iga tegevuse ajal, alates t\u00f6\u00f6pausidest kuni vabaaja l\u00f5\u00f5gastumiseni.<\/li>\n<li>Kokkupanekuta: Eemaldage lihtsalt vaakumpakend ja tugitool ning jalapink naasevad oma algsesse olekusse 24\u201348 tunni jooksul. Pange t\u00e4hele, et diivan saadetakse kahes eraldi karbis ja v\u00f5ivad saabuda eri aegadel. T\u00e4ielikult lahtivoldituna pakuvad teie tugitool ja diivan mugavat puhkekohta, mis \u00fchendab endas tipptasemel disaini, mugavuse ja praktilisuse.<\/li>\n<\/ul>","protected":false},"featured_media":15440,"comment_status":"open","ping_status":"closed","template":"","meta":[],"product_brand":[],"product_cat":[228],"product_tag":[],"class_list":{"0":"post-15454","1":"product","2":"type-product","3":"status-publish","4":"has-post-thumbnail","6":"product_cat-cushions","8":"first","9":"instock","10":"sold-individually","11":"shipping-taxable","12":"purchasable","13":"product-type-simple"},"_links":{"self":[{"href":"https:\/\/www.largepillow.com\/et\/wp-json\/wp\/v2\/product\/15454","targetHints":{"allow":["GET"]}}],"collection":[{"href":"https:\/\/www.largepillow.com\/et\/wp-json\/wp\/v2\/product"}],"about":[{"href":"https:\/\/www.largepillow.com\/et\/wp-json\/wp\/v2\/types\/product"}],"replies":[{"embeddable":true,"href":"https:\/\/www.largepillow.com\/et\/wp-json\/wp\/v2\/comments?post=15454"}],"wp:featuredmedia":[{"embeddable":true,"href":"https:\/\/www.largepillow.com\/et\/wp-json\/wp\/v2\/media\/15440"}],"wp:attachment":[{"href":"https:\/\/www.largepillow.com\/et\/wp-json\/wp\/v2\/media?parent=15454"}],"wp:term":[{"taxonomy":"product_brand","embeddable":true,"href":"https:\/\/www.largepillow.com\/et\/wp-json\/wp\/v2\/product_brand?post=15454"},{"taxonomy":"product_cat","embeddable":true,"href":"https:\/\/www.largepillow.com\/et\/wp-json\/wp\/v2\/product_cat?post=15454"},{"taxonomy":"product_tag","embeddable":true,"href":"https:\/\/www.largepillow.com\/et\/wp-json\/wp\/v2\/product_tag?post=15454"}],"curies":[{"name":"wp","href":"https:\/\/api.w.org\/{rel}","templated":true}]}}