{"id":156,"date":"2022-09-15T06:26:18","date_gmt":"2022-09-15T06:26:18","guid":{"rendered":"https:\/\/www.largepillow.com\/product\/daybed-wedge-pillow"},"modified":"2025-11-05T02:15:25","modified_gmt":"2025-11-05T02:15:25","slug":"voodipehmendaja-padi-2","status":"publish","type":"product","link":"https:\/\/www.largepillow.com\/et\/product\/bed-bolster-pillow","title":{"rendered":"Voodipolster-padi"},"content":{"rendered":"<p>Avastage \u00fclim mugavus voodip\u00f5hjapadjaga<\/p>\n<p>Kas oled v\u00e4sinud lugemise v\u00f5i teleka vaatamise ajal voodis mugavuse otsimisest? Tutvustame revolutsioonilist Bed Bolster Pillow&#039;i \u2013 3-\u00fches multifunktsionaalset patja, mis viib uneaegse l\u00f5\u00f5gastuse uutesse k\u00f5rgustesse. <\/p>\n<p>See kolmnurkne padi on valmistatud kvaliteetsetest materjalidest ning pakub ergonoomilist nimmetuge, mis kohandub ideaalselt teie selja ja v\u00f6\u00f6kohaga. Hingav pol\u00fcesterkate ja vastupidav sisemine padi pakuvad just parajalt paindlikkust tundideks pingevabaks mugavuseks. <\/p>\n<p>Klientidele meeldib, kui mitmek\u00fclgne voodipehmendaja on:<\/p>\n<p>\u201cKasutan oma p\u00fcstist patja seljatoena, kui ma voodis istun. See on palju parem kui rabeleda lamedate patjadega, mis pidevalt alla libisevad.\u201d<\/p>\n<p>\u201cSee kiilukujuline padi on h\u00e4mmastav. Ma magan k\u00fcljel ja selle jalgade alla panemine on mu seljavalu leevendamiseks imesid teinud.\u201d  <\/p>\n<p>\u201cMulle meeldib seda v\u00e4ikese diivanipadjana kasutada. See on ideaalse suurusega, et saaksime t\u00fctrega kaissu pugeda ja koos lugeda.\u201d<\/p>\n<p>Suurustega 45 cm kuni avara 200 cm sobib voodipolster-padi k\u00f5igeks alates isiklikust kasutamisest kuni partneriga koos magamiseni. Mugavad k\u00fcljetaskud pakuvad kohta raamatute, pultide, telefonide ja muu hoidmiseks, samas kui lukuga eemaldatav kate v\u00f5imaldab h\u00f5lpsat pesemist. <\/p>\n<p>T\u00f5sta oma l\u00f5\u00f5gastust \u00fche padjaga, mis teeb k\u00f5ike. Too koju Bed Bolster padi ja avasta \u00fclim mugavus juba t\u00e4na!<\/p>","protected":false},"excerpt":{"rendered":"<ul>\n<li><strong>\u00dclim mugavus:<\/strong> See peatsipadi pakub t\u00e4nu oma kolmnurksele disainile suurep\u00e4rast mugavust. Voodi tugipadi sobib h\u00e4sti seljale ja v\u00f6\u00f6kohale, minimeerides nimmepiirkonna\/selja survet. See kiilukujuliselt lugemispadi aitab teil voodis v\u00f5i diivanil pingevabalt p\u00fcsida, mis sobib ideaalselt \u00f6\u00f6kullidega t\u00f6\u00f6tamiseks, raamatukoideks olemiseks ja voodis teleka vaatamiseks. See eriti suur pehmenduspadi on ainus kiilukujuliselt kujundatud peatsipadi, mis mahutab kahte inimest.<\/li>\n<li><strong>3 \u00fches suur pehmenduspadi:<\/strong> Patja saab p\u00fcstiselt kasutada seljatoe ja peatsi toetava padjana voodis istudes v\u00f5i asetada voodile, et kasutada seda suure kiilpadjana selili v\u00f5i k\u00fcljel magades v\u00f5i jalapadjana jalgade t\u00f5stmiseks. Kui soovite suurt peatsipatja, mis pakub tuge nii teile kui ka teie abikaasale, on see suurep\u00e4rane alternatiiv.<\/li>\n<li><strong>Multifunktsionaalne disain:<\/strong> M\u00f5ned inimesed kasutavad kolmnurkset suurt patja peatsipadjana, teised aga p\u00f5rkerauapadjana, seda saab kasutada ka diivani v\u00f5i p\u00e4evavoodi seljatoepadjana. See on nii stiilne kui ka funktsionaalne, muutes selle suurep\u00e4raseks t\u00e4ienduseks igale magamistuppa.<\/li>\n<li><strong>Suurep\u00e4rane k\u00e4sit\u00f6\u00f6:<\/strong> Padjap\u00fc\u00fcr on velvetist imitatsiooniga ja materjalist 100% pol\u00fcester. Meie peatsipadi on hingav ja piisavalt mugav, et hoida oma kuju ega kaotaks seda aja jooksul. M\u00f5lemal k\u00fcljel on k\u00fcljetasku, kuhu saate raamatu v\u00f5i telefoni panna.<\/li>\n<li><strong>Lihtne pesta:<\/strong> Lugemispadja kate on padja k\u00fclge kinnitatud n\u00f6\u00f6pidega ja seda on lihtne lukuga eemaldada. See muudab selle puhastamise probleemivabaks. Eemaldage lihtsalt kate ja peske see kiiresti masinas, et teie padi n\u00e4eks v\u00e4lja nagu uus.<\/li>\n<li><strong>Suurus:<\/strong> 45cm (P45 x L20 x K50 | 0 n\u00f6\u00f6pi), 60cm (P60 x L20 x K50 | 0 n\u00f6\u00f6pi), 80cm (P80 x L20 x K50 | 2 n\u00f6\u00f6pi), 100cm (P100 x L20 x K50 | 3 n\u00f6\u00f6pi), 120cm (P120 x L20 x K50 | 4 n\u00f6\u00f6pi), 140cm (P140 x L20 x K50 | 4 n\u00f6\u00f6pi), 160cm (P160 x L20 x K50 | 5 n\u00f6\u00f6pi), 180cm (P180 x L20 x K50 | 6 n\u00f6\u00f6pi), 200cm (P200 x L20 x K50 | 7 n\u00f6\u00f6pi).<\/li>\n<\/ul>","protected":false},"featured_media":137,"comment_status":"open","ping_status":"closed","template":"","meta":[],"product_brand":[],"product_cat":[15],"product_tag":[66,225,195,206,218,102,75,168,154,199,163,59],"class_list":{"0":"post-156","1":"product","2":"type-product","3":"status-publish","4":"has-post-thumbnail","6":"product_cat-large-wedge-pillow","7":"product_tag-back-support-pillow","8":"product_tag-bed-bolster-pillow","9":"product_tag-brown-pillow","10":"product_tag-bumper-pillow","11":"product_tag-corduroy-pillow","12":"product_tag-couch-pillow","13":"product_tag-daybed-pillow","14":"product_tag-headboard-pillow","15":"product_tag-large-body-pillow","16":"product_tag-large-wedge-pillow","17":"product_tag-leg-pillow","18":"product_tag-reading-pillow","20":"first","21":"instock","22":"featured","23":"shipping-taxable","24":"purchasable","25":"product-type-variable"},"_links":{"self":[{"href":"https:\/\/www.largepillow.com\/et\/wp-json\/wp\/v2\/product\/156","targetHints":{"allow":["GET"]}}],"collection":[{"href":"https:\/\/www.largepillow.com\/et\/wp-json\/wp\/v2\/product"}],"about":[{"href":"https:\/\/www.largepillow.com\/et\/wp-json\/wp\/v2\/types\/product"}],"replies":[{"embeddable":true,"href":"https:\/\/www.largepillow.com\/et\/wp-json\/wp\/v2\/comments?post=156"}],"wp:featuredmedia":[{"embeddable":true,"href":"https:\/\/www.largepillow.com\/et\/wp-json\/wp\/v2\/media\/137"}],"wp:attachment":[{"href":"https:\/\/www.largepillow.com\/et\/wp-json\/wp\/v2\/media?parent=156"}],"wp:term":[{"taxonomy":"product_brand","embeddable":true,"href":"https:\/\/www.largepillow.com\/et\/wp-json\/wp\/v2\/product_brand?post=156"},{"taxonomy":"product_cat","embeddable":true,"href":"https:\/\/www.largepillow.com\/et\/wp-json\/wp\/v2\/product_cat?post=156"},{"taxonomy":"product_tag","embeddable":true,"href":"https:\/\/www.largepillow.com\/et\/wp-json\/wp\/v2\/product_tag?post=156"}],"curies":[{"name":"wp","href":"https:\/\/api.w.org\/{rel}","templated":true}]}}