{"id":16467,"date":"2026-02-08T03:00:06","date_gmt":"2026-02-08T03:00:06","guid":{"rendered":"https:\/\/www.largepillow.com\/product\/contemporary-ottoman-cube-multi-purpose-footstool-and-seating-pouf-stone-texture"},"modified":"2026-02-11T02:58:28","modified_gmt":"2026-02-11T02:58:28","slug":"kaasaegne-ottomani-kuubik-mitmeotstarbeline-jalapink-ja-istumispink-kivitekstuuriga","status":"publish","type":"product","link":"https:\/\/www.largepillow.com\/et\/product\/contemporary-ottoman-cube-multi-purpose-footstool-and-seating-pouf-stone-texture","title":{"rendered":"Kaasaegne Ottomani kuubikukujuline mitmeotstarbeline jalapink ja istumispink (kivitekstuur)"},"content":{"rendered":"<p>Muutke oma eluruumi selle mitmek\u00fclgse ja stiilse kuubikukujulise ottomaniga, mis sobib nii funktsionaalseks jalapingiks kui ka dekoratiivseks aktsendiks. Uimastavate mustritega, mis loovad luksusliku ja loomuliku esteetika, on selle ottomani m\u00f5\u00f5tmed 55 * 55 * 40 cm (22 x 22 x 17 tolli) \u2013 see sobib ideaalselt igasse ruumi. Kuubikukujundus esitleb keerukaid keerlevaid mustreid rikkalikes pruunides ja kuldsetes toonides, muutes iga m\u00f6\u00f6blieseme ainulaadselt eriliseks. Kvaliteetse poroloonpolstriga valmistatud ottoman pakub mugavat tuge nii jalatoe, lisaistme kui ka k\u00fclglauana kasutamisel. Moodne disain sobib vaevata erinevate sisustusstiilidega, alates kaasaegsest kuni maal\u00e4hedaseni. M\u00e4rkimisv\u00e4\u00e4rne suurus muudab selle ideaalseks valikuks nii praktiliseks kasutamiseks kui ka pilkup\u00fc\u00fcdva elemendina teie kodukaunistuses. Saadaval erinevates mustrites, v\u00f5imalusega luua kohandatud kujundusi, mis vastavad teie konkreetsetele esteetilistele vajadustele. Mitmek\u00fclgne k\u00f5rgus ja vastupidav konstruktsioon tagavad, et see ottoman sobib mitmeks otstarbeks, alates mugavast jalatoest kuni eksprompt kohvilaua v\u00f5i lisaistmeni k\u00fclaliste vastuv\u00f5tmiseks.<\/p>","protected":false},"excerpt":{"rendered":"<ul>\n<li>Mitmek\u00fclgne disain: Moodne kuubikujuline ottoman, mis toimib jalapingina, lisaistmena v\u00f5i dekoratiivse aktsendielemendina silmatorkava kiudude mustriga.<\/li>\n<li>Premium-suurus: M\u00f5\u00f5dud 55 * 55 * 40 cm (22 x 22 x 17 tolli), sobib ideaalselt elutuppa, magamistuppa v\u00f5i igasse ruumi, mis vajab stiilset funktsionaalsust.<\/li>\n<li>Kohandatud valikud: Saadaval erinevates mustrites koos v\u00f5imalusega luua privaatseid kohandatud mustreid, mis vastavad teie ainulaadsetele sisekujundusvajadustele.<\/li>\n<li>Mugav tugi: Valmistatud kvaliteetsest vahtpolstrist optimaalse mugavuse ja vastupidavuse tagamiseks, s\u00e4ilitades samal ajal oma kuju.<\/li>\n<li>Pilkup\u00fc\u00fcdv ese: Eristuv toonimuster loob iga toa kujunduses pilkup\u00fc\u00fcdva aktsendi.<\/li>\n<\/ul>","protected":false},"featured_media":16460,"comment_status":"open","ping_status":"closed","template":"","meta":[],"product_brand":[],"product_cat":[228],"product_tag":[],"class_list":{"0":"post-16467","1":"product","2":"type-product","3":"status-publish","4":"has-post-thumbnail","6":"product_cat-cushions","8":"first","9":"instock","10":"shipping-taxable","11":"purchasable","12":"product-type-simple"},"_links":{"self":[{"href":"https:\/\/www.largepillow.com\/et\/wp-json\/wp\/v2\/product\/16467","targetHints":{"allow":["GET"]}}],"collection":[{"href":"https:\/\/www.largepillow.com\/et\/wp-json\/wp\/v2\/product"}],"about":[{"href":"https:\/\/www.largepillow.com\/et\/wp-json\/wp\/v2\/types\/product"}],"replies":[{"embeddable":true,"href":"https:\/\/www.largepillow.com\/et\/wp-json\/wp\/v2\/comments?post=16467"}],"wp:featuredmedia":[{"embeddable":true,"href":"https:\/\/www.largepillow.com\/et\/wp-json\/wp\/v2\/media\/16460"}],"wp:attachment":[{"href":"https:\/\/www.largepillow.com\/et\/wp-json\/wp\/v2\/media?parent=16467"}],"wp:term":[{"taxonomy":"product_brand","embeddable":true,"href":"https:\/\/www.largepillow.com\/et\/wp-json\/wp\/v2\/product_brand?post=16467"},{"taxonomy":"product_cat","embeddable":true,"href":"https:\/\/www.largepillow.com\/et\/wp-json\/wp\/v2\/product_cat?post=16467"},{"taxonomy":"product_tag","embeddable":true,"href":"https:\/\/www.largepillow.com\/et\/wp-json\/wp\/v2\/product_tag?post=16467"}],"curies":[{"name":"wp","href":"https:\/\/api.w.org\/{rel}","templated":true}]}}