{"id":16515,"date":"2026-02-08T03:29:28","date_gmt":"2026-02-08T03:29:28","guid":{"rendered":"https:\/\/www.largepillow.com\/product\/versatile-ottoman-foot-stool-modern-cube-pouf-for-home-decor-seating-yellow-wood-grain"},"modified":"2026-02-11T02:58:28","modified_gmt":"2026-02-11T02:58:28","slug":"mitmekulgne-ottomani-jalatoe-moodne-kuubik-puff-kodukaunistuseks-istekohad-kollane-puidutera","status":"publish","type":"product","link":"https:\/\/www.largepillow.com\/et\/product\/versatile-ottoman-foot-stool-modern-cube-pouf-for-home-decor-seating-yellow-wood-grain","title":{"rendered":"Mitmek\u00fclgne Ottomani jalatopp, moodne kuubik-tumba kodukaunistuseks ja istumiseks (kollane puidus\u00fc\u00fc)"},"content":{"rendered":"<p>Selle moodsa kuubikukujulise ottomani m\u00f5\u00f5tmed on umbes 55 * 55 * 40 cm (22 tolli P x 22 tolli L x 17 tolli K). See kuubikukujuline ottoman annab teile realistlikuma v\u00e4limuse. See ottoman ei ole lihtsalt jalatoe, vaid saate seda kasutada istmena, kohvilauana, otsalauana v\u00f5i \u00f6\u00f6lauana, see v\u00f5ib teie igap\u00e4evaellu m\u00f5nusalt mugavust tuua, muutes selle mitmeotstarbeliseks aktsendiks, mis kohandub teie eluruumi vajadustega.<\/p>","protected":false},"excerpt":{"rendered":"<ul>\n<li>Mitmek\u00fclgne disain: Moodne kuubikujuline ottoman, mis toimib jalapingina, lisaistmena v\u00f5i dekoratiivse aktsendielemendina silmatorkava puidus\u00fc\u00fc mustriga.<\/li>\n<li>Premium-suurus: M\u00f5\u00f5dud 55 * 55 * 40 cm (22 x 22 x 17 tolli), sobib ideaalselt elutuppa, magamistuppa v\u00f5i igasse ruumi, mis vajab stiilset funktsionaalsust.<\/li>\n<li>Mugav tugi: Valmistatud kvaliteetsest vahtpolstrist optimaalse mugavuse ja vastupidavuse tagamiseks, s\u00e4ilitades samal ajal oma kuju.<\/li>\n<li>Pilkup\u00fc\u00fcdv detail: Eristuv puidus\u00fc\u00fcga muster tumedates ja heledates toonides loob iga toa kujunduses pilkup\u00fc\u00fcdva aktsendi.<\/li>\n<li>Mitmed v\u00e4rvid Saadaval erinevates mustrites, mille abil saab valida just teie ainulaadse sisekujunduse vajadused.<\/li>\n<\/ul>","protected":false},"featured_media":16508,"comment_status":"open","ping_status":"closed","template":"","meta":[],"product_brand":[],"product_cat":[228],"product_tag":[],"class_list":{"0":"post-16515","1":"product","2":"type-product","3":"status-publish","4":"has-post-thumbnail","6":"product_cat-cushions","8":"first","9":"instock","10":"shipping-taxable","11":"purchasable","12":"product-type-simple"},"_links":{"self":[{"href":"https:\/\/www.largepillow.com\/et\/wp-json\/wp\/v2\/product\/16515","targetHints":{"allow":["GET"]}}],"collection":[{"href":"https:\/\/www.largepillow.com\/et\/wp-json\/wp\/v2\/product"}],"about":[{"href":"https:\/\/www.largepillow.com\/et\/wp-json\/wp\/v2\/types\/product"}],"replies":[{"embeddable":true,"href":"https:\/\/www.largepillow.com\/et\/wp-json\/wp\/v2\/comments?post=16515"}],"wp:featuredmedia":[{"embeddable":true,"href":"https:\/\/www.largepillow.com\/et\/wp-json\/wp\/v2\/media\/16508"}],"wp:attachment":[{"href":"https:\/\/www.largepillow.com\/et\/wp-json\/wp\/v2\/media?parent=16515"}],"wp:term":[{"taxonomy":"product_brand","embeddable":true,"href":"https:\/\/www.largepillow.com\/et\/wp-json\/wp\/v2\/product_brand?post=16515"},{"taxonomy":"product_cat","embeddable":true,"href":"https:\/\/www.largepillow.com\/et\/wp-json\/wp\/v2\/product_cat?post=16515"},{"taxonomy":"product_tag","embeddable":true,"href":"https:\/\/www.largepillow.com\/et\/wp-json\/wp\/v2\/product_tag?post=16515"}],"curies":[{"name":"wp","href":"https:\/\/api.w.org\/{rel}","templated":true}]}}