{"id":185,"date":"2022-09-15T06:35:24","date_gmt":"2022-09-15T06:35:24","guid":{"rendered":"https:\/\/www.largepillow.com\/product\/triangle-bolster-pillow"},"modified":"2025-11-05T02:15:26","modified_gmt":"2025-11-05T02:15:26","slug":"kolmnurkne-padi","status":"publish","type":"product","link":"https:\/\/www.largepillow.com\/et\/product\/triangular-pillow","title":{"rendered":"Kolmnurkne padi"},"content":{"rendered":"<p>Avastage \u00fclim mugavus mitmek\u00fclgse kolmnurkse padjaga<\/p>\n<p>Nautige enneolematut mugavust uuendusliku kolmnurkse padjaga, mis on loodud teie l\u00f5\u00f5gastus- ja tugikogemuse t\u00e4iustamiseks.<\/p>\n<p>V\u00f5rratu mugavus ja tugi<\/p>\n<p>Selle peatsipadja ergonoomiline kolmnurkne kuju j\u00e4rgib ideaalselt teie selga ja v\u00f6\u00f6kohta, pakkudes erakordset tuge ja minimeerides nimmepiirkonnale avalduvat survet. Olenemata sellest, kas olete tundide kaupa voodis lugemise, t\u00f6\u00f6tamise v\u00f5i teleri vaatamise ajal toetatud, tagab see padi pingevaba ja l\u00f5dvestunud asendi.<\/p>\n<p>3-\u00fches mitmeotstarbeline disain<\/p>\n<p>Naudi kolmnurkse padja mitmek\u00fclgsust. Kasuta seda p\u00fcsti toetava peatsina, aseta kiilpadjana parema une saavutamiseks tasaseks v\u00f5i t\u00f5sta jalad \u00fcles vereringe parandamiseks jalapadjana. See on ideaalne lahendus paaridele, kes otsivad voodis \u00fclimat mugavust.<\/p>\n<p>Stiilne ja funktsionaalne<\/p>\n<p>Padjap\u00fc\u00fcri stiilne kordvelvetist v\u00e4limus ja pehme pol\u00fcestermaterjal \u00f5hkub elegantsi, pakkudes samal ajal hingavust ja mugavust. Padi hoiab oma kuju pingutuseta, tagades pikaajalise mugavuse ja toe. M\u00f5lemal k\u00fcljel olevad k\u00fcljetaskud mahutavad mugavalt telefoni v\u00f5i raamatu.<\/p>\n<p>Lihtne hooldus<\/p>\n<p>Kolmnurkse padja puhastamine on imelihtne. Selle eemaldataval kattel on lukk, mis teeb pesemise lihtsaks. Eemaldage see lihtsalt ja visake pesumasinasse p\u00f5hjalikuks puhastuseks, mis hoiab teie padja v\u00e4rske ja kutsuva v\u00e4limusega.<\/p>\n<p>Klientide iseloomustused<\/p>\n<p>\u00c4rge uskuge ainult meie s\u00f5nu. Siin on, mida rahulolevad kliendid \u00fctlevad:<\/p>\n<p>\u201cSee padi on imeline! Ma kasutan seda peatsipadjana ja see on nii pehme ja toetav. Mulle meeldib selle sametkanga v\u00e4rv ja see on ideaalne t\u00e4iendus minu magamistuppa.\u201d<br \/>\n\u201cMagan k\u00fclili ja see padi on olnud t\u00f5eline p\u00e4\u00e4ster\u00f5ngas. See hoiab mu pea ja kaela \u00f5iges asendis ning olen m\u00e4rganud oma unekvaliteedis tohutut erinevust.\u201d<br \/>\n\u201cMulle meeldib selle padja mitmek\u00fclgsus. Kasutan seda p\u00e4eval peatsipadjana ja seej\u00e4rel teen selle lapikuks, et saaksin magamiseks kiilpadjana kasutada. See on nii mugav ja k\u00e4ep\u00e4rane.\u201d<\/p>\n<p>T\u00f5sta oma mugavust ja l\u00f5\u00f5gastust juba t\u00e4na kolmnurkse padjaga. Selle v\u00f5rratu mitmek\u00fclgsus, suurep\u00e4rane meisterlikkus ja klientide poolt heakskiidetud kvaliteet muudavad selle iga magamistoa oluliseks lisandiks.<\/p>","protected":false},"excerpt":{"rendered":"<ul>\n<li><strong>\u00dclim mugavus:<\/strong> See peatsipadi pakub t\u00e4nu oma kolmnurksele disainile suurep\u00e4rast mugavust. Voodi tugipadi sobib h\u00e4sti seljale ja v\u00f6\u00f6kohale, minimeerides nimmepiirkonna\/selja survet. See kiilukujuliselt lugemispadi aitab teil voodis v\u00f5i diivanil pingevabalt p\u00fcsida, mis sobib ideaalselt \u00f6\u00f6kullidega t\u00f6\u00f6tamiseks, raamatukoideks olemiseks ja voodis teleka vaatamiseks. See eriti suur pehmenduspadi on ainus kiilukujuliselt kujundatud peatsipadi, mis mahutab kahte inimest.<\/li>\n<li><strong>3 \u00fches suur pehmenduspadi:<\/strong> Patja saab p\u00fcstiselt kasutada seljatoe ja peatsi toetava padjana voodis istudes v\u00f5i asetada voodile, et kasutada seda suure kiilpadjana selili v\u00f5i k\u00fcljel magades v\u00f5i jalapadjana jalgade t\u00f5stmiseks. Kui soovite suurt peatsipatja, mis pakub tuge nii teile kui ka teie abikaasale, on see suurep\u00e4rane alternatiiv.<\/li>\n<li><strong>Multifunktsionaalne disain:<\/strong> M\u00f5ned inimesed kasutavad kolmnurkset suurt patja peatsipadjana, teised aga p\u00f5rkerauapadjana, seda saab kasutada ka diivani v\u00f5i p\u00e4evavoodi seljatoepadjana. See on nii stiilne kui ka funktsionaalne, muutes selle suurep\u00e4raseks t\u00e4ienduseks igale magamistuppa.<\/li>\n<li><strong>Suurep\u00e4rane k\u00e4sit\u00f6\u00f6:<\/strong> Padjap\u00fc\u00fcr on velvetist imitatsiooniga ja materjalist 100% pol\u00fcester. Meie peatsipadi on hingav ja piisavalt mugav, et hoida oma kuju ega kaotaks seda aja jooksul. M\u00f5lemal k\u00fcljel on k\u00fcljetasku, kuhu saate raamatu v\u00f5i telefoni panna.<\/li>\n<li><strong>Lihtne pesta:<\/strong> Lugemispadja kate on padja k\u00fclge kinnitatud n\u00f6\u00f6pidega ja seda on lihtne lukuga eemaldada. See muudab selle puhastamise probleemivabaks. Eemaldage lihtsalt kate ja peske see kiiresti masinas, et teie padi n\u00e4eks v\u00e4lja nagu uus.<\/li>\n<li><strong>Suurus:<\/strong> 45cm (P45 x L20 x K50 | 0 n\u00f6\u00f6pi), 60cm (P60 x L20 x K50 | 0 n\u00f6\u00f6pi), 80cm (P80 x L20 x K50 | 2 n\u00f6\u00f6pi), 100cm (P100 x L20 x K50 | 3 n\u00f6\u00f6pi), 120cm (P120 x L20 x K50 | 4 n\u00f6\u00f6pi), 140cm (P140 x L20 x K50 | 4 n\u00f6\u00f6pi), 160cm (P160 x L20 x K50 | 5 n\u00f6\u00f6pi), 180cm (P180 x L20 x K50 | 6 n\u00f6\u00f6pi), 200cm (P200 x L20 x K50 | 7 n\u00f6\u00f6pi).<\/li>\n<\/ul>","protected":false},"featured_media":166,"comment_status":"open","ping_status":"closed","template":"","meta":[],"product_brand":[],"product_cat":[15],"product_tag":[205,204,206,218,207,209,223,199,163,68],"class_list":{"0":"post-185","1":"product","2":"type-product","3":"status-publish","4":"has-post-thumbnail","6":"product_cat-large-wedge-pillow","7":"product_tag-back-support-headboard-pillow","8":"product_tag-bed-support-cushion","9":"product_tag-bumper-pillow","10":"product_tag-corduroy-pillow","11":"product_tag-daybed-backrest-bolster-pillow","12":"product_tag-extra-large-bolster-pillow","13":"product_tag-large-bolster","14":"product_tag-large-wedge-pillow","15":"product_tag-leg-pillow","16":"product_tag-wedge-reading-pillow","18":"first","19":"instock","20":"featured","21":"shipping-taxable","22":"purchasable","23":"product-type-variable"},"_links":{"self":[{"href":"https:\/\/www.largepillow.com\/et\/wp-json\/wp\/v2\/product\/185","targetHints":{"allow":["GET"]}}],"collection":[{"href":"https:\/\/www.largepillow.com\/et\/wp-json\/wp\/v2\/product"}],"about":[{"href":"https:\/\/www.largepillow.com\/et\/wp-json\/wp\/v2\/types\/product"}],"replies":[{"embeddable":true,"href":"https:\/\/www.largepillow.com\/et\/wp-json\/wp\/v2\/comments?post=185"}],"wp:featuredmedia":[{"embeddable":true,"href":"https:\/\/www.largepillow.com\/et\/wp-json\/wp\/v2\/media\/166"}],"wp:attachment":[{"href":"https:\/\/www.largepillow.com\/et\/wp-json\/wp\/v2\/media?parent=185"}],"wp:term":[{"taxonomy":"product_brand","embeddable":true,"href":"https:\/\/www.largepillow.com\/et\/wp-json\/wp\/v2\/product_brand?post=185"},{"taxonomy":"product_cat","embeddable":true,"href":"https:\/\/www.largepillow.com\/et\/wp-json\/wp\/v2\/product_cat?post=185"},{"taxonomy":"product_tag","embeddable":true,"href":"https:\/\/www.largepillow.com\/et\/wp-json\/wp\/v2\/product_tag?post=185"}],"curies":[{"name":"wp","href":"https:\/\/api.w.org\/{rel}","templated":true}]}}