{"id":290,"date":"2022-09-15T22:35:06","date_gmt":"2022-09-15T22:35:06","guid":{"rendered":"https:\/\/www.largepillow.com\/product\/daybed-bolster-pillow"},"modified":"2025-11-05T02:15:26","modified_gmt":"2025-11-05T02:15:26","slug":"kolmnurkne-kiilukujuline-padi","status":"publish","type":"product","link":"https:\/\/www.largepillow.com\/et\/product\/triangular-wedge-pillow","title":{"rendered":"Kolmnurkne kiilukujuline padi"},"content":{"rendered":"<p>Avasta \u00fclim mugavus kolmnurkse kiilukujulise padjaga<\/p>\n<p>Kas oled v\u00e4sinud selja ja kaela pingutamisest voodis lugedes v\u00f5i telekat vaadates? Tutvustame kolmnurkset kiilukujulist padja \u2013 multifunktsionaalset patja, mis viib uneaegse l\u00f5\u00f5gastuse j\u00e4rgmisele tasemele. <\/p>\n<p>See suur pehmenduspadi on valmistatud kvaliteetsetest materjalidest ning pakub suurep\u00e4rast mugavust t\u00e4nu ergonoomilisele kolmnurksele disainile, mis joondab selja ja v\u00f6\u00f6koha. Hingav pol\u00fcesterkate ja kuju s\u00e4ilitav t\u00e4idis pakuvad pehmet, kuid kindlat tuge nii p\u00fcsti istudes kui ka lamades.<\/p>\n<p>Kliendid armastavad seda mitmel viisil kasutada:<\/p>\n<p>\u201cKasutan seda igal \u00f5htul seljatoepadjana. Minu alaseljavalu on m\u00e4rkimisv\u00e4\u00e4rselt v\u00e4henenud!\u201d<\/p>\n<p>\u201cSee on piisavalt lai, et mina ja mu naine saaksime mugavalt sellele toetuda. Enam pole vaja kaelapingeid tekitada!\u201d  <\/p>\n<p>\u201cPanen selle jalgade alla, et vereringeprobleemide korral abiks olla. Nii mugav!\u201d<\/p>\n<p>\u00dcheksa suuruse hulgast leiate kindlasti endale sobiva. Nautige isikup\u00e4rastatud mugavust ja tuge lugemisel, t\u00f6\u00f6tamisel, saadete vaatamisel v\u00f5i lihtsalt voodis l\u00f5\u00f5gastumisel selle 3-\u00fches kiilukujulise peatsipadjaga.  <\/p>\n<p>Too multifunktsionaalne l\u00f5\u00f5gastus koju juba t\u00e4na!<\/p>","protected":false},"excerpt":{"rendered":"<ul>\n<li><strong>\u00dclim mugavus:<\/strong> See peatsipadi pakub t\u00e4nu oma kolmnurksele disainile suurep\u00e4rast mugavust. Voodi tugipadi sobib h\u00e4sti seljale ja v\u00f6\u00f6kohale, minimeerides nimmepiirkonna\/selja survet. See kiilukujuliselt lugemispadi aitab teil voodis v\u00f5i diivanil pingevabalt p\u00fcsida, mis sobib ideaalselt \u00f6\u00f6kullidega t\u00f6\u00f6tamiseks, raamatukoideks olemiseks ja voodis teleka vaatamiseks. See eriti suur pehmenduspadi on ainus kiilukujuliselt kujundatud peatsipadi, mis mahutab kahte inimest.<\/li>\n<li><strong>3 \u00fches suur pehmenduspadi:<\/strong> Patja saab p\u00fcstiselt kasutada seljatoe ja peatsi toetava padjana voodis istudes v\u00f5i asetada voodile, et kasutada seda suure kiilpadjana selili v\u00f5i k\u00fcljel magades v\u00f5i jalapadjana jalgade t\u00f5stmiseks. Kui soovite suurt peatsipatja, mis pakub tuge nii teile kui ka teie abikaasale, on see suurep\u00e4rane alternatiiv.<\/li>\n<li><strong>Multifunktsionaalne disain:<\/strong> M\u00f5ned inimesed kasutavad kolmnurkset suurt patja peatsipadjana, teised aga p\u00f5rkerauapadjana, seda saab kasutada ka diivani v\u00f5i p\u00e4evavoodi seljatoepadjana. See on nii stiilne kui ka funktsionaalne, muutes selle suurep\u00e4raseks t\u00e4ienduseks igale magamistuppa.<\/li>\n<li><strong>Suurep\u00e4rane k\u00e4sit\u00f6\u00f6:<\/strong> Padjap\u00fc\u00fcr on velvetist imitatsiooniga ja materjalist 100% pol\u00fcester. Meie peatsipadi on hingav ja piisavalt mugav, et hoida oma kuju ega kaotaks seda aja jooksul. M\u00f5lemal k\u00fcljel on k\u00fcljetasku, kuhu saate raamatu v\u00f5i telefoni panna.<\/li>\n<li><strong>Lihtne pesta:<\/strong> Lugemispadja kate on padja k\u00fclge kinnitatud n\u00f6\u00f6pidega ja seda on lihtne lukuga eemaldada. See muudab selle puhastamise probleemivabaks. Eemaldage lihtsalt kate ja peske see kiiresti masinas, et teie padi n\u00e4eks v\u00e4lja nagu uus.<\/li>\n<li><strong>Suurus:<\/strong> 45cm (P45 x L20 x K50 | 0 n\u00f6\u00f6pi), 60cm (P60 x L20 x K50 | 0 n\u00f6\u00f6pi), 80cm (P80 x L20 x K50 | 2 n\u00f6\u00f6pi), 100cm (P100 x L20 x K50 | 3 n\u00f6\u00f6pi), 120cm (P120 x L20 x K50 | 4 n\u00f6\u00f6pi), 140cm (P140 x L20 x K50 | 4 n\u00f6\u00f6pi), 160cm (P160 x L20 x K50 | 5 n\u00f6\u00f6pi), 180cm (P180 x L20 x K50 | 6 n\u00f6\u00f6pi), 200cm (P200 x L20 x K50 | 7 n\u00f6\u00f6pi).<\/li>\n<\/ul>","protected":false},"featured_media":271,"comment_status":"open","ping_status":"closed","template":"","meta":[],"product_brand":[],"product_cat":[15],"product_tag":[205,204,206,218,217,209,168,223,199,112,224,68],"class_list":{"0":"post-290","1":"product","2":"type-product","3":"status-publish","4":"has-post-thumbnail","6":"product_cat-large-wedge-pillow","7":"product_tag-back-support-headboard-pillow","8":"product_tag-bed-support-cushion","9":"product_tag-bumper-pillow","10":"product_tag-corduroy-pillow","11":"product_tag-daybed-backrest","12":"product_tag-extra-large-bolster-pillow","13":"product_tag-headboard-pillow","14":"product_tag-large-bolster","15":"product_tag-large-wedge-pillow","16":"product_tag-lumbar-support-pillow","17":"product_tag-red-pillow","18":"product_tag-wedge-reading-pillow","20":"first","21":"instock","22":"shipping-taxable","23":"purchasable","24":"product-type-variable"},"_links":{"self":[{"href":"https:\/\/www.largepillow.com\/et\/wp-json\/wp\/v2\/product\/290","targetHints":{"allow":["GET"]}}],"collection":[{"href":"https:\/\/www.largepillow.com\/et\/wp-json\/wp\/v2\/product"}],"about":[{"href":"https:\/\/www.largepillow.com\/et\/wp-json\/wp\/v2\/types\/product"}],"replies":[{"embeddable":true,"href":"https:\/\/www.largepillow.com\/et\/wp-json\/wp\/v2\/comments?post=290"}],"wp:featuredmedia":[{"embeddable":true,"href":"https:\/\/www.largepillow.com\/et\/wp-json\/wp\/v2\/media\/271"}],"wp:attachment":[{"href":"https:\/\/www.largepillow.com\/et\/wp-json\/wp\/v2\/media?parent=290"}],"wp:term":[{"taxonomy":"product_brand","embeddable":true,"href":"https:\/\/www.largepillow.com\/et\/wp-json\/wp\/v2\/product_brand?post=290"},{"taxonomy":"product_cat","embeddable":true,"href":"https:\/\/www.largepillow.com\/et\/wp-json\/wp\/v2\/product_cat?post=290"},{"taxonomy":"product_tag","embeddable":true,"href":"https:\/\/www.largepillow.com\/et\/wp-json\/wp\/v2\/product_tag?post=290"}],"curies":[{"name":"wp","href":"https:\/\/api.w.org\/{rel}","templated":true}]}}