{"id":318,"date":"2022-09-15T22:37:09","date_gmt":"2022-09-15T22:37:09","guid":{"rendered":"https:\/\/www.largepillow.com\/product\/bed-bolster-wedge"},"modified":"2025-11-05T02:15:26","modified_gmt":"2025-11-05T02:15:26","slug":"voodi-seljatoe-padi","status":"publish","type":"product","link":"https:\/\/www.largepillow.com\/et\/product\/back-pillow-for-bed","title":{"rendered":"Voodi seljapadi"},"content":{"rendered":"<p>Voodi seljatoe padi \u2013 \u00fclim mugavusaksessuaar neile, kellele meeldib voodis lugeda, t\u00f6\u00f6tada v\u00f5i telekat vaadata!<\/p>\n<p>See peatsipadi on ainulaadse kolmnurkse kujuga, pakkudes suurep\u00e4rast mugavust ja tuge seljale ja v\u00f6\u00f6kohale, minimeerides nimmepiirkonnale avalduvat survet. See sobib ideaalselt \u00f6\u00f6kullidele, raamatukoidele ja k\u00f5igile, kellele meeldib voodis l\u00f5\u00f5gastuda.<\/p>\n<p>Selle padja teeb veelgi paremaks multifunktsionaalne disain. Seda saab kasutada seljatoe peatsipatjana voodis istudes, pikali asetades suure kiilpadjana selili v\u00f5i k\u00fcljel magades v\u00f5i isegi jalgu t\u00f5stes jalapadjana! See on ainus kiilpadjaga peatsipadi, mis mahutab kahte inimest.<\/p>\n<p>K\u00f5rgeima meisterlikkusega valmistatud padjap\u00fc\u00fcr on velvetist imitatsiooniga ja materjalist 100% pol\u00fcester, mis muudab selle hingavaks ja mugavaks, hoides aja jooksul oma kuju. M\u00f5lemal k\u00fcljel on k\u00fcljetasku, kuhu saate raamatu v\u00f5i telefoni pista.<\/p>\n<p>Lugemispadja kate on n\u00f6\u00f6pidega padja k\u00fclge kinnitatud, mist\u00f5ttu on seda lihtne lukuga eemaldada. Eemalda kate ja pese see kiiresti masinas, et padi uuev\u00e4\u00e4rne v\u00e4lja n\u00e4eks.<\/p>\n<p>Erinevate voodisuuruste jaoks on see padi saadaval erinevates suurustes \u2013 45 cm, 60 cm, 80 cm, 100 cm, 120 cm, 140 cm, 160 cm, 180 cm ja 200 cm.<\/p>\n<p>\u00c4rge uskuge ainult meie s\u00f5nu, siin on m\u00f5ned rahulolevate klientide arvustused:<\/p>\n<p>\u201cOstsin lilla ja see on imeilus! Materjal on pehme ja mugav ning see on minu kaheinimesevoodile ideaalse suurusega. Kasutan seda igal \u00f5htul enne magamaminekut lugemiseks, ait\u00e4h!\u201d<\/p>\n<p>\u201cSeljatoepadi on suurep\u00e4rase kvaliteediga. Ostsin selle endale ja oma mehele ning see sobib meile m\u00f5lemale ideaalselt. See pole liiga k\u00f5va ega liiga pehme ning materjal on v\u00e4ga m\u00f5nus. Soovitan seda toodet soojalt!\u201d<\/p>\n<p>\u201cSee toode \u00fcletas minu ootusi! See on v\u00e4ga mugav ja pakub tuge mu seljale ja jalgadele. Ka velvetist padjap\u00fc\u00fcr lisab mu voodile stiili!\u201d<\/p>\n<p>Kokkuv\u00f5tteks v\u00f5ib \u00f6elda, et seljatoe voodipadi on mitmek\u00fclgne ja mugav aksessuaar, millest te ei taha ilma j\u00e4\u00e4da. Miks siis oodata? Tellige juba t\u00e4na ja nautige \u00fclimat mugavust!<\/p>","protected":false},"excerpt":{"rendered":"<ul>\n<li><strong>\u00dclim mugavus:<\/strong> See peatsipadi pakub t\u00e4nu oma kolmnurksele disainile suurep\u00e4rast mugavust. Voodi tugipadi sobib h\u00e4sti seljale ja v\u00f6\u00f6kohale, minimeerides nimmepiirkonna\/selja survet. See kiilukujuliselt lugemispadi aitab teil voodis v\u00f5i diivanil pingevabalt p\u00fcsida, mis sobib ideaalselt \u00f6\u00f6kullidega t\u00f6\u00f6tamiseks, raamatukoideks olemiseks ja voodis teleka vaatamiseks. See eriti suur pehmenduspadi on ainus kiilukujuliselt kujundatud peatsipadi, mis mahutab kahte inimest.<\/li>\n<li><strong>3 \u00fches suur pehmenduspadi:<\/strong> Patja saab p\u00fcstiselt kasutada seljatoe ja peatsi toetava padjana voodis istudes v\u00f5i asetada voodile, et kasutada seda suure kiilpadjana selili v\u00f5i k\u00fcljel magades v\u00f5i jalapadjana jalgade t\u00f5stmiseks. Kui soovite suurt peatsipatja, mis pakub tuge nii teile kui ka teie abikaasale, on see suurep\u00e4rane alternatiiv.<\/li>\n<li><strong>Multifunktsionaalne disain:<\/strong> M\u00f5ned inimesed kasutavad kolmnurkset suurt patja peatsipadjana, teised aga p\u00f5rkerauapadjana, seda saab kasutada ka diivani v\u00f5i p\u00e4evavoodi seljatoepadjana. See on nii stiilne kui ka funktsionaalne, muutes selle suurep\u00e4raseks t\u00e4ienduseks igale magamistuppa.<\/li>\n<li><strong>Suurep\u00e4rane k\u00e4sit\u00f6\u00f6:<\/strong> Padjap\u00fc\u00fcr on velvetist imitatsiooniga ja materjalist 100% pol\u00fcester. Meie peatsipadi on hingav ja piisavalt mugav, et hoida oma kuju ega kaotaks seda aja jooksul. M\u00f5lemal k\u00fcljel on k\u00fcljetasku, kuhu saate raamatu v\u00f5i telefoni panna.<\/li>\n<li><strong>Lihtne pesta:<\/strong> Lugemispadja kate on padja k\u00fclge kinnitatud n\u00f6\u00f6pidega ja seda on lihtne lukuga eemaldada. See muudab selle puhastamise probleemivabaks. Eemaldage lihtsalt kate ja peske see kiiresti masinas, et teie padi n\u00e4eks v\u00e4lja nagu uus.<\/li>\n<li><strong>Suurus:<\/strong> 45cm (P45 x L20 x K50 | 0 n\u00f6\u00f6pi), 60cm (P60 x L20 x K50 | 0 n\u00f6\u00f6pi), 80cm (P80 x L20 x K50 | 2 n\u00f6\u00f6pi), 100cm (P100 x L20 x K50 | 3 n\u00f6\u00f6pi), 120cm (P120 x L20 x K50 | 4 n\u00f6\u00f6pi), 140cm (P140 x L20 x K50 | 4 n\u00f6\u00f6pi), 160cm (P160 x L20 x K50 | 5 n\u00f6\u00f6pi), 180cm (P180 x L20 x K50 | 6 n\u00f6\u00f6pi), 200cm (P200 x L20 x K50 | 7 n\u00f6\u00f6pi).<\/li>\n<\/ul>","protected":false},"featured_media":300,"comment_status":"open","ping_status":"closed","template":"","meta":[],"product_brand":[],"product_cat":[15],"product_tag":[219,205,204,222,206,218,221,217,209,168,132,199,163,112,190,220,68],"class_list":{"0":"post-318","1":"product","2":"type-product","3":"status-publish","4":"has-post-thumbnail","6":"product_cat-large-wedge-pillow","7":"product_tag-back-pillow-for-bed","8":"product_tag-back-support-headboard-pillow","9":"product_tag-bed-support-cushion","10":"product_tag-breathable-pillow","11":"product_tag-bumper-pillow","12":"product_tag-corduroy-pillow","13":"product_tag-couch-backrest","14":"product_tag-daybed-backrest","15":"product_tag-extra-large-bolster-pillow","16":"product_tag-headboard-pillow","17":"product_tag-large-bolster-pillow","18":"product_tag-large-wedge-pillow","19":"product_tag-leg-pillow","20":"product_tag-lumbar-support-pillow","21":"product_tag-purple-pillow","22":"product_tag-wedge-headboard-pillow","23":"product_tag-wedge-reading-pillow","25":"first","26":"instock","27":"featured","28":"shipping-taxable","29":"purchasable","30":"product-type-variable"},"_links":{"self":[{"href":"https:\/\/www.largepillow.com\/et\/wp-json\/wp\/v2\/product\/318","targetHints":{"allow":["GET"]}}],"collection":[{"href":"https:\/\/www.largepillow.com\/et\/wp-json\/wp\/v2\/product"}],"about":[{"href":"https:\/\/www.largepillow.com\/et\/wp-json\/wp\/v2\/types\/product"}],"replies":[{"embeddable":true,"href":"https:\/\/www.largepillow.com\/et\/wp-json\/wp\/v2\/comments?post=318"}],"wp:featuredmedia":[{"embeddable":true,"href":"https:\/\/www.largepillow.com\/et\/wp-json\/wp\/v2\/media\/300"}],"wp:attachment":[{"href":"https:\/\/www.largepillow.com\/et\/wp-json\/wp\/v2\/media?parent=318"}],"wp:term":[{"taxonomy":"product_brand","embeddable":true,"href":"https:\/\/www.largepillow.com\/et\/wp-json\/wp\/v2\/product_brand?post=318"},{"taxonomy":"product_cat","embeddable":true,"href":"https:\/\/www.largepillow.com\/et\/wp-json\/wp\/v2\/product_cat?post=318"},{"taxonomy":"product_tag","embeddable":true,"href":"https:\/\/www.largepillow.com\/et\/wp-json\/wp\/v2\/product_tag?post=318"}],"curies":[{"name":"wp","href":"https:\/\/api.w.org\/{rel}","templated":true}]}}