{"id":3243,"date":"2024-07-22T11:29:58","date_gmt":"2024-07-22T11:29:58","guid":{"rendered":"https:\/\/www.largepillow.com\/product\/u-shaped-side-sleeper-pillow-with-arm-hole-for-pain-relief"},"modified":"2026-03-05T22:26:27","modified_gmt":"2026-03-05T22:26:27","slug":"u-kujuline-kuljel-magamiseks-moeldud-padi-kaeauguga-valu-leevendamiseks","status":"publish","type":"product","link":"https:\/\/www.largepillow.com\/et\/product\/u-shaped-side-sleeper-pillow-with-arm-hole-for-pain-relief\/","title":{"rendered":"U-kujuline k\u00fcljel magamise padi k\u00e4eauguga valu leevendamiseks"},"content":{"rendered":"[zc_getpagecontent mb=&#8221;mb_aplus&#8221; apid=&#8221;67&#8243;]\nSide Sleeper Pillow with arm Hole for Adults, Large U-Shaped Shoulder Pillow Body Pillow for Neck and Shoulder Pain Relief, Acid Reflux and GERD Pillow, Ergonomic Support Pillows<\/p>\n","protected":false},"excerpt":{"rendered":"<ul>\n<li><strong>2-\u00fches kiilukujulise padja komplekt:<\/strong> K\u00fcljel magamise padjakomplekt sisaldab kolmnurkset kiilukujulist padja ja poolkuu kujulist patja. K\u00fcljel magamise padja m\u00f5\u00f5tmed on 116 x 76 x 30 cm pikkune ja lai. U-kujuline kehapadi asendab teie voodis teisi v\u00e4ikeseid patju. See U-kujuline kehapadi j\u00e4rgib teie keha kontuuri, aidates toetada teie keha, n\u00e4iteks selga, k\u00f5htu, puusasid ja p\u00f5lvi.<\/li>\n<li><strong>Kvaliteetne materjal:<\/strong> K\u00fcljel magamiseks m\u00f5eldud padi on valmistatud kvaliteetsest l\u00fchikesest pl\u00fc\u00fcsist kangast, mis on t\u00e4nu oma pehmusele ja vastupidavusele suurep\u00e4rane valik k\u00fclili magamiseks. L\u00fchikesed kiud muudavad selle naha vastas hubaseks ja mugavaks, samas kui tihe kudum pakub suurep\u00e4rast tuge peale ja kaelale. Kate on masinpestav.<\/li>\n<li><strong>K\u00e4e kontuuri disain:<\/strong>\u00a0K\u00fcljel magamiseks m\u00f5eldud kaela- ja \u00f5lavalu padi v\u00f5tab vastu k\u00e4e kontuuri disaini, mis vastab k\u00fclili magamise harjumusele, see v\u00f5ib leevendada survet teie \u00f5lgadele ja k\u00e4tele, v\u00e4ltides k\u00e4te tuimust vereringe puudumise t\u00f5ttu.<\/li>\n<li><strong>Ergonoomiline mugavuspadi:<\/strong> U-kujulise viskepadja kumer disain sobib teie kehaga, pakkudes mugavat tuge. See v\u00f5imaldab teil magada selili, k\u00fcljel v\u00f5i k\u00f5huli, aidates samal ajal teie selgroogu \u00f5igesse k\u00fclili magamisasendisse joondada, et tagada rahustav mugavus. See pakub pehmet, kauakestvat ja hubast kallistust, et oleksite alati \u00f5iges asendis hea une jaoks.<\/li>\n<li><strong>Ideaalne magamisasend:<\/strong> K\u00fcljel magamiseks m\u00f5eldud padi leevendab survet teie alumisele k\u00e4ele\/\u00f5lale ning on efektiivne keha toetamisel, une, puhkuse ja l\u00f5\u00f5gastumise, operatsioonij\u00e4rgse taastumise, happe refluksi, norskamise vastase ja valu leevendamisel, tagades mugava ja kosutava \u00f6\u00f6une ideaalses asendis loomuliku refluksi leevendamiseks, v\u00f5imaldades teil magada koidikuni.<\/li>\n<\/ul>","protected":false},"featured_media":3236,"comment_status":"open","ping_status":"closed","template":"","meta":[],"product_brand":[],"product_cat":[228],"product_tag":[],"class_list":{"0":"post-3243","1":"product","2":"type-product","3":"status-publish","4":"has-post-thumbnail","6":"product_cat-cushions","8":"first","9":"instock","10":"featured","11":"shipping-taxable","12":"purchasable","13":"product-type-simple"},"_links":{"self":[{"href":"https:\/\/www.largepillow.com\/et\/wp-json\/wp\/v2\/product\/3243","targetHints":{"allow":["GET"]}}],"collection":[{"href":"https:\/\/www.largepillow.com\/et\/wp-json\/wp\/v2\/product"}],"about":[{"href":"https:\/\/www.largepillow.com\/et\/wp-json\/wp\/v2\/types\/product"}],"replies":[{"embeddable":true,"href":"https:\/\/www.largepillow.com\/et\/wp-json\/wp\/v2\/comments?post=3243"}],"wp:featuredmedia":[{"embeddable":true,"href":"https:\/\/www.largepillow.com\/et\/wp-json\/wp\/v2\/media\/3236"}],"wp:attachment":[{"href":"https:\/\/www.largepillow.com\/et\/wp-json\/wp\/v2\/media?parent=3243"}],"wp:term":[{"taxonomy":"product_brand","embeddable":true,"href":"https:\/\/www.largepillow.com\/et\/wp-json\/wp\/v2\/product_brand?post=3243"},{"taxonomy":"product_cat","embeddable":true,"href":"https:\/\/www.largepillow.com\/et\/wp-json\/wp\/v2\/product_cat?post=3243"},{"taxonomy":"product_tag","embeddable":true,"href":"https:\/\/www.largepillow.com\/et\/wp-json\/wp\/v2\/product_tag?post=3243"}],"curies":[{"name":"t\u00f6\u00f6leht","href":"https:\/\/api.w.org\/{rel}","templated":true}]}}