{"id":3314,"date":"2024-07-23T00:29:50","date_gmt":"2024-07-23T00:29:50","guid":{"rendered":"https:\/\/www.largepillow.com\/product\/bed-wedge-pillow-set-for-surgery-recovery-neck-and-back-support"},"modified":"2024-12-22T22:37:56","modified_gmt":"2024-12-22T22:37:56","slug":"voodi-kiilukujuline-padjakomplekt-operatsioonist-taastumiseks-kaela-ja-seljatoeks","status":"publish","type":"product","link":"https:\/\/www.largepillow.com\/et\/product\/bed-wedge-pillow-set-for-surgery-recovery-neck-and-back-support\/","title":{"rendered":"Voodi kiilukujuline padjakomplekt operatsioonist taastumiseks, kaela- ja seljatoe jaoks"},"content":{"rendered":"","protected":false},"excerpt":{"rendered":"<ul>\n<li><strong>Kohandatav mugavus:<\/strong> Meie reguleeritav kiilukujuline padi koosneb kahest kumera pinnaga \u00fchendatud osast, mis v\u00f5imaldab teil kaldenurka h\u00f5lpsalt soovitud mugavustasemele reguleerida. J\u00e4tke h\u00fcvasti fikseeritud 30- ja 60-kraadise nurga piirangutega ning kohandage nurka vastavalt oma pikkusele ja vajadustele.<\/li>\n<li><strong>T\u00e4ielik mugavus:<\/strong> Meie kaela- ja kiilpadja komplekt pakub t\u00e4ielikku tuge ja mugavust teie kaelale ja seljale. Kiilpadi kohandub teie keha kumerustega, samas kui kaelapadi pakub sihip\u00e4rast tuge. Kiilpadja k\u00fclgedel on kahel erineval k\u00f5rgusel takjapaelad, et peatoe reguleerimine oleks lihtne.<\/li>\n<li><strong>K\u00e4etugede ja jalgade padi:<\/strong> Toetudes kiilukujulisele padjale, toeta k\u00e4ed m\u00f5lemal k\u00fcljel asuvatele k\u00e4etugede patjadele ja lase neil loomulikult rippuda k\u00e4etugede kaare vastas, just nagu voodil istudes tugitoolis. Kahte k\u00e4etuge saab ka takjapaelaga \u00fchendada, et luua jalgade toetamiseks jalapadi.<\/li>\n<li><strong>Multifunktsionaalne kiilukujuline padi:<\/strong> Selle kokkupandav disain v\u00f5imaldab umbes 12 kasutusviisi. Kasutage seda lugemise v\u00f5i t\u00f6\u00f6tamise ajal seljatoena k\u00f5rge nurga all v\u00f5i valige magamiseks j\u00e4rkj\u00e4rguline kalle, et leevendada norskamist, operatsioonij\u00e4rgset ebamugavust ja happe refluksi.<\/li>\n<\/ul>","protected":false},"featured_media":3299,"comment_status":"open","ping_status":"closed","template":"","meta":[],"product_brand":[],"product_cat":[228],"product_tag":[],"class_list":{"0":"post-3314","1":"product","2":"type-product","3":"status-publish","4":"has-post-thumbnail","6":"product_cat-cushions","8":"first","9":"outofstock","10":"featured","11":"shipping-taxable","12":"purchasable","13":"product-type-simple"},"_links":{"self":[{"href":"https:\/\/www.largepillow.com\/et\/wp-json\/wp\/v2\/product\/3314","targetHints":{"allow":["GET"]}}],"collection":[{"href":"https:\/\/www.largepillow.com\/et\/wp-json\/wp\/v2\/product"}],"about":[{"href":"https:\/\/www.largepillow.com\/et\/wp-json\/wp\/v2\/types\/product"}],"replies":[{"embeddable":true,"href":"https:\/\/www.largepillow.com\/et\/wp-json\/wp\/v2\/comments?post=3314"}],"wp:featuredmedia":[{"embeddable":true,"href":"https:\/\/www.largepillow.com\/et\/wp-json\/wp\/v2\/media\/3299"}],"wp:attachment":[{"href":"https:\/\/www.largepillow.com\/et\/wp-json\/wp\/v2\/media?parent=3314"}],"wp:term":[{"taxonomy":"product_brand","embeddable":true,"href":"https:\/\/www.largepillow.com\/et\/wp-json\/wp\/v2\/product_brand?post=3314"},{"taxonomy":"product_cat","embeddable":true,"href":"https:\/\/www.largepillow.com\/et\/wp-json\/wp\/v2\/product_cat?post=3314"},{"taxonomy":"product_tag","embeddable":true,"href":"https:\/\/www.largepillow.com\/et\/wp-json\/wp\/v2\/product_tag?post=3314"}],"curies":[{"name":"t\u00f6\u00f6leht","href":"https:\/\/api.w.org\/{rel}","templated":true}]}}