{"id":3344,"date":"2024-07-23T00:52:32","date_gmt":"2024-07-23T00:52:32","guid":{"rendered":"https:\/\/www.largepillow.com\/product\/versatile-and-durable-travel-dog-crate-for-medium-dogs"},"modified":"2024-10-03T16:31:25","modified_gmt":"2024-10-03T16:31:25","slug":"mitmekulgne-ja-vastupidav-reisikoerapuur-keskmise-suurusega-koertele","status":"publish","type":"product","link":"https:\/\/www.largepillow.com\/et\/product\/versatile-and-durable-travel-dog-crate-for-medium-dogs","title":{"rendered":"Mitmek\u00fclgne ja vastupidav reisikoerapuur keskmise suurusega koertele"},"content":{"rendered":"[zc_getpagecontent mb=&#8221;mb_aplus&#8221; apid=&#8221;62&#8243;]\n","protected":false},"excerpt":{"rendered":"<ul>\n<li>KIIRE 20-SEKUNDINE KOKKUPANEMINE: Meie keskmise suurusega koertele m\u00f5eldud travek telk on varustatud probleemivaba ja k\u00f5ikeh\u00f5lmava disainiga, mis v\u00e4listab keerulise paigaldamise vajaduse. J\u00e4tke kokkupanekuga seotud frustratsioonid h\u00fcvasti ja nautige vaevatu paigaldamise ja hoiustamise mugavust.<\/li>\n<li>MITMEK\u00dcLGNE KARDINADISAIN: meie reisikoerapuuril on funktsionaalsust silmas pidades disainitud kardin, mida saab vastavalt aastaajale reguleerida. Kaitske oma lemmiklooma talvel k\u00fclma tuule eest ja kerige see suvekuudel optimaalse ventilatsiooni ja mugavuse tagamiseks kokku.<\/li>\n<li>MITMEOTSTARBELINE KASUTAMINE: See kokkupandav koerapuur on uskumatult mitmek\u00fclgne ja sobib nii hubaseks koduks teie karvasele s\u00f5brale, turvaliseks lemmiklooma transportimiseks autos\u00f5itudeks, mugavaks s\u00fcnnitustelgiks kui ka kaasaskantavaks varjualuseks seiklusteks. Nautige mugavust ja hubasust, kuhu iganes te ka ei l\u00e4heks.<\/li>\n<li>ESMAKASSILISED MATERJALID: See keskmise suurusega koerapuur on valmistatud vastupidavast ja veekindlast Oxford-kangast ning meie kokkupandav koerapuur on loodud vastu pidama erinevatele ilmastikutingimustele. Tugevdatud nurgad tagavad toote pikema eluea, samas kui libisemiskindel p\u00f5hi pakub t\u00e4iendavat stabiilsust ja turvalisust.<\/li>\n<li>MUGAV K\u00dcLJETASKU: Koerakuudil on k\u00e4ep\u00e4rane k\u00fcljetasku, mis v\u00f5imaldab teil h\u00f5lpsalt kaasas kanda lemmiklooma veepudelit, suupisteid, m\u00e4nguasju ja muid olulisi asju \u00f5ues reisides. Selle l\u00e4bim\u00f5eldud disainifunktsiooniga p\u00fcsige organiseeritud ja valmis igaks seikluseks.<\/li>\n<\/ul>","protected":false},"featured_media":3331,"comment_status":"open","ping_status":"closed","template":"","meta":[],"product_brand":[],"product_cat":[227],"product_tag":[],"class_list":{"0":"post-3344","1":"product","2":"type-product","3":"status-publish","4":"has-post-thumbnail","6":"product_cat-pet-supplies","8":"first","9":"outofstock","10":"featured","11":"shipping-taxable","12":"purchasable","13":"product-type-simple"},"_links":{"self":[{"href":"https:\/\/www.largepillow.com\/et\/wp-json\/wp\/v2\/product\/3344","targetHints":{"allow":["GET"]}}],"collection":[{"href":"https:\/\/www.largepillow.com\/et\/wp-json\/wp\/v2\/product"}],"about":[{"href":"https:\/\/www.largepillow.com\/et\/wp-json\/wp\/v2\/types\/product"}],"replies":[{"embeddable":true,"href":"https:\/\/www.largepillow.com\/et\/wp-json\/wp\/v2\/comments?post=3344"}],"wp:featuredmedia":[{"embeddable":true,"href":"https:\/\/www.largepillow.com\/et\/wp-json\/wp\/v2\/media\/3331"}],"wp:attachment":[{"href":"https:\/\/www.largepillow.com\/et\/wp-json\/wp\/v2\/media?parent=3344"}],"wp:term":[{"taxonomy":"product_brand","embeddable":true,"href":"https:\/\/www.largepillow.com\/et\/wp-json\/wp\/v2\/product_brand?post=3344"},{"taxonomy":"product_cat","embeddable":true,"href":"https:\/\/www.largepillow.com\/et\/wp-json\/wp\/v2\/product_cat?post=3344"},{"taxonomy":"product_tag","embeddable":true,"href":"https:\/\/www.largepillow.com\/et\/wp-json\/wp\/v2\/product_tag?post=3344"}],"curies":[{"name":"wp","href":"https:\/\/api.w.org\/{rel}","templated":true}]}}