{"id":3360,"date":"2024-07-23T01:00:23","date_gmt":"2024-07-23T01:00:23","guid":{"rendered":"https:\/\/www.largepillow.com\/product\/dog-travel-bag-backpack-with-dog-food-storage-container"},"modified":"2026-02-08T19:30:31","modified_gmt":"2026-02-08T19:30:31","slug":"koera-reisikott-seljakott-koeratoidu-hoiukonteineriga","status":"publish","type":"product","link":"https:\/\/www.largepillow.com\/et\/product\/dog-travel-bag-backpack-with-dog-food-storage-container","title":{"rendered":"Koera reisikott seljakotiga koeratoidu hoiukonteineriga"},"content":{"rendered":"[zc_getpagecontent mb=&#8221;mb_aplus&#8221; apid=&#8221;64&#8243;]\n","protected":false},"excerpt":{"rendered":"<ul>\n<li>Eraldi toidu hoiuruum: See reisikott koeratoidu jaoks on varustatud eemaldatava 15-liitrise koeratoidu hoiukotiga, mis v\u00f5imaldab teil h\u00f5lpsalt kaasas kanda piisavalt toitu nii l\u00fchikesteks reisideks kui ka pikemateks seiklusteks. See on disainitud p\u00f5hihoiuruumist eraldi, seega ei h\u00f5iva see v\u00e4\u00e4rtuslikku hoiuruumi, tagades muude esemete parema organiseerimise ja hoiustamise. S\u00f5ltumatu koeratoidu reisikoti disain muudab lemmiklooma toidu t\u00e4iendamise mugavaks ja nutikaks.<\/li>\n<li>Hoiustamiss\u00f5bralik disain: T\u00e4nu avaratele ja h\u00e4sti organiseeritud sektsioonidele v\u00f5imaldab see koerareisiseljakott asju h\u00f5lpsalt sorteerida ja korraldada. Sellel on mitu sektsiooni ja taskut koeramaiuste, m\u00e4nguasjade ja m\u00e4hkmete hoidmiseks. Reguleeritavad vaheseinad v\u00f5imaldavad paindlikku ruumijaotust. Reguleeritavad kahekordsed \u00f5larihmad pakuvad mugavat kandmist, tagades meeldiva reisikogemuse \u00f5ues.<\/li>\n<li>Usaldusv\u00e4\u00e4rne kvaliteet: See koeratoidu reisikott on valmistatud kvaliteetsest Oxfordi kangast, mis tagab erakordse vastupidavuse ja t\u00f6\u00f6kindluse. Kanga silmapaistev mustuse- ja kulumiskindlus kaitseb kotti t\u00f5husalt plekkide ja igap\u00e4evase kulumise eest, hoides seda puhta ja v\u00e4rskena. Lisaks on lemmikloomakotil mugav nahkk\u00e4epide, mis tagab kindla haarde ja lisab elegantsi, olles nii praktiline kui ka stiilne.<\/li>\n<li>Praktiline disain igap\u00e4evaseks kasutamiseks: See koerareisikott on mitmek\u00fclgne nii reisimiseks kui ka igap\u00e4evaseks kasutamiseks. Sellel on esitasku, mida saab avada toidumatina lemmiklooma mugavaks toitmiseks. Kokkupanduna mahutab see frisbee, mist\u00f5ttu on seda lihtne kaasas kanda. Lisaks on kaasas kaks kokkupandavat kaussi lemmikloomale. Olgu tegemist jalutusk\u00e4igu, n\u00e4dalavahetuse reisi, rannas\u00f5idu, matkamise, telkimise v\u00f5i mis tahes muu \u00f5uetegevusega, see kutsikareisikott on ideaalne koerareisiks.<\/li>\n<li>Suured koerte reisitarvikud: M\u00f5\u00f5tudega 11x8x15 tolli (P x L x K) see koeratarvete seljakott pakub 30-liitrist mahutavust, pakkudes piisavalt ruumi lemmiklooma oluliste asjade ja v\u00e4ikeste esemete, n\u00e4iteks matkavarustuse hoidmiseks. See on ideaalne valik lemmikloomaomanikele ja peredele, kes on pidevalt liikvel. Olenemata sellest, kas tegemist on jalutusk\u00e4igu, n\u00e4dalavahetuse reisi, rannas\u00f5idu, matkamise, telkimise v\u00f5i mis tahes muu \u00f5uetegevusega, vastab see reisikoerakott k\u00f5igile teie vajadustele. See on suurep\u00e4rane kingitus nii lemmikloomadele kui ka lemmikloomi armastavatele peredele.<\/li>\n<li>Suur mahutavus: Koera reisikotid v\u00f5imaldavad hoiustada lemmikloomade m\u00e4nguasju, suupisteid ja muid olulisi asju \u00f5ues reiside ajal. Koera reisikoti avar ruum mahutab k\u00f5ik teie v\u00e4ljas\u00f5iduks vajalikud esemed, tagades teile ja teie lemmikloomale muretu kogemuse.<\/li>\n<li>Mugavad sahtlid: Koeratoidu hoiukastil on kaks sahtlit, mis jagavad sisemuse kolmeks osaks. See lennufirmade poolt heaks kiidetud reisimiseks m\u00f5eldud koerakott lihtsustab esemete korraldamist ja k\u00e4ttesaamist.<\/li>\n<li>Reguleeritavad rihmad: Selle koeratarvete reisikoti reguleeritavaid rihmasid saab vastavalt teie vajadustele kohandada, v\u00f5imaldades nii seljakotistiilis kui ka \u00f5lal kandmist.<\/li>\n<\/ul>","protected":false},"featured_media":3345,"comment_status":"open","ping_status":"closed","template":"","meta":[],"product_brand":[],"product_cat":[227],"product_tag":[],"class_list":{"0":"post-3360","1":"product","2":"type-product","3":"status-publish","4":"has-post-thumbnail","6":"product_cat-pet-supplies","8":"first","9":"outofstock","10":"featured","11":"shipping-taxable","12":"purchasable","13":"product-type-simple"},"_links":{"self":[{"href":"https:\/\/www.largepillow.com\/et\/wp-json\/wp\/v2\/product\/3360","targetHints":{"allow":["GET"]}}],"collection":[{"href":"https:\/\/www.largepillow.com\/et\/wp-json\/wp\/v2\/product"}],"about":[{"href":"https:\/\/www.largepillow.com\/et\/wp-json\/wp\/v2\/types\/product"}],"replies":[{"embeddable":true,"href":"https:\/\/www.largepillow.com\/et\/wp-json\/wp\/v2\/comments?post=3360"}],"wp:featuredmedia":[{"embeddable":true,"href":"https:\/\/www.largepillow.com\/et\/wp-json\/wp\/v2\/media\/3345"}],"wp:attachment":[{"href":"https:\/\/www.largepillow.com\/et\/wp-json\/wp\/v2\/media?parent=3360"}],"wp:term":[{"taxonomy":"product_brand","embeddable":true,"href":"https:\/\/www.largepillow.com\/et\/wp-json\/wp\/v2\/product_brand?post=3360"},{"taxonomy":"product_cat","embeddable":true,"href":"https:\/\/www.largepillow.com\/et\/wp-json\/wp\/v2\/product_cat?post=3360"},{"taxonomy":"product_tag","embeddable":true,"href":"https:\/\/www.largepillow.com\/et\/wp-json\/wp\/v2\/product_tag?post=3360"}],"curies":[{"name":"wp","href":"https:\/\/api.w.org\/{rel}","templated":true}]}}