{"id":3404,"date":"2024-07-23T02:34:39","date_gmt":"2024-07-23T02:34:39","guid":{"rendered":"https:\/\/www.largepillow.com\/product\/fireside-bean-bag-chairs-comfy-single-couch-for-reading"},"modified":"2024-10-03T16:31:25","modified_gmt":"2024-10-03T16:31:25","slug":"kamina-aares-istumiskotiga-toolid-mugav-uheinimese-diivan-lugemiseks","status":"publish","type":"product","link":"https:\/\/www.largepillow.com\/et\/product\/fireside-bean-bag-chairs-comfy-single-couch-for-reading","title":{"rendered":"Kaminaga oakotitoolid: mugav \u00fcheinimese diivan lugemiseks"},"content":{"rendered":"[zc_getpagecontent mb=&#8221;mb_aplus&#8221; apid=&#8221;56&#8243;]\n","protected":false},"excerpt":{"rendered":"<ul>\n<li><strong>Iste avar:<\/strong> 63 cm (k\u00f5rgus) x 86 cm (pikkus) x 72 cm (laius), 6 kg. \u00dchekohaline kotttool on avar ja sobib igale kehat\u00fc\u00fcbile. Ergonoomiline seljatugi. S\u00e4ilitab oma kuju ka p\u00e4rast pikki kasutustunde.<\/li>\n<li><strong>Vastupidav kangas:<\/strong> Meie kott-tool on valmistatud kulumiskindlast ja veekindlast Oxford-kangast, mida on lihtne puhastada. Libisemiskindel must aluskangas tagab kindla haarde.<\/li>\n<li><strong>Vahtmaterjalist tugi:<\/strong> Meie kott-tool on t\u00e4idetud suure tihedusega \u00fches t\u00fckis porolooniga, pakkudes pehmet istumist ning kindlat tuge seljale ja jalgadele. Ergonoomiline disain tagab mugavuse ja ennetab seljavalusid.<\/li>\n<li><strong>Loominguline disain:<\/strong>\u00a03D-l\u00f5ige pakub lisaruumi hoiustamiseks ja aitab toolil s\u00e4ilitada oma kuju ka pikaajalisel kasutamisel.<\/li>\n<li><strong>Toote hooldus:<\/strong>\u00a0Puhasta niiske lapiga, v\u00e4ldi otsest p\u00e4ikesevalgust ja karme kemikaale. Lase kottdiivanil p\u00e4rast lahtipakkimist 2 tundi hingata, et see p\u00fcsiks optimaalse elastsusega.<\/li>\n<\/ul>","protected":false},"featured_media":3565,"comment_status":"open","ping_status":"closed","template":"","meta":[],"product_brand":[],"product_cat":[228],"product_tag":[],"class_list":{"0":"post-3404","1":"product","2":"type-product","3":"status-publish","4":"has-post-thumbnail","6":"product_cat-cushions","8":"first","9":"outofstock","10":"shipping-taxable","11":"purchasable","12":"product-type-simple"},"_links":{"self":[{"href":"https:\/\/www.largepillow.com\/et\/wp-json\/wp\/v2\/product\/3404","targetHints":{"allow":["GET"]}}],"collection":[{"href":"https:\/\/www.largepillow.com\/et\/wp-json\/wp\/v2\/product"}],"about":[{"href":"https:\/\/www.largepillow.com\/et\/wp-json\/wp\/v2\/types\/product"}],"replies":[{"embeddable":true,"href":"https:\/\/www.largepillow.com\/et\/wp-json\/wp\/v2\/comments?post=3404"}],"wp:featuredmedia":[{"embeddable":true,"href":"https:\/\/www.largepillow.com\/et\/wp-json\/wp\/v2\/media\/3565"}],"wp:attachment":[{"href":"https:\/\/www.largepillow.com\/et\/wp-json\/wp\/v2\/media?parent=3404"}],"wp:term":[{"taxonomy":"product_brand","embeddable":true,"href":"https:\/\/www.largepillow.com\/et\/wp-json\/wp\/v2\/product_brand?post=3404"},{"taxonomy":"product_cat","embeddable":true,"href":"https:\/\/www.largepillow.com\/et\/wp-json\/wp\/v2\/product_cat?post=3404"},{"taxonomy":"product_tag","embeddable":true,"href":"https:\/\/www.largepillow.com\/et\/wp-json\/wp\/v2\/product_tag?post=3404"}],"curies":[{"name":"wp","href":"https:\/\/api.w.org\/{rel}","templated":true}]}}