{"id":3413,"date":"2024-07-23T03:06:14","date_gmt":"2024-07-23T03:06:14","guid":{"rendered":"https:\/\/www.largepillow.com\/product\/ergonomic-wedge-pillow-with-arm-hole-for-shoulder-pain-relief"},"modified":"2025-04-29T06:10:15","modified_gmt":"2025-04-29T06:10:15","slug":"ergonoomiline-kiilpadi-kaeauguga-olavalu-leevendamiseks","status":"publish","type":"product","link":"https:\/\/www.largepillow.com\/et\/product\/ergonomic-wedge-pillow-with-arm-hole-for-shoulder-pain-relief\/","title":{"rendered":"Ergonoomiline kiilukujuline padi k\u00e4eauguga \u00f5lavalu leevendamiseks"},"content":{"rendered":"","protected":false},"excerpt":{"rendered":"<ul>\n<li><strong>Reguleeritav kontuurvahtpadi:<\/strong> Meie k\u00fclili magamise padja U-kujuline peatugi ja kaldenurk hoiavad teie selgroo neutraalsena, reguleerides ja korrigeerides t\u00f5husalt teie k\u00fclili magamise asendit, leevendades survet \u00f5lgadele, k\u00e4tele ja seljale ning vabastades \u00f5lgadele rohkem puhkeruumi, et saaksite mugavalt magada m\u00f5lemal k\u00fcljel.<\/li>\n<li><strong>\u00d5la kontuuriga kiilukujuline padi:<\/strong> Teaduslikult disainitud sooned \u00f5latoe piirkonnas sobivad k\u00fcljel magavatele inimestele. Need v\u00e4hendavad \u00f5lgadele avalduvat survet k\u00fcljel magades ja aitavad v\u00e4ltida k\u00fc\u00fcrus magamisasendeid. Kiilpadi on piisavalt lai, et k\u00e4ed sinna mahuksid, nii et need k\u00fcljel magades rippumas ei tunduks. Suurus: 55 * 60 * 19 cm<\/li>\n<li><strong>Kumer peatugi:<\/strong> Meie magamispadi on U-kujulise disainiga. Kontuurikuju pakub kindlat tuge teie kaelal\u00fclidele ja peale ning kohandub loomulikult pea asendiga k\u00fcljel ja selili magades. See hoiab teie kaela \u00fclej\u00e4\u00e4nud kehaga \u00f5iges asendis ning leevendab kaela- ja \u00f5lavalusid. Magamispadi pakub paremat tuge peale ja kaelale. Suurus: 20 * 39 * 10 cm<\/li>\n<li><strong>T\u00e4idetud ja kangas:<\/strong> Valge osa on valmistatud hingavast kootud kangast, mis on nahas\u00f5bralik ja ei tekita umbset tunnet ning sobib kandmiseks igal aastaajal. Bee\u017e osa on valmistatud pehmest h\u00e4rmas sametkangast. Kiilukujuline kehapadi on t\u00e4idetud suure tihedusega vahuga, mis pakub pikaajalist ja t\u00f5husat tuge, on tugeva kandev\u00f5imega ja ei deformeeru kergesti. Peatugi on valmistatud kvaliteetsest aeglaselt tagasil\u00f6\u00f6giga m\u00e4luvahust, mis neelab l\u00f6\u00f6gij\u00f5u \u00fchtlaselt ja hajutab survet ning on tasakaalustatud pehmusega.<\/li>\n<li><strong>Lai rakendus:<\/strong> See kaelatoepadi sobib suurep\u00e4raselt eakatele, kontorit\u00f6\u00f6tajatele, \u00f5petajatele ja uneh\u00e4irete all kannatavatele inimestele. Kui tunnete aeg-ajalt, et tavaline uni ei leevenda teie \u00f5lgade ja kaela valu ja v\u00e4simust, on see ergonoomiline tugipadi teie parim valik. Teaduslikult kujundatud nurk ja kontuur pakuvad teile mugavat und ja leevendust \u00f5lavaludele.<\/li>\n<li><strong>Ideaalne magamisasend:<\/strong>\u00a0\u00d5ige magamisasend parandab unekvaliteeti ning leevendab kiiresti f\u00fc\u00fcsilist v\u00e4simust ja vaimset stressi. Meie disainitud kontuurpadi leevendab t\u00f5husalt kaela-, \u00f5lgade-, selja- ja v\u00f6\u00f6kohavalu.<\/li>\n<\/ul>","protected":false},"featured_media":3405,"comment_status":"open","ping_status":"closed","template":"","meta":[],"product_brand":[],"product_cat":[228],"product_tag":[],"class_list":{"0":"post-3413","1":"product","2":"type-product","3":"status-publish","4":"has-post-thumbnail","6":"product_cat-cushions","8":"first","9":"outofstock","10":"featured","11":"shipping-taxable","12":"purchasable","13":"product-type-simple"},"_links":{"self":[{"href":"https:\/\/www.largepillow.com\/et\/wp-json\/wp\/v2\/product\/3413","targetHints":{"allow":["GET"]}}],"collection":[{"href":"https:\/\/www.largepillow.com\/et\/wp-json\/wp\/v2\/product"}],"about":[{"href":"https:\/\/www.largepillow.com\/et\/wp-json\/wp\/v2\/types\/product"}],"replies":[{"embeddable":true,"href":"https:\/\/www.largepillow.com\/et\/wp-json\/wp\/v2\/comments?post=3413"}],"wp:featuredmedia":[{"embeddable":true,"href":"https:\/\/www.largepillow.com\/et\/wp-json\/wp\/v2\/media\/3405"}],"wp:attachment":[{"href":"https:\/\/www.largepillow.com\/et\/wp-json\/wp\/v2\/media?parent=3413"}],"wp:term":[{"taxonomy":"product_brand","embeddable":true,"href":"https:\/\/www.largepillow.com\/et\/wp-json\/wp\/v2\/product_brand?post=3413"},{"taxonomy":"product_cat","embeddable":true,"href":"https:\/\/www.largepillow.com\/et\/wp-json\/wp\/v2\/product_cat?post=3413"},{"taxonomy":"product_tag","embeddable":true,"href":"https:\/\/www.largepillow.com\/et\/wp-json\/wp\/v2\/product_tag?post=3413"}],"curies":[{"name":"t\u00f6\u00f6leht","href":"https:\/\/api.w.org\/{rel}","templated":true}]}}