{"id":3437,"date":"2024-07-25T02:20:33","date_gmt":"2024-07-25T02:20:33","guid":{"rendered":"https:\/\/www.largepillow.com\/product\/adjustable-floor-sofa-bed-multi-piece-folding-recliner"},"modified":"2024-10-03T16:31:25","modified_gmt":"2024-10-03T16:31:25","slug":"reguleeritav-porandadiivanvoodi-mitmeosaline-kokkupandav-tugitool","status":"publish","type":"product","link":"https:\/\/www.largepillow.com\/et\/product\/adjustable-floor-sofa-bed-multi-piece-folding-recliner","title":{"rendered":"Reguleeritav p\u00f5randadiivanvoodi, mitmeosaline kokkupandav tugitool"},"content":{"rendered":"[zc_getpagecontent mb=&#8221;mb_aplus&#8221; apid=&#8221;81&#8243;]\n","protected":false},"excerpt":{"rendered":"<ul>\n<li><strong>Mugavus ja tugi:<\/strong> Uuendatud kokkupandaval diivanvoodil on kihiline struktuur, mis on t\u00e4idetud k\u00e4sna ja pol\u00fcesterkiuga. Kokkupandav diivanvoodi on erakordselt t\u00e4idetud koheva pol\u00fcesterkiuga, pakkudes mugavat ja v\u00e4simusvaba kogemust lamades ja l\u00f5\u00f5gastudes. Diivanvoodi alumine osa on t\u00e4idetud suure tihedusega k\u00e4snaga, mis tagab tugeva toe, mis ei vaju kokku isegi pikaajalise istumise j\u00e4rel.<\/li>\n<li><strong>Mitmek\u00fclgne ja ruumis\u00e4\u00e4stlik disain:<\/strong> Meie kokkupandav diivan muundub vaevata p\u00f5randadiivaniks, tugitooliks ja madratsiks, rahuldades teie mitmekesiseid vajadusi. Kerge ja kokkupandav diivanvoodi v\u00f5imaldab h\u00f5lpsat liigutamist, kokkupanemist, hoiustamist ja transporti. See on ideaalne valik v\u00e4ikestesse korteritesse, \u00fchiselamutesse v\u00f5i muudesse piiratud ruumiga eluruumidesse.<\/li>\n<li><strong>Reguleeritav ja turvaline seljatugi:<\/strong> P\u00f5randadiivani m\u00f5lemal k\u00fcljel olev pandlakujundus tagab seljatoe kindla kinnituse istmepadjale. Voodina kasutamisel saab seljatoepadja h\u00f5lpsalt peatoeks muuta, pakkudes optimaalset tuge. Seljatoena pakub see suurep\u00e4rast nimmetuge.<\/li>\n<li><strong>Kvaliteetsed materjalid ja lihtne hooldus:<\/strong> Lahtik\u00e4iva diivanvoodi v\u00e4liskate on valmistatud l\u00fchikese pl\u00fc\u00fcsi ja Oxfordi kanga segust. Kehaga kokkupuutuvad alad on valmistatud uskumatult pehmest sametist, mis tagab pikaajalise mugavuse. Eemaldatavat lukuga katet on lihtne puhastada ja pesta, lihtsustades hooldust ja korrashoidu.<\/li>\n<li><strong>Vaakumpakendis kokkupressitud pakend:<\/strong> Ohutu ja t\u00f5husa transpordi tagamiseks tarnitakse meie kokkupandav p\u00f5randadiivan vaakumpakendis, mis v\u00f5ib avamisel p\u00f5hjustada kergeid deformatsioone. V\u00f5ite aga kindlad olla, et diivanvoodi taastab oma algse kuju 24\u201372 tunni jooksul p\u00e4rast lahtipakkimist, pakkudes teile parimat kogemust.<\/li>\n<\/ul>","protected":false},"featured_media":3427,"comment_status":"open","ping_status":"closed","template":"","meta":[],"product_brand":[],"product_cat":[228],"product_tag":[],"class_list":{"0":"post-3437","1":"product","2":"type-product","3":"status-publish","4":"has-post-thumbnail","6":"product_cat-cushions","8":"first","9":"outofstock","10":"shipping-taxable","11":"purchasable","12":"product-type-simple"},"_links":{"self":[{"href":"https:\/\/www.largepillow.com\/et\/wp-json\/wp\/v2\/product\/3437","targetHints":{"allow":["GET"]}}],"collection":[{"href":"https:\/\/www.largepillow.com\/et\/wp-json\/wp\/v2\/product"}],"about":[{"href":"https:\/\/www.largepillow.com\/et\/wp-json\/wp\/v2\/types\/product"}],"replies":[{"embeddable":true,"href":"https:\/\/www.largepillow.com\/et\/wp-json\/wp\/v2\/comments?post=3437"}],"wp:featuredmedia":[{"embeddable":true,"href":"https:\/\/www.largepillow.com\/et\/wp-json\/wp\/v2\/media\/3427"}],"wp:attachment":[{"href":"https:\/\/www.largepillow.com\/et\/wp-json\/wp\/v2\/media?parent=3437"}],"wp:term":[{"taxonomy":"product_brand","embeddable":true,"href":"https:\/\/www.largepillow.com\/et\/wp-json\/wp\/v2\/product_brand?post=3437"},{"taxonomy":"product_cat","embeddable":true,"href":"https:\/\/www.largepillow.com\/et\/wp-json\/wp\/v2\/product_cat?post=3437"},{"taxonomy":"product_tag","embeddable":true,"href":"https:\/\/www.largepillow.com\/et\/wp-json\/wp\/v2\/product_tag?post=3437"}],"curies":[{"name":"wp","href":"https:\/\/api.w.org\/{rel}","templated":true}]}}