{"id":3508,"date":"2024-07-25T03:34:29","date_gmt":"2024-07-25T03:34:29","guid":{"rendered":"https:\/\/www.largepillow.com\/product\/large-folding-daybed-sofa-with-adjustable-headboard"},"modified":"2024-10-03T16:31:25","modified_gmt":"2024-10-03T16:31:25","slug":"suur-kokkupandav-diivanvoodi-reguleeritava-peatsiga","status":"publish","type":"product","link":"https:\/\/www.largepillow.com\/et\/product\/large-folding-daybed-sofa-with-adjustable-headboard","title":{"rendered":"Suur kokkupandav diivanvoodi reguleeritava peatsiga"},"content":{"rendered":"","protected":false},"excerpt":{"rendered":"<ul>\n<li>\u00dcLIM MUGAVUS: Nautige v\u00f5rratut mugavust reguleeritava voodiga voodi k\u00f5rval. Pol\u00fcesterlinasest kattega ja \u00fclimalt vastupidava poroloonpolstriga kokkupandav diivan tagab maksimaalse mugavuse, olenemata sellest, kas istute ja l\u00f5\u00f5gastute, vaatate telekat v\u00f5i puhkate p\u00e4rast v\u00e4sitavat p\u00e4eva.<\/li>\n<li>ESMAKASSILINE MEISTERLIKKUS: Pol\u00fcesterlinasest kattega ja \u00fclimalt vastupidava poroloonpolstriga \u00fchendab see diivan praktilisuse ja mugavuse, pakkudes luksuslikku ja vastupidavat kogemust. Lihtne lahti v\u00f5tta ja kokku panna, tagades p\u00fcsiva elegantsi igas toas.<\/li>\n<li>STABIILNE TUGI: Nautige rahulikku l\u00f5\u00f5gastust meie p\u00f5randadiivanil. Suure tihedusega vaht pakub suurep\u00e4rast tuge ja pehmendust, mis j\u00e4rgib keha kumerusi ja leevendab survepunkte. Sisset\u00f5mmatava diivani stabiilsus tagab ohutuse ja t\u00f6\u00f6kindluse, v\u00f5imaldades teil nautida pikaajalist mugavust ja vastupidavust.<\/li>\n<li>AINULAADNE DISAIN JA LIHTNE PUHASTADA: See diivan pole mitte ainult mugav, vaid ka kergesti puhastatav. N\u00e4htamatu t\u00f5mblukuga disaini on lihtne eemaldada ja puhastada, hoides diivani korras. Laske teil oma vaba aega mugavalt nautida.<\/li>\n<li>IDEAALNE SUURUS MUGAVUSEKS: Meie kokkupandava diivani m\u00f5\u00f5tmed on 190 * 76 * 55 cm, mis on ideaalne suurus tugitooli jaoks ning mida on lihtne hoiustada ja ruumi kokku hoida.<\/li>\n<\/ul>","protected":false},"featured_media":3492,"comment_status":"open","ping_status":"closed","template":"","meta":[],"product_brand":[],"product_cat":[228],"product_tag":[],"class_list":{"0":"post-3508","1":"product","2":"type-product","3":"status-publish","4":"has-post-thumbnail","6":"product_cat-cushions","8":"first","9":"outofstock","10":"shipping-taxable","11":"purchasable","12":"product-type-simple"},"_links":{"self":[{"href":"https:\/\/www.largepillow.com\/et\/wp-json\/wp\/v2\/product\/3508","targetHints":{"allow":["GET"]}}],"collection":[{"href":"https:\/\/www.largepillow.com\/et\/wp-json\/wp\/v2\/product"}],"about":[{"href":"https:\/\/www.largepillow.com\/et\/wp-json\/wp\/v2\/types\/product"}],"replies":[{"embeddable":true,"href":"https:\/\/www.largepillow.com\/et\/wp-json\/wp\/v2\/comments?post=3508"}],"wp:featuredmedia":[{"embeddable":true,"href":"https:\/\/www.largepillow.com\/et\/wp-json\/wp\/v2\/media\/3492"}],"wp:attachment":[{"href":"https:\/\/www.largepillow.com\/et\/wp-json\/wp\/v2\/media?parent=3508"}],"wp:term":[{"taxonomy":"product_brand","embeddable":true,"href":"https:\/\/www.largepillow.com\/et\/wp-json\/wp\/v2\/product_brand?post=3508"},{"taxonomy":"product_cat","embeddable":true,"href":"https:\/\/www.largepillow.com\/et\/wp-json\/wp\/v2\/product_cat?post=3508"},{"taxonomy":"product_tag","embeddable":true,"href":"https:\/\/www.largepillow.com\/et\/wp-json\/wp\/v2\/product_tag?post=3508"}],"curies":[{"name":"wp","href":"https:\/\/api.w.org\/{rel}","templated":true}]}}