{"id":374,"date":"2022-09-15T22:39:47","date_gmt":"2022-09-15T22:39:47","guid":{"rendered":"https:\/\/www.largepillow.com\/product\/big-pillows-for-bed-headboard"},"modified":"2025-12-17T13:30:39","modified_gmt":"2025-12-17T13:30:39","slug":"seljatoe-padi-3","status":"publish","type":"product","link":"https:\/\/www.largepillow.com\/et\/product\/backrest-pillow","title":{"rendered":"Seljatoe padi"},"content":{"rendered":"<p>Avastage seljatoepadjaga \u00fclim mugavus<\/p>\n<p>Kas oled v\u00e4sinud lugemise v\u00f5i teleka vaatamise ajal voodis mugavuse otsimisest? Tutvustame seljatoepatja \u2013 kolmnurkse kujuga patja, mis viib uneaegse l\u00f5\u00f5gastuse uutesse k\u00f5rgustesse. <\/p>\n<p>Ergonoomilise disainiga kohandub see peatsipadi ideaalselt teie selja ja v\u00f6\u00f6kohaga, pakkudes nimmepiirkonnale kohandatud tuge ja minimeerides seljapinget. Suure tihedusega pol\u00fcestert\u00e4idis on struktureeritud nii, et see aja jooksul lamenemist ei tekitaks, samas kui 100% pol\u00fcestersametist kate tundub naha vastas pehme ja luksuslik.<\/p>\n<p>Aga \u00e4rge uskuge ainult meie s\u00f5nu. Siin on, mida entusiastlikud kliendid \u00fctlevad:<\/p>\n<p>\u201cSee padi on minu kui agar \u00f6ise lugeja jaoks t\u00f5eline p\u00e4\u00e4ster\u00f5ngas. Ma v\u00f5in tundide kaupa voodis p\u00fcsti istuda ilma seljavaludeta.\u201d<\/p>\n<p>\u201cMulle meeldib seda hiiglaslikku patja kasutada, et end partneriga filmi\u00f5htutel toetada. See on piisavalt lai, et meile m\u00f5lemale mugavalt \u00e4ra mahuks.\u201d <\/p>\n<p>\u201cKolmnurkne kuju sobib mu kehale ideaalselt. Ma ei \u00e4rka enam kange kaelaga p\u00e4rast seda, kui olen toestatud seljaga magama j\u00e4\u00e4nud.\u201d<\/p>\n<p>Seljatoepadja suurustega alates 45 cm kuni avara 200 cm-ni leidub igale kasutajale sobiv variant. Padjap\u00fc\u00fcr on lukuga lahtik\u00e4iv ja masinpestav, mis muudab puhastamise ja hoolduse lihtsaks. <\/p>\n<p>Anna oma seljale puhkust ja l\u00f5\u00f5gastusajale t\u00e4iendust seljatoepadjaga. Sinu mugavus ootab!<\/p>","protected":false},"excerpt":{"rendered":"<ul>\n<li><strong>\u00dclim mugavus:<\/strong> See peatsipadi pakub t\u00e4nu oma kolmnurksele disainile suurep\u00e4rast mugavust. Voodi tugipadi sobib h\u00e4sti seljale ja v\u00f6\u00f6kohale, minimeerides nimmepiirkonna\/selja survet. See kiilukujuliselt lugemispadi aitab teil voodis v\u00f5i diivanil pingevabalt p\u00fcsida, mis sobib ideaalselt \u00f6\u00f6kullidega t\u00f6\u00f6tamiseks, raamatukoideks olemiseks ja voodis teleka vaatamiseks. See eriti suur pehmenduspadi on ainus kiilukujuliselt kujundatud peatsipadi, mis mahutab kahte inimest.<\/li>\n<li><strong>3 \u00fches suur pehmenduspadi:<\/strong> Patja saab p\u00fcstiselt kasutada seljatoe ja peatsi toetava padjana voodis istudes v\u00f5i asetada voodile, et kasutada seda suure kiilpadjana selili v\u00f5i k\u00fcljel magades v\u00f5i jalapadjana jalgade t\u00f5stmiseks. Kui soovite suurt peatsipatja, mis pakub tuge nii teile kui ka teie abikaasale, on see suurep\u00e4rane alternatiiv.<\/li>\n<li><strong>Multifunktsionaalne disain:<\/strong> M\u00f5ned inimesed kasutavad kolmnurkset suurt patja peatsipadjana, teised aga p\u00f5rkerauapadjana, seda saab kasutada ka diivani v\u00f5i p\u00e4evavoodi seljatoepadjana. See on nii stiilne kui ka funktsionaalne, muutes selle suurep\u00e4raseks t\u00e4ienduseks igale magamistuppa.<\/li>\n<li><strong>Suurep\u00e4rane k\u00e4sit\u00f6\u00f6:<\/strong> Meie padjap\u00fc\u00fcr on valmistatud 100% pol\u00fcestersametist, mis on pehme, elegantne ja mugav puudutada. Polster on valmistatud suure tihedusega ja kvaliteetsetest pol\u00fcesterkiududest, mis hoiavad \u00e4ra longusoleku isegi kuude pikkuse kasutamise j\u00e4rel. Lisaks on sellel k\u00fcljetaskud raamatu v\u00f5i telefoni hoidmiseks.<\/li>\n<li><strong>Lihtne puhastada:<\/strong> Lugemispadja kate on padja k\u00fclge kinnitatud n\u00f6\u00f6pidega ja seda on lihtne lukuga eemaldada. See muudab selle puhastamise probleemivabaks. Eemaldage lihtsalt kate ja peske see kiiresti masinas, et teie padi n\u00e4eks v\u00e4lja nagu uus.<\/li>\n<li><strong>Suurus:<\/strong> 45cm (P45 x L20 x K50 | 0 n\u00f6\u00f6pi), 60cm (P60 x L20 x K50 | 0 n\u00f6\u00f6pi), 80cm (P80 x L20 x K50 | 2 n\u00f6\u00f6pi), 100cm (P100 x L20 x K50 | 3 n\u00f6\u00f6pi), 120cm (P120 x L20 x K50 | 4 n\u00f6\u00f6pi), 140cm (P140 x L20 x K50 | 4 n\u00f6\u00f6pi), 160cm (P160 x L20 x K50 | 5 n\u00f6\u00f6pi), 180cm (P180 x L20 x K50 | 6 n\u00f6\u00f6pi), 200cm (P200 x L20 x K50 | 7 n\u00f6\u00f6pi).<\/li>\n<\/ul>","protected":false},"featured_media":357,"comment_status":"open","ping_status":"closed","template":"","meta":[],"product_brand":[],"product_cat":[15],"product_tag":[66,60,215,216,201,132,112,143,182,120],"class_list":{"0":"post-374","1":"product","2":"type-product","3":"status-publish","4":"has-post-thumbnail","6":"product_cat-large-wedge-pillow","7":"product_tag-back-support-pillow","8":"product_tag-backrest-pillow","9":"product_tag-couch-backrest-cushion","10":"product_tag-daybed-bolster","11":"product_tag-grey-pillow","12":"product_tag-large-bolster-pillow","13":"product_tag-lumbar-support-pillow","14":"product_tag-multifunctional-pillow","15":"product_tag-triangle-back-pillow","16":"product_tag-velvet-pillow","18":"first","19":"instock","20":"featured","21":"shipping-taxable","22":"purchasable","23":"product-type-variable"},"_links":{"self":[{"href":"https:\/\/www.largepillow.com\/et\/wp-json\/wp\/v2\/product\/374","targetHints":{"allow":["GET"]}}],"collection":[{"href":"https:\/\/www.largepillow.com\/et\/wp-json\/wp\/v2\/product"}],"about":[{"href":"https:\/\/www.largepillow.com\/et\/wp-json\/wp\/v2\/types\/product"}],"replies":[{"embeddable":true,"href":"https:\/\/www.largepillow.com\/et\/wp-json\/wp\/v2\/comments?post=374"}],"wp:featuredmedia":[{"embeddable":true,"href":"https:\/\/www.largepillow.com\/et\/wp-json\/wp\/v2\/media\/357"}],"wp:attachment":[{"href":"https:\/\/www.largepillow.com\/et\/wp-json\/wp\/v2\/media?parent=374"}],"wp:term":[{"taxonomy":"product_brand","embeddable":true,"href":"https:\/\/www.largepillow.com\/et\/wp-json\/wp\/v2\/product_brand?post=374"},{"taxonomy":"product_cat","embeddable":true,"href":"https:\/\/www.largepillow.com\/et\/wp-json\/wp\/v2\/product_cat?post=374"},{"taxonomy":"product_tag","embeddable":true,"href":"https:\/\/www.largepillow.com\/et\/wp-json\/wp\/v2\/product_tag?post=374"}],"curies":[{"name":"wp","href":"https:\/\/api.w.org\/{rel}","templated":true}]}}