{"id":3754,"date":"2024-09-03T04:08:26","date_gmt":"2024-09-03T04:08:26","guid":{"rendered":"https:\/\/www.largepillow.com\/product\/3d-planet-throw-pillows-solar-system-decor-soft-cushion-black-moon"},"modified":"2024-10-03T16:31:34","modified_gmt":"2024-10-03T16:31:34","slug":"3d-planeedi-viskepadjad-paikesesusteemi-kaunistusega-pehme-padi-must-kuu","status":"publish","type":"product","link":"https:\/\/www.largepillow.com\/et\/product\/3d-planet-throw-pillows-solar-system-decor-soft-cushion-black-moon","title":{"rendered":"3D planeediteemalised padjad, p\u00e4ikeses\u00fcsteemi kaunistused, pehme padi (must kuu)"},"content":{"rendered":"","protected":false},"excerpt":{"rendered":"<ul>\n<li><strong>Planeediteemaline disain:<\/strong>\u00a0Looge oma kodus ainulaadne kodukaunistus nende p\u00e4ikeses\u00fcsteemi-teemaliste padjadega, millel on kujutatud P\u00e4ikest, Maad, Kuud, Veenus, Jupiteri, Merkuuri, Marssi, Saturni, Uraani, Neptuuni ja Pluutot. Igal padjal on ainulaadne planeedikujundus, mis annab teile vabaduse neid kombineerida ja isikup\u00e4rase ilme saavutamiseks.<\/li>\n<li><strong>Praktiline p\u00f5randapadi:<\/strong> Neid planeedikujuliseid dekoratiivpatju saab kasutada mitmek\u00fclgsete rekvisiitidena fotostuudios v\u00f5i mugavate p\u00f5randapatjade, dekoratiivpatjade, diivanipatjade, kiilpatjade ja diivanipatjadena oma kodu, aia ja lasteaia kaunistamiseks. Need pakuvad mugavat pehmendust teie peale v\u00f5i seljale, kui te l\u00f5\u00f5gastute ja l\u00f5\u00f5gastute, mist\u00f5ttu sobivad need ideaalselt dekoratiivse aktsendi v\u00f5i lisaistumiskohana. Need sobivad suurep\u00e4raselt ka jooga v\u00f5i meditatsiooni jaoks.<\/li>\n<li><strong>Dekoratiivne p\u00f5randapadi:<\/strong> Need planeedikujulised padjad sobivad ideaalselt teie magamistuppa, elutuppa v\u00f5i mis tahes muusse koduruumi elegantsi ja mugavuse lisamiseks. Erksad v\u00e4rvid ja ainulaadsed kujundused on vestluse alustajaks ning neid saab h\u00f5lpsasti teiste dekoratiivesemetega kombineerida, et luua terviklik v\u00e4limus. Saate erinevaid stiile segada ja sobitada, et luua kohandatud ruumiteemaline kujundus, mis peegeldab teie isiksust ja stiili.<\/li>\n<li><strong>Kingituseks:<\/strong> Planeediteemaline padi on suurep\u00e4rane kingitus k\u00f5igile, kes armastavad kosmost, astronoomiat v\u00f5i teadust. See sobib ideaalselt lastele, teismelistele, \u00fcli\u00f5pilastele v\u00f5i t\u00e4iskasvanutele, kes soovivad oma tuppa lisada l\u00f5busa ja funktsionaalse eseme. Saate seda kinkida ka erilistel puhkudel, n\u00e4iteks s\u00fcnnip\u00e4evadel, j\u00f5uludel v\u00f5i l\u00f5petamisel.<\/li>\n<li><strong>Pesemisjuhised:<\/strong> Planet-padi on valmistatud kvaliteetsest paksust sametkangast, mis tagab vastupidavuse ja kvaliteedi. Sellel on lukk h\u00f5lpsaks puhastamiseks ja hoolduse imelihtsaks. T\u00e4idis on 100% pol\u00fcester, mis tagab erakordse venivuse. Masinpesu ainult k\u00fclmas vees, ainult \u00f5rna pesuprogrammiga, mitte valgendada, trummelkuivatada madalal temperatuuril, vajadusel trummelkuivatada madalal temperatuuril. Nahas\u00f5bralik ja pehme kangas on parim valik perele, s\u00f5pradele ja lastele.<\/li>\n<li><strong>Suurus:<\/strong>\u00a0Suur (16 \u00d7 16 tolli | 41 x 41 cm), keskmine (10 \u00d7 10 tolli | 25 x 25 cm)<\/li>\n<\/ul>","protected":false},"featured_media":3744,"comment_status":"open","ping_status":"closed","template":"","meta":[],"product_brand":[],"product_cat":[231],"product_tag":[],"class_list":{"0":"post-3754","1":"product","2":"type-product","3":"status-publish","4":"has-post-thumbnail","6":"product_cat-throw-pillows","8":"first","9":"instock","10":"shipping-taxable","11":"purchasable","12":"product-type-variable","13":"has-default-attributes"},"_links":{"self":[{"href":"https:\/\/www.largepillow.com\/et\/wp-json\/wp\/v2\/product\/3754","targetHints":{"allow":["GET"]}}],"collection":[{"href":"https:\/\/www.largepillow.com\/et\/wp-json\/wp\/v2\/product"}],"about":[{"href":"https:\/\/www.largepillow.com\/et\/wp-json\/wp\/v2\/types\/product"}],"replies":[{"embeddable":true,"href":"https:\/\/www.largepillow.com\/et\/wp-json\/wp\/v2\/comments?post=3754"}],"wp:featuredmedia":[{"embeddable":true,"href":"https:\/\/www.largepillow.com\/et\/wp-json\/wp\/v2\/media\/3744"}],"wp:attachment":[{"href":"https:\/\/www.largepillow.com\/et\/wp-json\/wp\/v2\/media?parent=3754"}],"wp:term":[{"taxonomy":"product_brand","embeddable":true,"href":"https:\/\/www.largepillow.com\/et\/wp-json\/wp\/v2\/product_brand?post=3754"},{"taxonomy":"product_cat","embeddable":true,"href":"https:\/\/www.largepillow.com\/et\/wp-json\/wp\/v2\/product_cat?post=3754"},{"taxonomy":"product_tag","embeddable":true,"href":"https:\/\/www.largepillow.com\/et\/wp-json\/wp\/v2\/product_tag?post=3754"}],"curies":[{"name":"wp","href":"https:\/\/api.w.org\/{rel}","templated":true}]}}