{"id":3792,"date":"2024-09-03T04:31:56","date_gmt":"2024-09-03T04:31:56","guid":{"rendered":"https:\/\/www.largepillow.com\/product\/y-shaped-reading-pillow-with-arm-rests-memory-foam-support"},"modified":"2025-05-05T18:57:03","modified_gmt":"2025-05-05T18:57:03","slug":"y-kujuline-lugemispadi-kaetugedega-maluvahust-toega","status":"publish","type":"product","link":"https:\/\/www.largepillow.com\/et\/product\/y-shaped-reading-pillow-with-arm-rests-memory-foam-support","title":{"rendered":"Y-kujuline lugemispadi k\u00e4etugede ja m\u00e4luvahust toega"},"content":{"rendered":"[zc_getpagecontent mb=&#8221;mb_aplus&#8221; apid=&#8221;87&#8243;]\n","protected":false},"excerpt":{"rendered":"<ul>\n<li><strong>Innovatiivne disain:<\/strong> T\u00e4iustatud Y-kujuline lugemispadi t\u00e4iskasvanutele on uuendusliku disainiga, mis lisab p\u00f5hifunktsioonidele ka lamamisasendi. Oleme loonud k\u00e4te paigutusala, mis v\u00f5imaldab teil lamades k\u00e4ed l\u00e4bi lugemispadja liikuda. Olenemata sellest, kas loete, \u00f5pite v\u00f5i m\u00e4ngite mobiiltelefoniga, tunnete end l\u00f5dvestunult ja kaelavalu on minimaalne. Saate igal ajal mugavasse asendisse l\u00fclituda.<\/li>\n<li><strong>Maksimaalne mugavus:<\/strong> Selle seljatoepadja kumer disain kohandub teie keha loomulike k\u00f5verustega, pakkudes erakordset mugavust ja tuge teie seljale, v\u00f6\u00f6kohale ja kaelale. Olenemata sellest, kas loete, vaatate telekat v\u00f5i t\u00f6\u00f6tate, tagab see padi mugavama kogemuse.<\/li>\n<li><strong>Mitmeotstarbeline tugi:<\/strong> See mitmek\u00fclgne padi pakub igak\u00fclgset tuge teie kaelale, seljale, v\u00f6\u00f6kohale ja jalgadele. Seda saab kasutada seljatoe padjana, n\u00e4oga allapoole padjana, voodi kiilpadjana ja jalapadjana, mis teeb sellest suurep\u00e4rase valiku mitmesuguste tegevuste ja tervisevajaduste jaoks.<\/li>\n<li><strong>Kvaliteetsed materjalid:<\/strong> See padi on valmistatud suure tihedusega ja aeglaselt taastuvast m\u00e4luvahust, mis pakub stabiilset tuge, s\u00e4ilitades samal ajal oma algse kuju ja tiheduse. See taastab oma t\u00e4ieliku kuju 24\u201348 tunni jooksul p\u00e4rast kokkusurumist saatmisse.<\/li>\n<li><strong>Lihtne puhastada:<\/strong> Eemaldatav padjap\u00fc\u00fcr on valmistatud pehmest ja mugavast v\u00f5rkkangast, mis muudab selle vastupidavaks ja kergesti puhastatavaks. Kui vajate pesemist, avage padjap\u00fc\u00fcri lukk ja v\u00f5tke see m\u00e4luvahust padjast v\u00e4lja.<\/li>\n<\/ul>","protected":false},"featured_media":3784,"comment_status":"open","ping_status":"closed","template":"","meta":[],"product_brand":[],"product_cat":[228],"product_tag":[],"class_list":{"0":"post-3792","1":"product","2":"type-product","3":"status-publish","4":"has-post-thumbnail","6":"product_cat-cushions","8":"first","9":"instock","10":"shipping-taxable","11":"purchasable","12":"product-type-variable","13":"has-default-attributes"},"_links":{"self":[{"href":"https:\/\/www.largepillow.com\/et\/wp-json\/wp\/v2\/product\/3792","targetHints":{"allow":["GET"]}}],"collection":[{"href":"https:\/\/www.largepillow.com\/et\/wp-json\/wp\/v2\/product"}],"about":[{"href":"https:\/\/www.largepillow.com\/et\/wp-json\/wp\/v2\/types\/product"}],"replies":[{"embeddable":true,"href":"https:\/\/www.largepillow.com\/et\/wp-json\/wp\/v2\/comments?post=3792"}],"wp:featuredmedia":[{"embeddable":true,"href":"https:\/\/www.largepillow.com\/et\/wp-json\/wp\/v2\/media\/3784"}],"wp:attachment":[{"href":"https:\/\/www.largepillow.com\/et\/wp-json\/wp\/v2\/media?parent=3792"}],"wp:term":[{"taxonomy":"product_brand","embeddable":true,"href":"https:\/\/www.largepillow.com\/et\/wp-json\/wp\/v2\/product_brand?post=3792"},{"taxonomy":"product_cat","embeddable":true,"href":"https:\/\/www.largepillow.com\/et\/wp-json\/wp\/v2\/product_cat?post=3792"},{"taxonomy":"product_tag","embeddable":true,"href":"https:\/\/www.largepillow.com\/et\/wp-json\/wp\/v2\/product_tag?post=3792"}],"curies":[{"name":"wp","href":"https:\/\/api.w.org\/{rel}","templated":true}]}}